{"id":45182,"date":"2024-02-16T05:08:30","date_gmt":"2024-02-16T05:08:30","guid":{"rendered":"https:\/\/e.kosmolat.eu\/product\/vannas-sals-skujas-500-g\/"},"modified":"2026-04-23T09:20:58","modified_gmt":"2026-04-23T09:20:58","slug":"vannas-sals-skujas-500-g","status":"publish","type":"product","link":"https:\/\/e.kosmolat.eu\/lt\/produktas\/vannas-sals-skujas-500-g\/","title":{"rendered":"Nat\u016brali j\u016bros druska voniai Spygliuo\u010diai, 500 g"},"content":{"rendered":"<p>J\u016bros druskos vonios yra puikus b\u016bdas atsipalaiduoti. Tokios vonios privalumas yra jos poveikis odai &ndash; valantis ir gerinantis jos i&scaron;vaizd\u0105, i&scaron;laikant ger\u0105 b\u016bkl\u0119.<\/p>\n<p>Juodosios j\u016bros vonios druskoje su pu&scaron;ies koncentratu (nat\u016bralaus egl\u0117s aliejaus) yra laki\u0173j\u0173 fitoncid\u0173, aktyvi\u0173 makroelement\u0173 ir mikroelement\u0173 komplekso. Priemon\u0117 turi pu&scaron;yno aromat\u0105 ir yra puiki higienin\u0117 bei tonizuojanti odos prie\u017ei\u016bros priemon\u0117. Maudyn\u0117s vonioje su j\u016bros druska ir egl\u0117s aliejumi sustiprins od\u0105, pagerins jos apsaugin\u0119 funkcij\u0105, pa&scaron;alins nuovarg\u012f, atgaivins.<\/p>\n<p><strong>Naudojimas: <\/strong>Maudytis 150 g druskos (6 &scaron;auk&scaron;tus) i&scaron;tirpinkite 37-38&deg;C vandens temperat\u016bros vonioje. Vonios trukm\u0117 10-15 minu\u010di\u0173.<\/p>\n","protected":false},"excerpt":{"rendered":"<p>J\u016bros druskos vonios yra puikus b\u016bdas atsipalaiduoti. Tokios vonios privalumas yra jos poveikis odai &ndash; valantis ir gerinantis jos i&scaron;vaizd\u0105, i&scaron;laikant ger\u0105 b\u016bkl\u0119. Juodosios j\u016bros vonios druskoje su pu&scaron;ies koncentratu (nat\u016bralaus egl\u0117s aliejaus) yra laki\u0173j\u0173 fitoncid\u0173, aktyvi\u0173 makroelement\u0173 ir mikroelement\u0173 komplekso. Priemon\u0117 turi pu&scaron;yno aromat\u0105 ir yra puiki higienin\u0117 bei tonizuojanti odos prie\u017ei\u016bros priemon\u0117. Maudyn\u0117s [&#8230;]\n","protected":false},"featured_media":78750,"template":"","meta":[],"product_cat":[2181],"product_tag":[],"class_list":{"0":"post-45182","1":"product","2":"type-product","3":"status-publish","4":"has-post-thumbnail","6":"product_brand-aqua-cosmetics_ua-lt","7":"product_cat-bez-kategorijas-lt","9":"first","10":"instock","11":"taxable","12":"shipping-taxable","13":"product-type-simple"},"_links":{"self":[{"href":"https:\/\/e.kosmolat.eu\/lt\/wp-json\/wp\/v2\/product\/45182","targetHints":{"allow":["GET"]}}],"collection":[{"href":"https:\/\/e.kosmolat.eu\/lt\/wp-json\/wp\/v2\/product"}],"about":[{"href":"https:\/\/e.kosmolat.eu\/lt\/wp-json\/wp\/v2\/types\/product"}],"wp:featuredmedia":[{"embeddable":true,"href":"https:\/\/e.kosmolat.eu\/lt\/wp-json\/wp\/v2\/media\/78750"}],"wp:attachment":[{"href":"https:\/\/e.kosmolat.eu\/lt\/wp-json\/wp\/v2\/media?parent=45182"}],"wp:term":[{"taxonomy":"product_cat","embeddable":true,"href":"https:\/\/e.kosmolat.eu\/lt\/wp-json\/wp\/v2\/product_cat?post=45182"},{"taxonomy":"product_tag","embeddable":true,"href":"https:\/\/e.kosmolat.eu\/lt\/wp-json\/wp\/v2\/product_tag?post=45182"}],"curies":[{"name":"wp","href":"https:\/\/api.w.org\/{rel}","templated":true}]}}