{"id":45174,"date":"2024-02-16T05:08:04","date_gmt":"2024-02-16T05:08:04","guid":{"rendered":"https:\/\/e.kosmolat.eu\/product\/lb-smaganu-skalos-lidz-ar-ciedru-riekstu-ellu-salvijas-ekstr-400-ml\/"},"modified":"2025-09-19T15:20:14","modified_gmt":"2025-09-19T15:20:14","slug":"lb-smaganu-skalos-lidz-ar-ciedru-riekstu-ellu-salvijas-ekstr-400-ml","status":"publish","type":"product","link":"https:\/\/e.kosmolat.eu\/lt\/produktas\/lb-smaganu-skalos-lidz-ar-ciedru-riekstu-ellu-salvijas-ekstr-400-ml\/","title":{"rendered":"LESNOJ BALZAM Dant\u0173 skalavimo skystis su kedro rie\u0161ut\u0173 ir \u0161alavij\u0173 ekstraktu, 400 ml"},"content":{"rendered":"<p>Spygliuo\u010di\u0173 kompleksas, praturtintas sak\u0173, ir kadagi\u0173 ekstraktu, suma\u017eina bakterij\u0173 kiek\u012f mink\u0161tuosiuose burnos ertm\u0117s audiniuose. Kedr\u0173 rie\u0161ut\u0173 aliejus ir \u0161alavij\u0173 ekstraktas turi stipr\u0173 prie\u0161u\u017edegimin\u012f poveik\u012f. Patentuota \u017eoleli\u0173 nuoviro formul\u0117 palaiko nat\u016brali\u0105 burnos ertm\u0117s mikroflor\u0105.<\/p>\n<p><strong>Naudojimas:<\/strong> u\u017epildykite dangtel\u012f skalavimo priemone. Kruop\u0161\u010diai skalaukite burn\u0105 30 sekund\u017ei\u0173. Skalauti po dant\u0173 pastos naudokite po valgio ir kiekvieno dant\u0173 valymo bent du kartus per dien\u0105.<\/p>\n<p>Sud\u0117tyje yra natrio fluorido. Nenuryti. Fluorid\u0173 mas\u0117s dalis 0,02%. Nenaudoti jaunesniems nei 6 met\u0173 vaikams, nebent specialiai nurod\u0117 odontologas. D\u0117l nat\u016brali\u0173 ingredient\u0173 kiekio gali atsirasti nedideli\u0173 nuos\u0117d\u0173. Tai neturi \u012ftakos gaminio kokybei ir saugai. Nenaudoti maistui. Produkto naudojimas neatleid\u017eia nuo apsilankymo pas odontolog\u0105. Ne vaistas.<br \/>\n&nbsp;<\/p>\n","protected":false},"excerpt":{"rendered":"<p>Spygliuo\u010di\u0173 kompleksas, praturtintas sak\u0173, ir kadagi\u0173 ekstraktu, suma\u017eina bakterij\u0173 kiek\u012f mink\u0161tuosiuose burnos ertm\u0117s audiniuose. Kedr\u0173 rie\u0161ut\u0173 aliejus ir \u0161alavij\u0173 ekstraktas turi stipr\u0173 prie\u0161u\u017edegimin\u012f poveik\u012f. Patentuota \u017eoleli\u0173 nuoviro formul\u0117 palaiko nat\u016brali\u0105 burnos ertm\u0117s mikroflor\u0105. Naudojimas: u\u017epildykite dangtel\u012f skalavimo priemone. Kruop\u0161\u010diai skalaukite burn\u0105 30 sekund\u017ei\u0173. Skalauti po dant\u0173 pastos naudokite po valgio ir kiekvieno dant\u0173 valymo bent [&#8230;]\n","protected":false},"featured_media":78646,"template":"","meta":[],"product_cat":[1313],"product_tag":[],"class_list":{"0":"post-45174","1":"product","2":"type-product","3":"status-publish","4":"has-post-thumbnail","6":"product_brand-unilever-rus-lt","7":"product_cat-burnos-skalavimo-priemones","9":"first","10":"outofstock","11":"taxable","12":"shipping-taxable","13":"product-type-simple"},"_links":{"self":[{"href":"https:\/\/e.kosmolat.eu\/lt\/wp-json\/wp\/v2\/product\/45174","targetHints":{"allow":["GET"]}}],"collection":[{"href":"https:\/\/e.kosmolat.eu\/lt\/wp-json\/wp\/v2\/product"}],"about":[{"href":"https:\/\/e.kosmolat.eu\/lt\/wp-json\/wp\/v2\/types\/product"}],"wp:featuredmedia":[{"embeddable":true,"href":"https:\/\/e.kosmolat.eu\/lt\/wp-json\/wp\/v2\/media\/78646"}],"wp:attachment":[{"href":"https:\/\/e.kosmolat.eu\/lt\/wp-json\/wp\/v2\/media?parent=45174"}],"wp:term":[{"taxonomy":"product_cat","embeddable":true,"href":"https:\/\/e.kosmolat.eu\/lt\/wp-json\/wp\/v2\/product_cat?post=45174"},{"taxonomy":"product_tag","embeddable":true,"href":"https:\/\/e.kosmolat.eu\/lt\/wp-json\/wp\/v2\/product_tag?post=45174"}],"curies":[{"name":"wp","href":"https:\/\/api.w.org\/{rel}","templated":true}]}}