{"id":45170,"date":"2024-02-16T05:07:42","date_gmt":"2024-02-16T05:07:42","guid":{"rendered":"https:\/\/e.kosmolat.eu\/product\/7d-mbw-atjaun-pilinga-diski-sejai-ahabhaphalha-50-gab-150-ml\/"},"modified":"2025-09-20T00:39:02","modified_gmt":"2025-09-20T00:39:02","slug":"7d-mbw-atjaun-pilinga-diski-sejai-ahabhaphalha-50-gab-150-ml","status":"publish","type":"product","link":"https:\/\/e.kosmolat.eu\/lt\/produktas\/7d-mbw-atjaun-pilinga-diski-sejai-ahabhaphalha-50-gab-150-ml\/","title":{"rendered":"7DAYS MY BEAUTY WEEK Veido pilingo diskeliai AHA+BHA+PHA+LHA, 50 vnt, 150 ml"},"content":{"rendered":"<p>Sud\u0117tyje yra AHA+BHA+PHA+LHA r\u016bg&scaron;\u010di\u0173 kompleksas ir niacinamido &scaron;velniam &scaron;veitimui, intensyviam dr\u0117kinimui ir odos tekst\u016bros i&scaron;lyginimui.<\/p>\n<p>1. AHA r\u016bg&scaron;tys pradeda atsinaujinimo procesus, nu&scaron;vei\u010dia ir tirpdo negyvas odos l\u0105steles.<br \/>\n2. BHA r\u016bg&scaron;tys padeda i&scaron;vengti u\u017edegim\u0173, spuog\u0173 ir ink&scaron;tir\u0173, sutraukia poras ir matina od\u0105.<br \/>\n3. PHA r\u016bg&scaron;tys prisideda prie vandens balanso ir apsauginio odos barjero atk\u016brimo.<br \/>\n4. LHA r\u016bg&scaron;tys i&scaron;lygina odos atspalv\u012f ir mikroreljef\u0105. Niacinamidas dr\u0117kina ir gerina odos elastingum\u0105.<\/p>\n<p><strong>Atsargumo priemon\u0117s: <\/strong>Tik i&scaron;oriniam naudojimui. Nenaudokite to paties disko du kartus. Vengti patekimo \u012f akis. Patekus \u012f akis, nedelsiant praplauti dideliu kiekiu vandens ir, jei reikia, kreiptis \u012f gydytoj\u0105. Nenaudoti ant pa\u017eeistos odos. Nenaudoti esant padid\u0117jusiam jautrumui bet kuriai produkto sudedamajai daliai. Nustokite naudoti, jei atsiranda dirginimas. Saugoti nuo vaik\u0173. Laikyti nuo +5 &deg;C iki +25 &deg;C temperat\u016broje. Panaudoj\u0119 pilingo diskelius, venkite tiesiogini\u0173 saul\u0117s spinduli\u0173, naudokite krem\u0105 nuo saul\u0117s (SPF &ge;30).<\/p>\n<p><strong>Naudojimas:<\/strong> &scaron;velniai nuvalykite veido od\u0105 sukamaisiais judesiais reljefine pilingo diskelio puse, ypating\u0105 d\u0117mes\u012f skirdami problemin\u0117ms vietoms ir T zonai. Nereikia nuplauti.<br \/>\n&nbsp;<\/p>\n","protected":false},"excerpt":{"rendered":"<p>Sud\u0117tyje yra AHA+BHA+PHA+LHA r\u016bg&scaron;\u010di\u0173 kompleksas ir niacinamido &scaron;velniam &scaron;veitimui, intensyviam dr\u0117kinimui ir odos tekst\u016bros i&scaron;lyginimui. 1. AHA r\u016bg&scaron;tys pradeda atsinaujinimo procesus, nu&scaron;vei\u010dia ir tirpdo negyvas odos l\u0105steles. 2. BHA r\u016bg&scaron;tys padeda i&scaron;vengti u\u017edegim\u0173, spuog\u0173 ir ink&scaron;tir\u0173, sutraukia poras ir matina od\u0105. 3. PHA r\u016bg&scaron;tys prisideda prie vandens balanso ir apsauginio odos barjero atk\u016brimo. 4. LHA [&#8230;]\n","protected":false},"featured_media":88202,"template":"","meta":[],"product_cat":[1396],"product_tag":[],"class_list":{"0":"post-45170","1":"product","2":"type-product","3":"status-publish","4":"has-post-thumbnail","6":"product_brand-7days_it-lt","7":"product_cat-veido-sveitikliai-ir-pilingai","9":"first","10":"outofstock","11":"taxable","12":"shipping-taxable","13":"product-type-simple"},"_links":{"self":[{"href":"https:\/\/e.kosmolat.eu\/lt\/wp-json\/wp\/v2\/product\/45170","targetHints":{"allow":["GET"]}}],"collection":[{"href":"https:\/\/e.kosmolat.eu\/lt\/wp-json\/wp\/v2\/product"}],"about":[{"href":"https:\/\/e.kosmolat.eu\/lt\/wp-json\/wp\/v2\/types\/product"}],"wp:featuredmedia":[{"embeddable":true,"href":"https:\/\/e.kosmolat.eu\/lt\/wp-json\/wp\/v2\/media\/88202"}],"wp:attachment":[{"href":"https:\/\/e.kosmolat.eu\/lt\/wp-json\/wp\/v2\/media?parent=45170"}],"wp:term":[{"taxonomy":"product_cat","embeddable":true,"href":"https:\/\/e.kosmolat.eu\/lt\/wp-json\/wp\/v2\/product_cat?post=45170"},{"taxonomy":"product_tag","embeddable":true,"href":"https:\/\/e.kosmolat.eu\/lt\/wp-json\/wp\/v2\/product_tag?post=45170"}],"curies":[{"name":"wp","href":"https:\/\/api.w.org\/{rel}","templated":true}]}}