{"id":45166,"date":"2024-02-16T05:07:26","date_gmt":"2024-02-16T05:07:26","guid":{"rendered":"https:\/\/e.kosmolat.eu\/product\/7d-mbw-dzili-attirosi-pilinga-diski-sejai-bhacica-50-gab-150-ml\/"},"modified":"2025-09-20T00:38:18","modified_gmt":"2025-09-20T00:38:18","slug":"7d-mbw-dzili-attirosi-pilinga-diski-sejai-bhacica-50-gab-150-ml","status":"publish","type":"product","link":"https:\/\/e.kosmolat.eu\/lt\/produktas\/7d-mbw-dzili-attirosi-pilinga-diski-sejai-bhacica-50-gab-150-ml\/","title":{"rendered":"7DAYS MY BEAUTY WEEK veido giluminio \u0161veitim- pilingo diskeliai BHA+CICA, 50 vnt, 150 ml"},"content":{"rendered":"<p>Sud\u0117tyje yra centella asiatica ekstrakto kompleksas, salicilo r\u016bg&scaron;tis ir arbatmed\u017ei\u0173 sultys matuoja, siaurina poras, naikina spuogus ir ink&scaron;tirus.<\/p>\n<p>Salicilo r\u016bg&scaron;tis tirpdo negyvas odos l\u0105steles, normalizuoja riebal\u0173 gamyb\u0105, naikina spuogus ir ink&scaron;tirus, i&scaron;lygina tonus\u0105, matina od\u0105. Centella Asiatica ir arbatmed\u017ei\u0173 sultys pasi\u017eymi kompleksiniu raminamuoju ir mink&scaron;tinamuoju poveikiu, sugr\u0105\u017eina odai sveik\u0105 ir spindin\u010di\u0105 i&scaron;vaizd\u0105.<\/p>\n<p><strong>Atsargumo priemon\u0117s: <\/strong>Tik i&scaron;oriniam naudojimui. Nenaudokite to paties diskelio du kartus. Vengti patekimo \u012f akis. Patekus \u012f akis, nedelsiant praplauti dideliu kiekiu vandens ir, jei reikia, kreiptis \u012f gydytoj\u0105. Nenaudoti ant pa\u017eeistos odos. Nenaudoti esant padid\u0117jusiam jautrumui bet kuriai produkto sudedamajai daliai. Nustokite naudoti, jei atsiranda dirginimas. Saugoti nuo vaik\u0173. Laikyti nuo +5 &deg;C iki +25 &deg;C temperat\u016broje. Panaudoj\u0119 pilingo diskelius, venkite tiesiogini\u0173 saul\u0117s spinduli\u0173, naudokite krem\u0105 nuo saul\u0117s (SPF &ge;30).<\/p>\n<p><strong>Naudojimas: <\/strong>&scaron;velniai nuvalykite veido od\u0105 sukamaisiais judesiais reljefine pilingo diskelio puse, ypating\u0105 d\u0117mes\u012f skirdami problemin\u0117ms vietoms ir T zonai. Nereikia nuplauti.<\/p>\n","protected":false},"excerpt":{"rendered":"<p>Sud\u0117tyje yra centella asiatica ekstrakto kompleksas, salicilo r\u016bg&scaron;tis ir arbatmed\u017ei\u0173 sultys matuoja, siaurina poras, naikina spuogus ir ink&scaron;tirus. Salicilo r\u016bg&scaron;tis tirpdo negyvas odos l\u0105steles, normalizuoja riebal\u0173 gamyb\u0105, naikina spuogus ir ink&scaron;tirus, i&scaron;lygina tonus\u0105, matina od\u0105. Centella Asiatica ir arbatmed\u017ei\u0173 sultys pasi\u017eymi kompleksiniu raminamuoju ir mink&scaron;tinamuoju poveikiu, sugr\u0105\u017eina odai sveik\u0105 ir spindin\u010di\u0105 i&scaron;vaizd\u0105. Atsargumo priemon\u0117s: Tik [&#8230;]\n","protected":false},"featured_media":88190,"template":"","meta":[],"product_cat":[1396],"product_tag":[],"class_list":{"0":"post-45166","1":"product","2":"type-product","3":"status-publish","4":"has-post-thumbnail","6":"product_brand-7days_it-lt","7":"product_cat-veido-sveitikliai-ir-pilingai","9":"first","10":"outofstock","11":"taxable","12":"shipping-taxable","13":"product-type-simple"},"_links":{"self":[{"href":"https:\/\/e.kosmolat.eu\/lt\/wp-json\/wp\/v2\/product\/45166","targetHints":{"allow":["GET"]}}],"collection":[{"href":"https:\/\/e.kosmolat.eu\/lt\/wp-json\/wp\/v2\/product"}],"about":[{"href":"https:\/\/e.kosmolat.eu\/lt\/wp-json\/wp\/v2\/types\/product"}],"wp:featuredmedia":[{"embeddable":true,"href":"https:\/\/e.kosmolat.eu\/lt\/wp-json\/wp\/v2\/media\/88190"}],"wp:attachment":[{"href":"https:\/\/e.kosmolat.eu\/lt\/wp-json\/wp\/v2\/media?parent=45166"}],"wp:term":[{"taxonomy":"product_cat","embeddable":true,"href":"https:\/\/e.kosmolat.eu\/lt\/wp-json\/wp\/v2\/product_cat?post=45166"},{"taxonomy":"product_tag","embeddable":true,"href":"https:\/\/e.kosmolat.eu\/lt\/wp-json\/wp\/v2\/product_tag?post=45166"}],"curies":[{"name":"wp","href":"https:\/\/api.w.org\/{rel}","templated":true}]}}