{"id":45158,"date":"2024-02-16T05:06:49","date_gmt":"2024-02-16T05:06:49","guid":{"rendered":"https:\/\/e.kosmolat.eu\/product\/7d-mbw-sejas-pilinga-zeleja-jelly-80-ml\/"},"modified":"2025-08-12T13:31:49","modified_gmt":"2025-08-12T13:31:49","slug":"7d-mbw-sejas-pilinga-zeleja-jelly-80-ml","status":"publish","type":"product","link":"https:\/\/e.kosmolat.eu\/lt\/produktas\/7d-mbw-sejas-pilinga-zeleja-jelly-80-ml\/","title":{"rendered":"7DAYS MY BEAUTY WEEK Pilingas-gelis veidui Jelly, 80 ml"},"content":{"rendered":"<p>Pilingas gelis giliai valo, suteikia lengv\u0105 &scaron;veitim\u0105, leid\u017eia krem\u0173 ir serum\u0173 veikliosioms med\u017eiagoms geriau prasiskverbti \u012f od\u0105. Papajos nu&scaron;vei\u010dia negyvas odos l\u0105steles, vizualiai i&scaron;lygina odos tekst\u016br\u0105 ir tonus\u0105. Mangai dr\u0117kina, skaistina, atnaujina ir suteikia odai &scaron;vyt\u0117jimo. Persikai mink&scaron;tina, tonizuoja ir intensyviai maitina.<\/p>\n<p><strong>Naudojimas: <\/strong>tolygiai paskirstykite ant dr\u0117gnos odos, vengdami aki\u0173 srities. Lengvais sukamaisiais judesiais masa\u017euokite od\u0105 1-2 minutes, kol atsiras gabal\u0117li\u0173, ir kruop&scaron;\u010diai nuplaukite vandeniu. Tinka naudoti visais sezonais.&nbsp;<\/p>\n<p><strong>Atsargumo priemon\u0117s: <\/strong>Tik i&scaron;oriniam naudojimui. Vengti patekimo \u012f akis. Patekus \u012f akis, nedelsiant praplauti dideliu kiekiu vandens ir, jei reikia, kreiptis \u012f gydytoj\u0105. Netepkite ant pa\u017eeistos odos. Nenaudoti esant padid\u0117jusiam jautrumui bet kuriai produkto sudedamajai daliai. Nustokite naudoti, jei atsiranda dirginimas. Saugoti nuo vaik\u0173. Laikyti nuo +5 &deg;C iki +25 &deg;C temperat\u016broje.<br \/>\n&nbsp;<\/p>\n","protected":false},"excerpt":{"rendered":"<p>Pilingas gelis giliai valo, suteikia lengv\u0105 &scaron;veitim\u0105, leid\u017eia krem\u0173 ir serum\u0173 veikliosioms med\u017eiagoms geriau prasiskverbti \u012f od\u0105. Papajos nu&scaron;vei\u010dia negyvas odos l\u0105steles, vizualiai i&scaron;lygina odos tekst\u016br\u0105 ir tonus\u0105. Mangai dr\u0117kina, skaistina, atnaujina ir suteikia odai &scaron;vyt\u0117jimo. Persikai mink&scaron;tina, tonizuoja ir intensyviai maitina. Naudojimas: tolygiai paskirstykite ant dr\u0117gnos odos, vengdami aki\u0173 srities. Lengvais sukamaisiais judesiais masa\u017euokite [&#8230;]\n","protected":false},"featured_media":26835,"template":"","meta":[],"product_cat":[1396],"product_tag":[],"class_list":{"0":"post-45158","1":"product","2":"type-product","3":"status-publish","4":"has-post-thumbnail","6":"product_brand-7days_it-lt","7":"product_cat-veido-sveitikliai-ir-pilingai","9":"first","10":"outofstock","11":"taxable","12":"shipping-taxable","13":"product-type-simple"},"_links":{"self":[{"href":"https:\/\/e.kosmolat.eu\/lt\/wp-json\/wp\/v2\/product\/45158","targetHints":{"allow":["GET"]}}],"collection":[{"href":"https:\/\/e.kosmolat.eu\/lt\/wp-json\/wp\/v2\/product"}],"about":[{"href":"https:\/\/e.kosmolat.eu\/lt\/wp-json\/wp\/v2\/types\/product"}],"wp:featuredmedia":[{"embeddable":true,"href":"https:\/\/e.kosmolat.eu\/lt\/wp-json\/wp\/v2\/media\/26835"}],"wp:attachment":[{"href":"https:\/\/e.kosmolat.eu\/lt\/wp-json\/wp\/v2\/media?parent=45158"}],"wp:term":[{"taxonomy":"product_cat","embeddable":true,"href":"https:\/\/e.kosmolat.eu\/lt\/wp-json\/wp\/v2\/product_cat?post=45158"},{"taxonomy":"product_tag","embeddable":true,"href":"https:\/\/e.kosmolat.eu\/lt\/wp-json\/wp\/v2\/product_tag?post=45158"}],"curies":[{"name":"wp","href":"https:\/\/api.w.org\/{rel}","templated":true}]}}