{"id":45150,"date":"2024-02-16T05:06:31","date_gmt":"2024-02-16T05:06:31","guid":{"rendered":"https:\/\/e.kosmolat.eu\/product\/blyskavka-sport-apavu-tir-putas-universalas-150-ml\/"},"modified":"2026-05-07T16:07:35","modified_gmt":"2026-05-07T16:07:35","slug":"i_blyskavka-sport-apavu-tir-putas-universalas-150-ml","status":"publish","type":"product","link":"https:\/\/e.kosmolat.eu\/lt\/produktas\/i_blyskavka-sport-apavu-tir-putas-universalas-150-ml\/","title":{"rendered":"BLYSKAVKA SPORT Putos &#8211; valiklis baltiems batams Universalus, 150 ml"},"content":{"rendered":"<p>Produktas puikiai tinka odos gaminiams, eko odai, zom&scaron;ai, veli\u016brui, nubukui ir tekstil\u0117s med\u017eiagoms. Valymo putos efektyviai pa&scaron;alina \u012fvairaus tipo ne&scaron;varumus nuo bat\u0173 pavir&scaron;iaus ir pado. Nenaudokite ant plonos ir lakuotos odos, ar spalvot\u0173 daikt\u0173.<\/p>\n<p><strong>Naudojimas:<\/strong> purtykite buteliuk\u0105 3-5 sekundes. Kempine, &scaron;epet\u0117liu ar &scaron;varia &scaron;luoste u\u017etepkite put\u0173 ant gaminio pavir&scaron;iaus, &scaron;velniai patrinkite valom\u0105 pavir&scaron;i\u0173. Leiskite i&scaron;d\u017ei\u016bti. Naudodami stenkit\u0117s laikyti buteliuk\u0105 vertikaliai. Jei reikia, pakartokite apdorojim\u0105. Po d\u017eiovinimo apdoroti vandeniui atspariu impregnavimu. Naudojant zom&scaron;os gaminiams, po d\u017eiovinimo su&scaron;iau&scaron;kite &scaron;epe\u010diu.<\/p>\n<p>Laikyti sausoje, gerai v\u0117dinamoje patalpoje nuo 0&deg;C iki +35&deg;C temperat\u016broje, apsaugotoje nuo tiesiogini\u0173 saul\u0117s spinduli\u0173.<\/p>\n<p><strong>Geriausias: 5 <\/strong>metai nuo pagaminimo datos.<\/p>\n<p><strong>Sud\u0117tis: <\/strong>ma\u017eiau kaip, 5 % &nbsp;anijonini\u0173 &nbsp;aktyvi\u0173j\u0173 pavir&scaron;inio med\u017eiagos, ma\u017eiau kaip, 5 % &nbsp;nejonini\u0173 &nbsp;aktyvi\u0173j\u0173 pavir&scaron;inio med\u017eiagos, ma\u017eiau kaip 5 % &nbsp;EDTA ir jos drusk\u0173. Kvapai. Konservantas.<\/p>\n<p>&nbsp;<\/p>\n<p><strong><img decoding=\"async\" alt=\"\" src=\"file:\/\/\/C:\/Users\/masha\/Desktop\/GHS%2002.jpg\" style=\"height:40px; width:40px\" \/>GHS02 &nbsp;<img decoding=\"async\" alt=\"\" src=\"file:\/\/\/C:\/Users\/masha\/Desktop\/GHS07.png\" style=\"height:40px; width:40px\" \/>GHS07<\/strong>&nbsp;<strong>Atsargiai<\/strong><br \/>\n<strong>H226<\/strong> Deg\u016bs skystis ir garai.<br \/>\n<strong>H319 <\/strong>Sukelia smark\u0173 aki\u0173 dirginim\u0105.<\/p>\n<p>P102 Laikyti vaikams neprieinamoje vietoje<br \/>\nP210 Laikyti atokiau nuo &scaron;ilumos &scaron;altini\u0173, kar&scaron;t\u0173 pavir&scaron;i\u0173, \u017eie\u017eirb\u0173, atviros liepsnos arba kit\u0173 degimo &scaron;altini\u0173. Ner\u016bkyti.<br \/>\nP264 Po naudojimo kruop&scaron;\u010diai nuplaukite rankas<br \/>\nP280 M\u016bv\u0117ti apsaugines pir&scaron;tines\/d\u0117v\u0117ti apsauginius drabu\u017eius\/naudoti aki\u0173 (veido) apsaugos priemones.<br \/>\nP305+P351+P338 PATEKUS \u012e AKIS: Kelias minutes atsargiai plauti vandeniu. I&scaron;imti kontaktinius l\u0119&scaron;ius, jeigu jie yra ir jeigu lengvai galima tai padaryti. Toliau plauti akis.<br \/>\nP337+P313 Ja acu iekaisums nep\u0101riet: l\u016bdziet medi\u0137u pal\u012bdz\u012bbu<br \/>\nP303+P361+P358 PATEKUS ANT ODOS (arba plauk\u0173): nedelsiant nuvilkti visus u\u017eter&scaron;tus drabu\u017eius. Od\u0105 nuplauti vandeniu [arba \u010diurk&scaron;le].<br \/>\nP410+P235 Laikyti gerai v\u0117dinamoje vietoje. Laikyti v\u0117sioje vietoje.<br \/>\n&nbsp;<\/p>\n","protected":false},"excerpt":{"rendered":"<p>Produktas puikiai tinka odos gaminiams, eko odai, zom&scaron;ai, veli\u016brui, nubukui ir tekstil\u0117s med\u017eiagoms. Valymo putos efektyviai pa&scaron;alina \u012fvairaus tipo ne&scaron;varumus nuo bat\u0173 pavir&scaron;iaus ir pado. Nenaudokite ant plonos ir lakuotos odos, ar spalvot\u0173 daikt\u0173. Naudojimas: purtykite buteliuk\u0105 3-5 sekundes. Kempine, &scaron;epet\u0117liu ar &scaron;varia &scaron;luoste u\u017etepkite put\u0173 ant gaminio pavir&scaron;iaus, &scaron;velniai patrinkite valom\u0105 pavir&scaron;i\u0173. Leiskite i&scaron;d\u017ei\u016bti. [&#8230;]\n","protected":false},"featured_media":91006,"template":"","meta":[],"product_cat":[1731],"product_tag":[],"class_list":{"0":"post-45150","1":"product","2":"type-product","3":"status-publish","4":"has-post-thumbnail","6":"product_brand-blyskavka_ua-lt","7":"product_cat-batu-valymo-priemones-ir-priedai","9":"first","10":"instock","11":"taxable","12":"shipping-taxable","13":"product-type-simple"},"_links":{"self":[{"href":"https:\/\/e.kosmolat.eu\/lt\/wp-json\/wp\/v2\/product\/45150","targetHints":{"allow":["GET"]}}],"collection":[{"href":"https:\/\/e.kosmolat.eu\/lt\/wp-json\/wp\/v2\/product"}],"about":[{"href":"https:\/\/e.kosmolat.eu\/lt\/wp-json\/wp\/v2\/types\/product"}],"wp:featuredmedia":[{"embeddable":true,"href":"https:\/\/e.kosmolat.eu\/lt\/wp-json\/wp\/v2\/media\/91006"}],"wp:attachment":[{"href":"https:\/\/e.kosmolat.eu\/lt\/wp-json\/wp\/v2\/media?parent=45150"}],"wp:term":[{"taxonomy":"product_cat","embeddable":true,"href":"https:\/\/e.kosmolat.eu\/lt\/wp-json\/wp\/v2\/product_cat?post=45150"},{"taxonomy":"product_tag","embeddable":true,"href":"https:\/\/e.kosmolat.eu\/lt\/wp-json\/wp\/v2\/product_tag?post=45150"}],"curies":[{"name":"wp","href":"https:\/\/api.w.org\/{rel}","templated":true}]}}