{"id":45098,"date":"2024-02-16T05:04:18","date_gmt":"2024-02-16T05:04:18","guid":{"rendered":"https:\/\/e.kosmolat.eu\/product\/i_shelley-roku-un-kermena-losjons-bagatigais-kakao-sviests-500-ml\/"},"modified":"2025-01-28T11:12:06","modified_gmt":"2025-01-28T11:12:06","slug":"i_shelley-roku-un-kermena-losjons-bagatigais-kakao-sviests-500-ml","status":"publish","type":"product","link":"https:\/\/e.kosmolat.eu\/lt\/produktas\/i_shelley-roku-un-kermena-losjons-bagatigais-kakao-sviests-500-ml\/","title":{"rendered":"I_SHELLEY Rank\u0173 ir k\u016bno losjonas prisotintas kakavos sviestu, 500 ml"},"content":{"rendered":"<p>Kakavos sviesto maitinamasis rank\u0173 ir k\u016bno losjonas skirtas kasdienei sausos odos prie\u017ei\u016brai, tod\u0117l ji atrodo glotni ir sveika. Lengvai \u012fsigeria \u012f od\u0105 nepalikdamas riebumo poj\u016b\u010dio. &Scaron;is kreminis maitinamasis dr\u0117kinamasis losjonas, praturtintas kakavos sviestu, padeda j\u016bs\u0173 odai jaustis \u0161velniai, lygiai ir \u0161vytin\u010diai. Idealiai tinka naudoti ant viso k\u016bno.<\/p>\n<p><strong>Naudojimas:<\/strong> Tepkite ant \u0161varios, sausos odos ir gerai \u012fmasa\u017euokite.<\/p>\n","protected":false},"excerpt":{"rendered":"<p>Kakavos sviesto maitinamasis rank\u0173 ir k\u016bno losjonas skirtas kasdienei sausos odos prie\u017ei\u016brai, tod\u0117l ji atrodo glotni ir sveika. Lengvai \u012fsigeria \u012f od\u0105 nepalikdamas riebumo poj\u016b\u010dio. &Scaron;is kreminis maitinamasis dr\u0117kinamasis losjonas, praturtintas kakavos sviestu, padeda j\u016bs\u0173 odai jaustis \u0161velniai, lygiai ir \u0161vytin\u010diai. Idealiai tinka naudoti ant viso k\u016bno. Naudojimas: Tepkite ant \u0161varios, sausos odos ir gerai [&#8230;]\n","protected":false},"featured_media":45100,"template":"","meta":[],"product_cat":[1390],"product_tag":[],"class_list":{"0":"post-45098","1":"product","2":"type-product","3":"status-publish","4":"has-post-thumbnail","6":"product_brand-statestrong_gb-lt","7":"product_cat-kremai-aliejai-kuno-pienelis","9":"first","10":"outofstock","11":"taxable","12":"shipping-taxable","13":"product-type-simple"},"_links":{"self":[{"href":"https:\/\/e.kosmolat.eu\/lt\/wp-json\/wp\/v2\/product\/45098","targetHints":{"allow":["GET"]}}],"collection":[{"href":"https:\/\/e.kosmolat.eu\/lt\/wp-json\/wp\/v2\/product"}],"about":[{"href":"https:\/\/e.kosmolat.eu\/lt\/wp-json\/wp\/v2\/types\/product"}],"wp:featuredmedia":[{"embeddable":true,"href":"https:\/\/e.kosmolat.eu\/lt\/wp-json\/wp\/v2\/media\/45100"}],"wp:attachment":[{"href":"https:\/\/e.kosmolat.eu\/lt\/wp-json\/wp\/v2\/media?parent=45098"}],"wp:term":[{"taxonomy":"product_cat","embeddable":true,"href":"https:\/\/e.kosmolat.eu\/lt\/wp-json\/wp\/v2\/product_cat?post=45098"},{"taxonomy":"product_tag","embeddable":true,"href":"https:\/\/e.kosmolat.eu\/lt\/wp-json\/wp\/v2\/product_tag?post=45098"}],"curies":[{"name":"wp","href":"https:\/\/api.w.org\/{rel}","templated":true}]}}