{"id":45090,"date":"2024-02-16T05:04:03","date_gmt":"2024-02-16T05:04:03","guid":{"rendered":"https:\/\/e.kosmolat.eu\/product\/i_shelley-roku-un-kermena-losjons-alvejas-svaigums-500-ml\/"},"modified":"2025-05-12T05:32:41","modified_gmt":"2025-05-12T05:32:41","slug":"i_shelley-roku-un-kermena-losjons-alvejas-svaigums-500-ml","status":"publish","type":"product","link":"https:\/\/e.kosmolat.eu\/lt\/produktas\/i_shelley-roku-un-kermena-losjons-alvejas-svaigums-500-ml\/","title":{"rendered":"I_SHELLEY Losjonas rankoms ir k\u016bnui Alavij\u0173 gaivumas, 500 ml"},"content":{"rendered":"<p>Maitinamasis rank\u0173 ir k\u016bno losjonas su alavijais skirtas kasdienei sausos odos prie\u017ei\u016brai, tod\u0117l ji atrodo kaip \u0161ilkin\u0117 lygi ir sveika. Lengvai \u012fsigeria \u012f od\u0105 nepalikdamas riebumo poj\u016b\u010dio. Losjone esantis alavijas nuramina i\u0161saus\u0117jusi\u0105, sudirgusi\u0105 od\u0105, atjaunina j\u0105, dr\u0117kina ir lygina. Idealiai tinka naudoti ant viso k\u016bno.<\/p>\n<p><strong>Naudojimas:<\/strong> Tepkite ant \u0161varios, sausos odos ir gerai \u012fmasa\u017euokite.<\/p>\n","protected":false},"excerpt":{"rendered":"<p>Maitinamasis rank\u0173 ir k\u016bno losjonas su alavijais skirtas kasdienei sausos odos prie\u017ei\u016brai, tod\u0117l ji atrodo kaip \u0161ilkin\u0117 lygi ir sveika. Lengvai \u012fsigeria \u012f od\u0105 nepalikdamas riebumo poj\u016b\u010dio. Losjone esantis alavijas nuramina i\u0161saus\u0117jusi\u0105, sudirgusi\u0105 od\u0105, atjaunina j\u0105, dr\u0117kina ir lygina. Idealiai tinka naudoti ant viso k\u016bno. Naudojimas: Tepkite ant \u0161varios, sausos odos ir gerai \u012fmasa\u017euokite.<\/p>\n","protected":false},"featured_media":45092,"template":"","meta":[],"product_cat":[1390],"product_tag":[],"class_list":{"0":"post-45090","1":"product","2":"type-product","3":"status-publish","4":"has-post-thumbnail","6":"product_brand-statestrong_gb-lt","7":"product_cat-kremai-aliejai-kuno-pienelis","9":"first","10":"outofstock","11":"taxable","12":"shipping-taxable","13":"product-type-simple"},"_links":{"self":[{"href":"https:\/\/e.kosmolat.eu\/lt\/wp-json\/wp\/v2\/product\/45090","targetHints":{"allow":["GET"]}}],"collection":[{"href":"https:\/\/e.kosmolat.eu\/lt\/wp-json\/wp\/v2\/product"}],"about":[{"href":"https:\/\/e.kosmolat.eu\/lt\/wp-json\/wp\/v2\/types\/product"}],"wp:featuredmedia":[{"embeddable":true,"href":"https:\/\/e.kosmolat.eu\/lt\/wp-json\/wp\/v2\/media\/45092"}],"wp:attachment":[{"href":"https:\/\/e.kosmolat.eu\/lt\/wp-json\/wp\/v2\/media?parent=45090"}],"wp:term":[{"taxonomy":"product_cat","embeddable":true,"href":"https:\/\/e.kosmolat.eu\/lt\/wp-json\/wp\/v2\/product_cat?post=45090"},{"taxonomy":"product_tag","embeddable":true,"href":"https:\/\/e.kosmolat.eu\/lt\/wp-json\/wp\/v2\/product_tag?post=45090"}],"curies":[{"name":"wp","href":"https:\/\/api.w.org\/{rel}","templated":true}]}}