{"id":45078,"date":"2024-02-16T05:03:33","date_gmt":"2024-02-16T05:03:33","guid":{"rendered":"https:\/\/e.kosmolat.eu\/product\/7d-mbw-davanu-kompl-lets-get-update-sej-kremsserums-pilings\/"},"modified":"2025-03-04T12:31:12","modified_gmt":"2025-03-04T12:31:12","slug":"7d-mbw-davanu-kompl-lets-get-update-sej-kremsserums-pilings","status":"publish","type":"product","link":"https:\/\/e.kosmolat.eu\/lt\/produktas\/7d-mbw-davanu-kompl-lets-get-update-sej-kremsserums-pilings\/","title":{"rendered":"7DAYS MY BEAUTY WEEK RINKINYS Let&#8217;s get update"},"content":{"rendered":"<p><strong>1. 7DAYS MY BEAUTY WEEK Atkuriamasis veido kremas su pantenoliu Peach Velvet, 50 ml<\/strong><br \/>\nVeido kremas &#8211; intensyvus dr\u0117kinimas, mityba ir atstatymas. Aliej\u0173 ir kolageno kompleksas maitina, mink\u0161tina, suteikia stangrumo ir elastingumo. Pantenolis atkuria, ramina ir transformuoja od\u0105. Tropiniai vaisiai kovoja su netobulumais ir i\u0161lygina odos atspalv\u012f.<\/p>\n<p><strong>Naudojimas:<\/strong> \u0161velniais masa\u017eo judesiais tepkite produkt\u0105 ant nuvalytos odos, palaukite, kol visi\u0161kai \u012fsigers.<\/p>\n<p><strong>Atsargumo priemon\u0117s: <\/strong>Tik i\u0161oriniam naudojimui. Vengti patekimo \u012f akis. Patekus \u012f akis, nedelsiant praplauti dideliu kiekiu vandens ir, jei reikia, kreiptis \u012f gydytoj\u0105. Netepkite ant pa\u017eeistos odos. Nenaudoti esant padid\u0117jusiam jautrumui bet kuriai produkto sudedamajai daliai. Nustokite naudoti, jei atsiranda dirginimas. Saugoti nuo vaik\u0173. Laikyti nuo +5 &deg;C iki +25 &deg;C temperat\u016broje.<\/p>\n<p><strong>2. 7DAYS MY BEAUTY WEEK AHA+BHA \u0161vei\u010diamasis serumas, 20 ml<\/strong><br \/>\nPilingas serumas su glikolio ir salicilo r\u016bg\u0161timis giliam valymui. Glikolio r\u016bg\u0161tis \u0161velniai pa\u0161alina negyvas odos l\u0105steles, pradeda regeneracij\u0105, kovoja su mimikos rauk\u0161l\u0117mis ir pastebimais tr\u016bkumais. Salicilo r\u016bg\u0161tis pasi\u017eymi antibakterin\u0117mis savyb\u0117mis, sutraukia poras, i\u0161lygina odos tekst\u016br\u0105 ir tonus\u0105.<\/p>\n<p><strong>Naudojimas:<\/strong> plonu sluoksniu u\u017etepkite ant nuvalyto veido 5-7 minutes. Jei n\u0117ra diskomforto, palikite serum\u0105 ant veido dar 2-3 minutes. Nuplaukite veid\u0105 vandeniu.<\/p>\n<p><strong>Atsargumo priemon\u0117s:<\/strong> Tik i\u0161oriniam naudojimui. Vengti patekimo \u012f akis. Patekus \u012f akis, nedelsiant praplauti dideliu kiekiu vandens ir, jei reikia, kreiptis \u012f gydytoj\u0105. Netepkite ant pa\u017eeistos odos. Nenaudoti esant padid\u0117jusiam jautrumui bet kuriai produkto sudedamajai daliai. Nustokite naudoti, jei atsiranda dirginimas. Saugoti nuo vaik\u0173. Laikyti nuo +5 &deg;C iki +25 &deg;C temperat\u016broje. Priemon\u0119 su SPF rekomenduojama tepti prie\u0161 kontakt\u0105 su tiesioginiais saul\u0117s spinduliais 2 dienas po kauk\u0117s naudojimo. Serumas turi b\u016bti naudojamas ne daugiau kaip 2 kartus per savait\u0119.<br \/>\n&nbsp;<\/p>\n","protected":false},"excerpt":{"rendered":"<p>1. 7DAYS MY BEAUTY WEEK Atkuriamasis veido kremas su pantenoliu Peach Velvet, 50 ml Veido kremas &#8211; intensyvus dr\u0117kinimas, mityba ir atstatymas. Aliej\u0173 ir kolageno kompleksas maitina, mink\u0161tina, suteikia stangrumo ir elastingumo. Pantenolis atkuria, ramina ir transformuoja od\u0105. Tropiniai vaisiai kovoja su netobulumais ir i\u0161lygina odos atspalv\u012f. Naudojimas: \u0161velniais masa\u017eo judesiais tepkite produkt\u0105 ant nuvalytos [&#8230;]\n","protected":false},"featured_media":45080,"template":"","meta":[],"product_cat":[1855],"product_tag":[],"class_list":{"0":"post-45078","1":"product","2":"type-product","3":"status-publish","4":"has-post-thumbnail","6":"product_brand-7days_it-lt","7":"product_cat-dovanu-rinkiniai-moterim","9":"first","10":"outofstock","11":"taxable","12":"shipping-taxable","13":"product-type-simple"},"_links":{"self":[{"href":"https:\/\/e.kosmolat.eu\/lt\/wp-json\/wp\/v2\/product\/45078","targetHints":{"allow":["GET"]}}],"collection":[{"href":"https:\/\/e.kosmolat.eu\/lt\/wp-json\/wp\/v2\/product"}],"about":[{"href":"https:\/\/e.kosmolat.eu\/lt\/wp-json\/wp\/v2\/types\/product"}],"wp:featuredmedia":[{"embeddable":true,"href":"https:\/\/e.kosmolat.eu\/lt\/wp-json\/wp\/v2\/media\/45080"}],"wp:attachment":[{"href":"https:\/\/e.kosmolat.eu\/lt\/wp-json\/wp\/v2\/media?parent=45078"}],"wp:term":[{"taxonomy":"product_cat","embeddable":true,"href":"https:\/\/e.kosmolat.eu\/lt\/wp-json\/wp\/v2\/product_cat?post=45078"},{"taxonomy":"product_tag","embeddable":true,"href":"https:\/\/e.kosmolat.eu\/lt\/wp-json\/wp\/v2\/product_tag?post=45078"}],"curies":[{"name":"wp","href":"https:\/\/api.w.org\/{rel}","templated":true}]}}