{"id":45074,"date":"2024-02-16T05:03:20","date_gmt":"2024-02-16T05:03:20","guid":{"rendered":"https:\/\/e.kosmolat.eu\/product\/7d-mbw-stiprin-kr-koncentr-zonai-ap-acim-ar-lift-efektu-collagen-18-ml\/"},"modified":"2026-01-27T12:11:42","modified_gmt":"2026-01-27T12:11:42","slug":"7d-mbw-stiprin-kr-koncentr-zonai-ap-acim-ar-lift-efektu-collagen-18-ml","status":"publish","type":"product","link":"https:\/\/e.kosmolat.eu\/lt\/produktas\/7d-mbw-stiprin-kr-koncentr-zonai-ap-acim-ar-lift-efektu-collagen-18-ml\/","title":{"rendered":"7DAYS MY BEAUTY WEEK Kremas-koncentratas sri\u010diai aplink akis stangrinamas su liftingo efektu Kolagen"},"content":{"rendered":"<p>Kremo koncentratas 2 in 1 su stangrinimo efektu nuo nuovargio po\u017eymi\u0173, kovoja &nbsp;su mai\u0161eliais po akimis ir mimikos ruk\u0161lel\u0117mis. 1. Kreme yra kolageno, kuris prisotina ir stiprina od\u0105, lygina rauk\u0161les. Kofeinas tonizuoja, padeda kovoti su nuovargio po\u017eymiais ir tamsiais ratilais po akimis. 2. V\u0117sinantis metalinis aplikatorius Re-fresh mal\u0161ina paburkim\u0105 atpalaiduoja raumenis, gerina mikrocirkuliacij\u0105 ir gilesn\u012f veikli\u0173j\u0173 med\u017eiag\u0173 \u012fsiskverbim\u0105.<\/p>\n<p><strong>Naudojimas: <\/strong>\u0161iek tiek paspauskite t\u016bbel\u0119, \u012fmontuotu aplikatoriumi \u0161velniai u\u017etepkite krem\u0105 ant odos aplink akis i\u0161ilgai masa\u017eo linij\u0173. Palaukite, kol visi\u0161kai \u012fsigers.<\/p>\n<p><strong>Atsargumo priemon\u0117s:<\/strong> Tik i\u0161oriniam naudojimui. Vengti patekimo \u012f akis. Patekus \u012f akis, nedelsiant praplauti dideliu kiekiu vandens ir, jei reikia, kreiptis \u012f gydytoj\u0105. Netepkite ant pa\u017eeistos odos. Nenaudoti esant padid\u0117jusiam jautrumui bet kuriai produkto sudedamajai daliai. Nustokite naudoti, jei atsiranda dirginimas. Saugoti nuo vaik\u0173. Laikyti nuo +5 &deg;C iki +25 &deg;C temperat\u016broje.<br \/>\n&nbsp;<\/p>\n","protected":false},"excerpt":{"rendered":"<p>Kremo koncentratas 2 in 1 su stangrinimo efektu nuo nuovargio po\u017eymi\u0173, kovoja &nbsp;su mai\u0161eliais po akimis ir mimikos ruk\u0161lel\u0117mis. 1. Kreme yra kolageno, kuris prisotina ir stiprina od\u0105, lygina rauk\u0161les. Kofeinas tonizuoja, padeda kovoti su nuovargio po\u017eymiais ir tamsiais ratilais po akimis. 2. V\u0117sinantis metalinis aplikatorius Re-fresh mal\u0161ina paburkim\u0105 atpalaiduoja raumenis, gerina mikrocirkuliacij\u0105 ir gilesn\u012f [&#8230;]\n","protected":false},"featured_media":99180,"template":"","meta":[],"product_cat":[1590],"product_tag":[],"class_list":{"0":"post-45074","1":"product","2":"type-product","3":"status-publish","4":"has-post-thumbnail","6":"product_brand-7days_it-lt","7":"product_cat-paakiu-kremai","9":"first","10":"outofstock","11":"taxable","12":"shipping-taxable","13":"product-type-simple"},"_links":{"self":[{"href":"https:\/\/e.kosmolat.eu\/lt\/wp-json\/wp\/v2\/product\/45074","targetHints":{"allow":["GET"]}}],"collection":[{"href":"https:\/\/e.kosmolat.eu\/lt\/wp-json\/wp\/v2\/product"}],"about":[{"href":"https:\/\/e.kosmolat.eu\/lt\/wp-json\/wp\/v2\/types\/product"}],"wp:featuredmedia":[{"embeddable":true,"href":"https:\/\/e.kosmolat.eu\/lt\/wp-json\/wp\/v2\/media\/99180"}],"wp:attachment":[{"href":"https:\/\/e.kosmolat.eu\/lt\/wp-json\/wp\/v2\/media?parent=45074"}],"wp:term":[{"taxonomy":"product_cat","embeddable":true,"href":"https:\/\/e.kosmolat.eu\/lt\/wp-json\/wp\/v2\/product_cat?post=45074"},{"taxonomy":"product_tag","embeddable":true,"href":"https:\/\/e.kosmolat.eu\/lt\/wp-json\/wp\/v2\/product_tag?post=45074"}],"curies":[{"name":"wp","href":"https:\/\/api.w.org\/{rel}","templated":true}]}}