{"id":45070,"date":"2024-02-16T05:03:08","date_gmt":"2024-02-16T05:03:08","guid":{"rendered":"https:\/\/e.kosmolat.eu\/product\/7d-mbw-sejas-kr-muss-ar-lift-efektu-ar-kolag-whipped-souffle-50-ml\/"},"modified":"2025-08-18T07:21:17","modified_gmt":"2025-08-18T07:21:17","slug":"7d-mbw-sejas-kr-muss-ar-lift-efektu-ar-kolag-whipped-souffle-50-ml","status":"publish","type":"product","link":"https:\/\/e.kosmolat.eu\/lt\/produktas\/7d-mbw-sejas-kr-muss-ar-lift-efektu-ar-kolag-whipped-souffle-50-ml\/","title":{"rendered":"7DAYS MY BEAUTY WEEK Kremas-put\u0117siai veido stangrinimo efektui su kolagenu Whipped Souffle, 50 ml"},"content":{"rendered":"<p>Kremas-put\u0117siai su kolagenu intensyviam veido odos dr\u0117kinimui ir stangrinimui.. Kolagenas tonizuoja, suteikia odai stangrumo, elastingumo, padeda kovoti su rauk\u0161l\u0117mis ir neleid\u017eia joms atsirasti. Aliej\u0173 kompleksas mink\u0161tina, maitina, dr\u0117kina veido od\u0105, g\u0117li\u0173 kompleksas padeda pa\u0161viesinti.<\/p>\n<p><strong>Naudojimas:<\/strong> \u0161velniais masa\u017eo judesiais tepkite produkt\u0105 ant nuvalytos odos, palaukite, kol visi\u0161kai \u012fsigers.<\/p>\n<p><strong>Atsargumo priemon\u0117s: <\/strong>Tik i\u0161oriniam naudojimui. Vengti patekimo \u012f akis. Patekus \u012f akis, nedelsiant praplauti dideliu kiekiu vandens ir, jei reikia, kreiptis \u012f gydytoj\u0105. Netepkite ant pa\u017eeistos odos. Nenaudoti esant padid\u0117jusiam jautrumui bet kuriai produkto sudedamajai daliai. Nustokite naudoti, jei atsiranda dirginimas. Saugoti nuo vaik\u0173. Laikyti nuo +5 &deg;C iki +25 &deg;C temperat\u016broje.<br \/>\n&nbsp;<\/p>\n","protected":false},"excerpt":{"rendered":"<p>Kremas-put\u0117siai su kolagenu intensyviam veido odos dr\u0117kinimui ir stangrinimui.. Kolagenas tonizuoja, suteikia odai stangrumo, elastingumo, padeda kovoti su rauk\u0161l\u0117mis ir neleid\u017eia joms atsirasti. Aliej\u0173 kompleksas mink\u0161tina, maitina, dr\u0117kina veido od\u0105, g\u0117li\u0173 kompleksas padeda pa\u0161viesinti. Naudojimas: \u0161velniais masa\u017eo judesiais tepkite produkt\u0105 ant nuvalytos odos, palaukite, kol visi\u0161kai \u012fsigers. Atsargumo priemon\u0117s: Tik i\u0161oriniam naudojimui. Vengti patekimo \u012f [&#8230;]\n","protected":false},"featured_media":13117,"template":"","meta":[],"product_cat":[2181],"product_tag":[],"class_list":{"0":"post-45070","1":"product","2":"type-product","3":"status-publish","4":"has-post-thumbnail","6":"product_brand-7days_it-lt","7":"product_cat-bez-kategorijas-lt","9":"first","10":"outofstock","11":"taxable","12":"shipping-taxable","13":"product-type-simple"},"_links":{"self":[{"href":"https:\/\/e.kosmolat.eu\/lt\/wp-json\/wp\/v2\/product\/45070","targetHints":{"allow":["GET"]}}],"collection":[{"href":"https:\/\/e.kosmolat.eu\/lt\/wp-json\/wp\/v2\/product"}],"about":[{"href":"https:\/\/e.kosmolat.eu\/lt\/wp-json\/wp\/v2\/types\/product"}],"wp:featuredmedia":[{"embeddable":true,"href":"https:\/\/e.kosmolat.eu\/lt\/wp-json\/wp\/v2\/media\/13117"}],"wp:attachment":[{"href":"https:\/\/e.kosmolat.eu\/lt\/wp-json\/wp\/v2\/media?parent=45070"}],"wp:term":[{"taxonomy":"product_cat","embeddable":true,"href":"https:\/\/e.kosmolat.eu\/lt\/wp-json\/wp\/v2\/product_cat?post=45070"},{"taxonomy":"product_tag","embeddable":true,"href":"https:\/\/e.kosmolat.eu\/lt\/wp-json\/wp\/v2\/product_tag?post=45070"}],"curies":[{"name":"wp","href":"https:\/\/api.w.org\/{rel}","templated":true}]}}