{"id":45066,"date":"2024-02-16T05:02:54","date_gmt":"2024-02-16T05:02:54","guid":{"rendered":"https:\/\/e.kosmolat.eu\/product\/7d-anml-s-maska-pretty-kitty-ar-avenu-sulu-un-lavand-ekstr-28-g\/"},"modified":"2026-04-17T06:16:54","modified_gmt":"2026-04-17T06:16:54","slug":"7d-anml-s-maska-pretty-kitty-ar-avenu-sulu-un-lavand-ekstr-28-g","status":"publish","type":"product","link":"https:\/\/e.kosmolat.eu\/lt\/produktas\/7d-anml-s-maska-pretty-kitty-ar-avenu-sulu-un-lavand-ekstr-28-g\/","title":{"rendered":"7DAYS ANIMAL Veido kauk\u0117 Pretty Kitty su avie\u010di\u0173 sultimis ir levand\u0173 ekstraktu, 28 g"},"content":{"rendered":"<p>&Scaron;i kauk\u0117 turi mielo ka\u010diuko charakter\u012f:<\/p>\n<ul>\n<li>&Scaron;velnumas: avie\u010di\u0173 sultys suteikia odai \u0161velnumo ir glotnumo, aksominio spindesio, tod\u0117l od\u0105 malonu liesti.<\/li>\n<li>Ramumas: levandos turi ry\u0161k\u0173 raminam\u0105j\u012f poveik\u012f ir puikias atkuriam\u0105sias savybes.<\/li>\n<li>Energija: vitamin\u0173 kokteilis giliai regeneruoja, padeda odai atrodyti sveikai.<\/li>\n<li>\u017daismingumas: u\u017esid\u0117jus \u0161i\u0105 kauk\u0119 nor\u0117sis murkti.<\/li>\n<\/ul>\n<p><strong>Naudojimas: <\/strong>Nuvalykite veid\u0105. U\u017ed\u0117kite kauk\u0119 ant veido 10-15 minu\u010di\u0173. Nor\u0117dami pagyvinti laukim\u0105, galite pasidaryti asmenuk\u0119 ir paskelbti j\u0105 soc. tinkluose. Nu\u0117m\u0119 kauk\u0119 masa\u017euokite veid\u0105. Pa\u0161alinkite pertekli\u0173 su kosmetine servet\u0117le, nuplaukite veid\u0105 vandeniu.<\/p>\n<p><strong>Atsargumo priemon\u0117s:<\/strong> tik i\u0161oriniam naudojimui; nenaudoti pakartotinai; vengti kontakto su akimis. Patekus \u012f akis, nedelsiant praplauti dideliu kiekiu vandens ir, jei reikia, kreiptis \u012f gydytoj\u0105. Netepkite ant pa\u017eeistos odos. Nenaudoti esant padid\u0117jusiam jautrumui bet kuriai kauk\u0117s sudedamajai daliai. Nustokite naudoti, jei atsiranda dirginimas. Saugoti nuo vaik\u0173. Laikyti nuo +5 &deg;C iki +25 &deg;C temperat\u016broje.<br \/>\n&nbsp;<\/p>\n","protected":false},"excerpt":{"rendered":"<p>&Scaron;i kauk\u0117 turi mielo ka\u010diuko charakter\u012f: &Scaron;velnumas: avie\u010di\u0173 sultys suteikia odai \u0161velnumo ir glotnumo, aksominio spindesio, tod\u0117l od\u0105 malonu liesti. Ramumas: levandos turi ry\u0161k\u0173 raminam\u0105j\u012f poveik\u012f ir puikias atkuriam\u0105sias savybes. Energija: vitamin\u0173 kokteilis giliai regeneruoja, padeda odai atrodyti sveikai. \u017daismingumas: u\u017esid\u0117jus \u0161i\u0105 kauk\u0119 nor\u0117sis murkti. Naudojimas: Nuvalykite veid\u0105. U\u017ed\u0117kite kauk\u0119 ant veido 10-15 minu\u010di\u0173. Nor\u0117dami [&#8230;]\n","protected":false},"featured_media":105176,"template":"","meta":[],"product_cat":[2181],"product_tag":[],"class_list":{"0":"post-45066","1":"product","2":"type-product","3":"status-publish","4":"has-post-thumbnail","6":"product_brand-7days_it-lt","7":"product_cat-bez-kategorijas-lt","9":"first","10":"instock","11":"taxable","12":"shipping-taxable","13":"product-type-simple"},"_links":{"self":[{"href":"https:\/\/e.kosmolat.eu\/lt\/wp-json\/wp\/v2\/product\/45066","targetHints":{"allow":["GET"]}}],"collection":[{"href":"https:\/\/e.kosmolat.eu\/lt\/wp-json\/wp\/v2\/product"}],"about":[{"href":"https:\/\/e.kosmolat.eu\/lt\/wp-json\/wp\/v2\/types\/product"}],"wp:featuredmedia":[{"embeddable":true,"href":"https:\/\/e.kosmolat.eu\/lt\/wp-json\/wp\/v2\/media\/105176"}],"wp:attachment":[{"href":"https:\/\/e.kosmolat.eu\/lt\/wp-json\/wp\/v2\/media?parent=45066"}],"wp:term":[{"taxonomy":"product_cat","embeddable":true,"href":"https:\/\/e.kosmolat.eu\/lt\/wp-json\/wp\/v2\/product_cat?post=45066"},{"taxonomy":"product_tag","embeddable":true,"href":"https:\/\/e.kosmolat.eu\/lt\/wp-json\/wp\/v2\/product_tag?post=45066"}],"curies":[{"name":"wp","href":"https:\/\/api.w.org\/{rel}","templated":true}]}}