{"id":45017,"date":"2024-02-14T10:50:41","date_gmt":"2024-02-14T10:50:41","guid":{"rendered":"https:\/\/e.kosmolat.eu\/product\/blyskavka-sport-%d0%bd%d0%b5%d0%b9%d1%82saec%d0%b7a%d1%82%d0%bes-%d0%b7a%d0%bfaoa-ae%d1%8f-%d0%bei%d1%83%d0%b2c-%d1%81%d0%bfs%d0%b5%d0%b9-100%d0%bce\/"},"modified":"2026-04-01T05:19:27","modified_gmt":"2026-04-01T05:19:27","slug":"blyskavka-sport-apavu-dezodorants-100-ml","status":"publish","type":"product","link":"https:\/\/e.kosmolat.eu\/lt\/produktas\/blyskavka-sport-apavu-dezodorants-100-ml\/","title":{"rendered":"BLYSKAVKA SPORT Avalyn\u0117s dezodorantas, 100 ml"},"content":{"rendered":"<p>Odos, zom&scaron;os, nubuko, tekstil\u0117s prie\u017ei\u016brai.<\/p>\n<p><strong>Naudojimas: <\/strong>prie&scaron; naudojim\u0105 buteliuk\u0105 suplakite. Pur&scaron;kite gamin\u012f ant bato vidin\u0117s pus\u0117s. Jei reikia, vidpad\u012f apdorokite atskirai. Palaukite, kol i&scaron;d\u017eius. Vengti patekimo \u012f akis.<\/p>\n<p><strong>Laikymo s\u0105lygos:<\/strong> laikyti sausoje, v\u0117dinamoje patalpoje nuo 0&deg;C iki +30&deg;C temperat\u016broje. Saugokite nuo kar&scaron;\u010dio!<\/p>\n<p><strong>Geriausias:<\/strong> 5 metai nuo pagaminimo datos, nurodytos ant pakuot\u0117s.<\/p>\n<p><strong>Sud\u0117tis:<\/strong> distiliuotas vanduo, tirpiklis, kvapioji med\u017eiaga, konservantas, propanas\/butanas.<\/p>\n<p>&nbsp;<\/p>\n<p><strong><img decoding=\"async\" alt=\"\" src=\"file:\/\/\/C:\/Users\/masha\/Desktop\/GHS%2002.jpg\" style=\"height:40px; width:40px\" \/>GHS02 &nbsp;<img decoding=\"async\" alt=\"\" src=\"file:\/\/\/C:\/Users\/masha\/Desktop\/GHS07.png\" style=\"height:40px; width:40px\" \/>GHS07&nbsp;Atsargiai<\/strong><br \/>\n<strong>H226<\/strong> Deg\u016bs skystis ir garai.<br \/>\n<strong>H319 <\/strong>Sukelia smark\u0173 aki\u0173 dirginim\u0105.<\/p>\n<p>P102 Laikyti vaikams neprieinamoje vietoje<br \/>\nP210 Laikyti atokiau nuo &scaron;ilumos &scaron;altini\u0173, kar&scaron;t\u0173 pavir&scaron;i\u0173, \u017eie\u017eirb\u0173, atviros liepsnos arba kit\u0173 degimo &scaron;altini\u0173. Ner\u016bkyti.<br \/>\nP264 Po naudojimo kruop&scaron;\u010diai nuplaukite rankas<br \/>\nP280 M\u016bv\u0117ti apsaugines pir&scaron;tines\/d\u0117v\u0117ti apsauginius drabu\u017eius\/naudoti aki\u0173 (veido) apsaugos priemones.<br \/>\nP305+P351+P338 PATEKUS \u012e AKIS: Kelias minutes atsargiai plauti vandeniu. I&scaron;imti kontaktinius l\u0119&scaron;ius, jeigu jie yra ir jeigu lengvai galima tai padaryti. Toliau plauti akis.<br \/>\nP337+P313 Ja acu iekaisums nep\u0101riet: l\u016bdziet medi\u0137u pal\u012bdz\u012bbu<br \/>\nP303+P361+P358 PATEKUS ANT ODOS (arba plauk\u0173): nedelsiant nuvilkti visus u\u017eter&scaron;tus drabu\u017eius. Od\u0105 nuplauti vandeniu [arba \u010diurk&scaron;le].<br \/>\nP410+P235 Laikyti gerai v\u0117dinamoje vietoje. Laikyti v\u0117sioje vietoje.<br \/>\n&nbsp;<\/p>\n","protected":false},"excerpt":{"rendered":"<p>Odos, zom&scaron;os, nubuko, tekstil\u0117s prie\u017ei\u016brai. Naudojimas: prie&scaron; naudojim\u0105 buteliuk\u0105 suplakite. Pur&scaron;kite gamin\u012f ant bato vidin\u0117s pus\u0117s. Jei reikia, vidpad\u012f apdorokite atskirai. Palaukite, kol i&scaron;d\u017eius. Vengti patekimo \u012f akis. Laikymo s\u0105lygos: laikyti sausoje, v\u0117dinamoje patalpoje nuo 0&deg;C iki +30&deg;C temperat\u016broje. Saugokite nuo kar&scaron;\u010dio! Geriausias: 5 metai nuo pagaminimo datos, nurodytos ant pakuot\u0117s. Sud\u0117tis: distiliuotas vanduo, tirpiklis, [&#8230;]\n","protected":false},"featured_media":91010,"template":"","meta":[],"product_cat":[1731],"product_tag":[],"class_list":{"0":"post-45017","1":"product","2":"type-product","3":"status-publish","4":"has-post-thumbnail","6":"product_brand-blyskavka_ua-lt","7":"product_cat-batu-valymo-priemones-ir-priedai","9":"first","10":"instock","11":"taxable","12":"shipping-taxable","13":"product-type-simple"},"_links":{"self":[{"href":"https:\/\/e.kosmolat.eu\/lt\/wp-json\/wp\/v2\/product\/45017","targetHints":{"allow":["GET"]}}],"collection":[{"href":"https:\/\/e.kosmolat.eu\/lt\/wp-json\/wp\/v2\/product"}],"about":[{"href":"https:\/\/e.kosmolat.eu\/lt\/wp-json\/wp\/v2\/types\/product"}],"wp:featuredmedia":[{"embeddable":true,"href":"https:\/\/e.kosmolat.eu\/lt\/wp-json\/wp\/v2\/media\/91010"}],"wp:attachment":[{"href":"https:\/\/e.kosmolat.eu\/lt\/wp-json\/wp\/v2\/media?parent=45017"}],"wp:term":[{"taxonomy":"product_cat","embeddable":true,"href":"https:\/\/e.kosmolat.eu\/lt\/wp-json\/wp\/v2\/product_cat?post=45017"},{"taxonomy":"product_tag","embeddable":true,"href":"https:\/\/e.kosmolat.eu\/lt\/wp-json\/wp\/v2\/product_tag?post=45017"}],"curies":[{"name":"wp","href":"https:\/\/api.w.org\/{rel}","templated":true}]}}