{"id":45001,"date":"2024-02-14T05:04:13","date_gmt":"2024-02-14T05:04:13","guid":{"rendered":"https:\/\/e.kosmolat.eu\/product\/sh-roku-krems-balzams-sos-atjaunosana-45-ml\/"},"modified":"2025-09-20T03:31:50","modified_gmt":"2025-09-20T03:31:50","slug":"sh-roku-krems-balzams-sos-atjaunosana-45-ml","status":"publish","type":"product","link":"https:\/\/e.kosmolat.eu\/lt\/produktas\/sh-roku-krems-balzams-sos-atjaunosana-45-ml\/","title":{"rendered":"SILKY HANDS Rank\u0173 kremas-balzamas SOS atk\u016brimas, 45 ml"},"content":{"rendered":"<p>Sausai ir sudirgusiai odai. 10% kompleksas su D-pantenoliu, niacinamidu, PRO lipidais. 100% atsigavimas &nbsp;jau po pirmo naudojimo. Mink&scaron;tinamasis poveikis i&scaron;lieka iki 12 valand\u0173. Atgaivina od\u0105 nusiplovus rankas ir panaudojus dezinfekcin\u0119 priemon\u0119. Susigeria akimirksniu, be lipnumo.<\/p>\n<p><strong>Naudojimas: <\/strong>lengvais masa\u017euojamaisiais judesiais tepkite krem\u0105 ant &scaron;varios, sausos odos.<\/p>\n<p>Laikyti nuo 0&deg;C iki +25&deg;C temperat\u016broje.<\/p>\n<p><strong>Galiojimo laikas:<\/strong> 36 m\u0117nesiai nuo pagaminimo datos. Atidarius sunaudoti per 6 m\u0117nesius.<br \/>\n&nbsp;<\/p>\n","protected":false},"excerpt":{"rendered":"<p>Sausai ir sudirgusiai odai. 10% kompleksas su D-pantenoliu, niacinamidu, PRO lipidais. 100% atsigavimas &nbsp;jau po pirmo naudojimo. Mink&scaron;tinamasis poveikis i&scaron;lieka iki 12 valand\u0173. Atgaivina od\u0105 nusiplovus rankas ir panaudojus dezinfekcin\u0119 priemon\u0119. Susigeria akimirksniu, be lipnumo. Naudojimas: lengvais masa\u017euojamaisiais judesiais tepkite krem\u0105 ant &scaron;varios, sausos odos. Laikyti nuo 0&deg;C iki +25&deg;C temperat\u016broje. Galiojimo laikas: 36 m\u0117nesiai [&#8230;]\n","protected":false},"featured_media":90998,"template":"","meta":[],"product_cat":[2181],"product_tag":[],"class_list":{"0":"post-45001","1":"product","2":"type-product","3":"status-publish","4":"has-post-thumbnail","6":"product_brand-unilever-ua-lt","7":"product_cat-bez-kategorijas-lt","9":"first","10":"outofstock","11":"taxable","12":"shipping-taxable","13":"product-type-simple"},"_links":{"self":[{"href":"https:\/\/e.kosmolat.eu\/lt\/wp-json\/wp\/v2\/product\/45001","targetHints":{"allow":["GET"]}}],"collection":[{"href":"https:\/\/e.kosmolat.eu\/lt\/wp-json\/wp\/v2\/product"}],"about":[{"href":"https:\/\/e.kosmolat.eu\/lt\/wp-json\/wp\/v2\/types\/product"}],"wp:featuredmedia":[{"embeddable":true,"href":"https:\/\/e.kosmolat.eu\/lt\/wp-json\/wp\/v2\/media\/90998"}],"wp:attachment":[{"href":"https:\/\/e.kosmolat.eu\/lt\/wp-json\/wp\/v2\/media?parent=45001"}],"wp:term":[{"taxonomy":"product_cat","embeddable":true,"href":"https:\/\/e.kosmolat.eu\/lt\/wp-json\/wp\/v2\/product_cat?post=45001"},{"taxonomy":"product_tag","embeddable":true,"href":"https:\/\/e.kosmolat.eu\/lt\/wp-json\/wp\/v2\/product_tag?post=45001"}],"curies":[{"name":"wp","href":"https:\/\/api.w.org\/{rel}","templated":true}]}}