{"id":44993,"date":"2024-02-14T05:03:57","date_gmt":"2024-02-14T05:03:57","guid":{"rendered":"https:\/\/e.kosmolat.eu\/product\/lb-mutes-dobuma-skalotajs-ar-ciedru-riekstu-un-salvijas-ekst-250-ml-2\/"},"modified":"2025-09-20T03:31:34","modified_gmt":"2025-09-20T03:31:34","slug":"lb-mutes-dobuma-skalotajs-ar-ciedru-riekstu-un-salvijas-ekst-250-ml-2","status":"publish","type":"product","link":"https:\/\/e.kosmolat.eu\/lt\/produktas\/lb-mutes-dobuma-skalotajs-ar-ciedru-riekstu-un-salvijas-ekst-250-ml-2\/","title":{"rendered":"LESNOJ BALZAM Burnos skaliklis su kedr\u0173 aliejumi ir \u0161alavij\u0173 ekstraktu, \u017eoleli\u0173 nuoviro pagrindu, 25"},"content":{"rendered":"<ul>\n<li>\u017doleli\u0173 nuoviro formul\u0117 palaiko nat\u016brali\u0105 burnos ertm\u0117s mikroflor\u0105.<\/li>\n<li>Labai efektyvus multivitamin\u0173 spygliuo\u010di\u0173 kompleksas ir &scaron;alavij\u0173 ekstraktas pasi\u017eymi galingu prie&scaron;u\u017edegiminiu poveikiu.<\/li>\n<\/ul>\n<p><strong>Naudojimas: <\/strong>u\u017epildykite dangtel\u012f skalavimo priemone. Kruop&scaron;\u010diai skalaukite burn\u0105 30 sekund\u017ei\u0173. Skalauti po dant\u0173 pastos &nbsp;naudokite po valgio ir kiekvieno dant\u0173 valymo bent du kartus per dien\u0105. Tik suaugusiems.<\/p>\n<p><strong>Atsargumo priemon\u0117s:<\/strong>&nbsp;sud\u0117tyje yra natrio fluorido. Nenuryti. Fluorid\u0173 mas\u0117s dalis 0,02%. D\u0117l nat\u016brali\u0173 ingredient\u0173 kiekio gali atsirasti nedideli\u0173 nuos\u0117d\u0173. Neturi \u012ftakos gaminio kokybei ir saugai. Naudojimas neatleid\u017eia nuo apsilankymo pas odontolog\u0105. Tai n\u0117ra vaistinis preparatas.<\/p>\n<p>Laikyti nuo +5&deg;C iki +25&deg;C temperat\u016broje, vaikams nepasiekiamoje vietoje.<br \/>\n&nbsp;<\/p>\n","protected":false},"excerpt":{"rendered":"<p>\u017doleli\u0173 nuoviro formul\u0117 palaiko nat\u016brali\u0105 burnos ertm\u0117s mikroflor\u0105. Labai efektyvus multivitamin\u0173 spygliuo\u010di\u0173 kompleksas ir &scaron;alavij\u0173 ekstraktas pasi\u017eymi galingu prie&scaron;u\u017edegiminiu poveikiu. Naudojimas: u\u017epildykite dangtel\u012f skalavimo priemone. Kruop&scaron;\u010diai skalaukite burn\u0105 30 sekund\u017ei\u0173. Skalauti po dant\u0173 pastos &nbsp;naudokite po valgio ir kiekvieno dant\u0173 valymo bent du kartus per dien\u0105. Tik suaugusiems. Atsargumo priemon\u0117s:&nbsp;sud\u0117tyje yra natrio fluorido. Nenuryti. Fluorid\u0173 [&#8230;]\n","protected":false},"featured_media":90994,"template":"","meta":[],"product_cat":[2181],"product_tag":[],"class_list":{"0":"post-44993","1":"product","2":"type-product","3":"status-publish","4":"has-post-thumbnail","6":"product_brand-unilever-ua-lt","7":"product_cat-bez-kategorijas-lt","9":"first","10":"outofstock","11":"taxable","12":"shipping-taxable","13":"product-type-simple"},"_links":{"self":[{"href":"https:\/\/e.kosmolat.eu\/lt\/wp-json\/wp\/v2\/product\/44993","targetHints":{"allow":["GET"]}}],"collection":[{"href":"https:\/\/e.kosmolat.eu\/lt\/wp-json\/wp\/v2\/product"}],"about":[{"href":"https:\/\/e.kosmolat.eu\/lt\/wp-json\/wp\/v2\/types\/product"}],"wp:featuredmedia":[{"embeddable":true,"href":"https:\/\/e.kosmolat.eu\/lt\/wp-json\/wp\/v2\/media\/90994"}],"wp:attachment":[{"href":"https:\/\/e.kosmolat.eu\/lt\/wp-json\/wp\/v2\/media?parent=44993"}],"wp:term":[{"taxonomy":"product_cat","embeddable":true,"href":"https:\/\/e.kosmolat.eu\/lt\/wp-json\/wp\/v2\/product_cat?post=44993"},{"taxonomy":"product_tag","embeddable":true,"href":"https:\/\/e.kosmolat.eu\/lt\/wp-json\/wp\/v2\/product_tag?post=44993"}],"curies":[{"name":"wp","href":"https:\/\/api.w.org\/{rel}","templated":true}]}}