{"id":44965,"date":"2024-02-14T05:03:05","date_gmt":"2024-02-14T05:03:05","guid":{"rendered":"https:\/\/e.kosmolat.eu\/product\/elitan-kremkr-uzacim-un-skropstam-80-grafits-5-ml\/"},"modified":"2026-04-21T13:26:24","modified_gmt":"2026-04-21T13:26:24","slug":"elitan-kremkr-uzacim-un-skropstam-80-grafits-5-ml","status":"publish","type":"product","link":"https:\/\/e.kosmolat.eu\/lt\/produktas\/elitan-kremkr-uzacim-un-skropstam-80-grafits-5-ml\/","title":{"rendered":"ELITAN kreminiai da\u017eai antakiams ir blakstienoms Grafitas Nr.80, 5 ml"},"content":{"rendered":"<p>.Be amoniako<br \/>\ntatuiruot\u0117s efektas<br \/>\nProvitaminas B5<br \/>\nUV filtras<br \/>\nIdeali\u0105 veido odos prie\u017ei\u016br\u0105 da\u017eant antakius ir blakstienas suteikia speciali Jee kosmetikos linijos kosmetika.<br \/>\nAtsargumo priemon\u0117s:<br \/>\nTik profesionalams. Sud\u0117tyje yra vandenilio peroksido, rezorcinolio, fenilendiamin\u0173 (toluendiamin\u0173). Gali sukelti sunki\u0105 alergin\u0119 reakcij\u0105. 48 valandas prie\u0161 naudojim\u0105 atlikite alergijos test\u0105. Perskaitykite ir vykdykite instrukcijose pateiktas instrukcijas. Nenaudoti jaunesniems nei 16 met\u0173 asmenims.<br \/>\nLaikinos juodosios chna tatuiruot\u0117s padidina alergijos rizik\u0105. Nenaudoti, jei: b\u0117rimas ant veido, jautri, pa\u017eeista ir sudirgusi oda, pasirei\u0161k\u0117 alergini\u0173 reakcij\u0173 po plauk\u0173 da\u017eymo arba po laikinos juodos chna tatuiruot\u0117s. Vengti patekimo \u012f akis. Gaminiui patekus \u012f akis, nedelsiant gerai praplauti vandeniu. Naudokite apsaugines pir\u0161tines. Nenaudokite metalini\u0173 daikt\u0173. Laikyti vaikams nepasiekiamoje vietoje.<br \/>\nPaketo turinys:<br \/>\nKreminiai da\u017eai, paket\u0117lis 5 ml<\/p>\n<p>Oksidacin\u0117 emulsija, paket\u0117lis 5ml<br \/>\nAplikatorius 1 vnt.<br \/>\nApsaugin\u0117s servet\u0117l\u0117s 2 vnt.<br \/>\nInstrukcija 2 vnt.<br \/>\n&nbsp;<\/p>\n","protected":false},"excerpt":{"rendered":"<p>.Be amoniako tatuiruot\u0117s efektas Provitaminas B5 UV filtras Ideali\u0105 veido odos prie\u017ei\u016br\u0105 da\u017eant antakius ir blakstienas suteikia speciali Jee kosmetikos linijos kosmetika. Atsargumo priemon\u0117s: Tik profesionalams. Sud\u0117tyje yra vandenilio peroksido, rezorcinolio, fenilendiamin\u0173 (toluendiamin\u0173). Gali sukelti sunki\u0105 alergin\u0119 reakcij\u0105. 48 valandas prie\u0161 naudojim\u0105 atlikite alergijos test\u0105. Perskaitykite ir vykdykite instrukcijose pateiktas instrukcijas. Nenaudoti jaunesniems nei 16 [&#8230;]\n","protected":false},"featured_media":98183,"template":"","meta":[],"product_cat":[1666],"product_tag":[],"class_list":{"0":"post-44965","1":"product","2":"type-product","3":"status-publish","4":"has-post-thumbnail","6":"product_brand-kombi_ua-lt","7":"product_cat-antakiu-ir-blakstienu-dazai","9":"first","10":"instock","11":"taxable","12":"shipping-taxable","13":"product-type-simple"},"_links":{"self":[{"href":"https:\/\/e.kosmolat.eu\/lt\/wp-json\/wp\/v2\/product\/44965","targetHints":{"allow":["GET"]}}],"collection":[{"href":"https:\/\/e.kosmolat.eu\/lt\/wp-json\/wp\/v2\/product"}],"about":[{"href":"https:\/\/e.kosmolat.eu\/lt\/wp-json\/wp\/v2\/types\/product"}],"wp:featuredmedia":[{"embeddable":true,"href":"https:\/\/e.kosmolat.eu\/lt\/wp-json\/wp\/v2\/media\/98183"}],"wp:attachment":[{"href":"https:\/\/e.kosmolat.eu\/lt\/wp-json\/wp\/v2\/media?parent=44965"}],"wp:term":[{"taxonomy":"product_cat","embeddable":true,"href":"https:\/\/e.kosmolat.eu\/lt\/wp-json\/wp\/v2\/product_cat?post=44965"},{"taxonomy":"product_tag","embeddable":true,"href":"https:\/\/e.kosmolat.eu\/lt\/wp-json\/wp\/v2\/product_tag?post=44965"}],"curies":[{"name":"wp","href":"https:\/\/api.w.org\/{rel}","templated":true}]}}