{"id":44941,"date":"2024-02-13T05:05:39","date_gmt":"2024-02-13T05:05:39","guid":{"rendered":"https:\/\/e.kosmolat.eu\/product\/blyskavka-krems-krasa-apaviem-bezkrasaina-60ml\/"},"modified":"2026-05-08T05:32:29","modified_gmt":"2026-05-08T05:32:29","slug":"i_blyskavka-krems-krasa-apaviem-bezkrasaina-60ml","status":"publish","type":"product","link":"https:\/\/e.kosmolat.eu\/lt\/produktas\/i_blyskavka-krems-krasa-apaviem-bezkrasaina-60ml\/","title":{"rendered":"BLYSKAVKA Kremas avalynei  bespalvis, 50 ml"},"content":{"rendered":"<p>Suteikia nat\u016bral\u0173 blizges\u012f, nereikalauja poliravimo. Apsaugo nuo dr\u0117gm\u0117s.<\/p>\n<p><strong>Naudojimas:<\/strong> ant \u0161varaus ir sauso pavir\u0161iaus kempin\u0117le u\u017etepkite plon\u0105 kremini\u0173 da\u017e\u0173 sluoksn\u012f, leiskite i\u0161d\u017ei\u016bti, nepoliruokite, pakartokite, jei reikia. Po naudojimo sandariai u\u017edarykite abu dangtelius.<\/p>\n<p><strong>Sud\u0117tis: <\/strong>vanduo, va\u0161ko sud\u0117tis, akrilo emulsija, izopropanolis, plastifikatorius, da\u017eiklis.<\/p>\n<p><strong>Laikymo s\u0105lygos:<\/strong> laikyti sausoje, v\u0117dinamoje vietoje nuo 0&deg;C iki +35&deg;C temperat\u016broje, vaikams nepasiekiamoje vietoje. Naudokite kaip nurodyta.<\/p>\n<p><strong>Tinkamumo laikas: <\/strong>5 metai nuo pagaminimo datos, nurodytos ant pakuot\u0117s.<br \/>\n&nbsp;<\/p>\n","protected":false},"excerpt":{"rendered":"<p>Suteikia nat\u016bral\u0173 blizges\u012f, nereikalauja poliravimo. Apsaugo nuo dr\u0117gm\u0117s. Naudojimas: ant \u0161varaus ir sauso pavir\u0161iaus kempin\u0117le u\u017etepkite plon\u0105 kremini\u0173 da\u017e\u0173 sluoksn\u012f, leiskite i\u0161d\u017ei\u016bti, nepoliruokite, pakartokite, jei reikia. Po naudojimo sandariai u\u017edarykite abu dangtelius. Sud\u0117tis: vanduo, va\u0161ko sud\u0117tis, akrilo emulsija, izopropanolis, plastifikatorius, da\u017eiklis. Laikymo s\u0105lygos: laikyti sausoje, v\u0117dinamoje vietoje nuo 0&deg;C iki +35&deg;C temperat\u016broje, vaikams nepasiekiamoje vietoje. [&#8230;]\n","protected":false},"featured_media":84150,"template":"","meta":[],"product_cat":[1731],"product_tag":[],"class_list":{"0":"post-44941","1":"product","2":"type-product","3":"status-publish","4":"has-post-thumbnail","6":"product_brand-blyskavka_ua-lt","7":"product_cat-batu-valymo-priemones-ir-priedai","9":"first","10":"outofstock","11":"taxable","12":"shipping-taxable","13":"product-type-simple"},"_links":{"self":[{"href":"https:\/\/e.kosmolat.eu\/lt\/wp-json\/wp\/v2\/product\/44941","targetHints":{"allow":["GET"]}}],"collection":[{"href":"https:\/\/e.kosmolat.eu\/lt\/wp-json\/wp\/v2\/product"}],"about":[{"href":"https:\/\/e.kosmolat.eu\/lt\/wp-json\/wp\/v2\/types\/product"}],"wp:featuredmedia":[{"embeddable":true,"href":"https:\/\/e.kosmolat.eu\/lt\/wp-json\/wp\/v2\/media\/84150"}],"wp:attachment":[{"href":"https:\/\/e.kosmolat.eu\/lt\/wp-json\/wp\/v2\/media?parent=44941"}],"wp:term":[{"taxonomy":"product_cat","embeddable":true,"href":"https:\/\/e.kosmolat.eu\/lt\/wp-json\/wp\/v2\/product_cat?post=44941"},{"taxonomy":"product_tag","embeddable":true,"href":"https:\/\/e.kosmolat.eu\/lt\/wp-json\/wp\/v2\/product_tag?post=44941"}],"curies":[{"name":"wp","href":"https:\/\/api.w.org\/{rel}","templated":true}]}}