{"id":44937,"date":"2024-02-13T05:05:20","date_gmt":"2024-02-13T05:05:20","guid":{"rendered":"https:\/\/e.kosmolat.eu\/product\/blyskavka-krems-krasa-apaviem-melna-60-ml\/"},"modified":"2026-05-07T16:02:35","modified_gmt":"2026-05-07T16:02:35","slug":"i_blyskavka-krems-krasa-apaviem-melna-60-ml","status":"publish","type":"product","link":"https:\/\/e.kosmolat.eu\/lt\/produktas\/i_blyskavka-krems-krasa-apaviem-melna-60-ml\/","title":{"rendered":"BLYSKAVKA Kremas avalynei  juodas, 60 ml"},"content":{"rendered":"<p>Kreminiai da\u017eai batams 60 ml. suteikia nat\u016bral\u0173 blizges\u012f, nereikia poliruoti. Saugo nuo dr\u0117gm\u0117s, lengva naudoti.<\/p>\n","protected":false},"excerpt":{"rendered":"<p>Kreminiai da\u017eai batams 60 ml. suteikia nat\u016bral\u0173 blizges\u012f, nereikia poliruoti. Saugo nuo dr\u0117gm\u0117s, lengva naudoti.<\/p>\n","protected":false},"featured_media":84142,"template":"","meta":[],"product_cat":[1731],"product_tag":[],"class_list":{"0":"post-44937","1":"product","2":"type-product","3":"status-publish","4":"has-post-thumbnail","6":"product_brand-blyskavka_ua-lt","7":"product_cat-batu-valymo-priemones-ir-priedai","9":"first","10":"outofstock","11":"taxable","12":"shipping-taxable","13":"product-type-simple"},"_links":{"self":[{"href":"https:\/\/e.kosmolat.eu\/lt\/wp-json\/wp\/v2\/product\/44937","targetHints":{"allow":["GET"]}}],"collection":[{"href":"https:\/\/e.kosmolat.eu\/lt\/wp-json\/wp\/v2\/product"}],"about":[{"href":"https:\/\/e.kosmolat.eu\/lt\/wp-json\/wp\/v2\/types\/product"}],"wp:featuredmedia":[{"embeddable":true,"href":"https:\/\/e.kosmolat.eu\/lt\/wp-json\/wp\/v2\/media\/84142"}],"wp:attachment":[{"href":"https:\/\/e.kosmolat.eu\/lt\/wp-json\/wp\/v2\/media?parent=44937"}],"wp:term":[{"taxonomy":"product_cat","embeddable":true,"href":"https:\/\/e.kosmolat.eu\/lt\/wp-json\/wp\/v2\/product_cat?post=44937"},{"taxonomy":"product_tag","embeddable":true,"href":"https:\/\/e.kosmolat.eu\/lt\/wp-json\/wp\/v2\/product_tag?post=44937"}],"curies":[{"name":"wp","href":"https:\/\/api.w.org\/{rel}","templated":true}]}}