{"id":44917,"date":"2024-02-13T05:04:38","date_gmt":"2024-02-13T05:04:38","guid":{"rendered":"https:\/\/e.kosmolat.eu\/product\/blyskavka-krems-apaviem-tubina-bezkrasains\/"},"modified":"2026-04-10T12:57:46","modified_gmt":"2026-04-10T12:57:46","slug":"i_blyskavka-krems-apaviem-tubina-bezkrasains","status":"publish","type":"product","link":"https:\/\/e.kosmolat.eu\/lt\/produktas\/i_blyskavka-krems-apaviem-tubina-bezkrasains\/","title":{"rendered":"BLYSKAVKA Kremas avalynei klasikinis bespalvis, 75 ml"},"content":{"rendered":"<p>Auk&scaron;tos kokyb\u0117s bat\u0173 tepalas, tinkantis lygiai odai. Gr\u0105\u017eina spalv\u0105, apsaugo nuo dr\u0117gm\u0117s, druskos ir suteikia blizgesio. Pagaminta bi\u010di\u0173 va&scaron;ko pagrindu. Kremas lengvai tepamas ant bat\u0173, greitai \u012fsigeria ir puikiai blizgia. Sud\u0117tyje yra nat\u016bralaus va&scaron;ko, u\u017etikrina visapusi&scaron;k\u0105 &nbsp;bat\u0173 prie\u017ei\u016bra. Reguliarus kremo naudojimas palaiko j\u016bs\u0173 batus geros b\u016bkl\u0117s ir prailgina j\u0173 tarnavimo &nbsp;laik\u0105. Sud\u0117tis: bi\u010di\u0173 va&scaron;kas, stearinas, parafinas, da\u017eai, kvapiosios med\u017eiagos, vanduo. Laikymo s\u0105lygos: sausoje, v\u0117dinamoje patalpoje, nuo + 0 &deg; C iki + 20 &deg; C temperat\u016broje. Laikyti vaikams nepasiekiamoje vietoje. Naudokite kaip nurodyta. Naudojimas: tolygiai tepkite ant sauso, &scaron;varaus pavir&scaron;iaus, leiskite jam \u012fsigerti bent 15-20 minu\u010di\u0173, nupoliruokite iki norimo blizgesio. Tinkamumo laikas: 5 metai nuo pagaminimo datos, nurodytos ant pakuot\u0117s.<\/p>\n","protected":false},"excerpt":{"rendered":"<p>Auk&scaron;tos kokyb\u0117s bat\u0173 tepalas, tinkantis lygiai odai. Gr\u0105\u017eina spalv\u0105, apsaugo nuo dr\u0117gm\u0117s, druskos ir suteikia blizgesio. Pagaminta bi\u010di\u0173 va&scaron;ko pagrindu. Kremas lengvai tepamas ant bat\u0173, greitai \u012fsigeria ir puikiai blizgia. Sud\u0117tyje yra nat\u016bralaus va&scaron;ko, u\u017etikrina visapusi&scaron;k\u0105 &nbsp;bat\u0173 prie\u017ei\u016bra. Reguliarus kremo naudojimas palaiko j\u016bs\u0173 batus geros b\u016bkl\u0117s ir prailgina j\u0173 tarnavimo &nbsp;laik\u0105. Sud\u0117tis: bi\u010di\u0173 va&scaron;kas, stearinas, [&#8230;]\n","protected":false},"featured_media":84126,"template":"","meta":[],"product_cat":[1731],"product_tag":[],"class_list":{"0":"post-44917","1":"product","2":"type-product","3":"status-publish","4":"has-post-thumbnail","6":"product_brand-blyskavka_ua-lt","7":"product_cat-batu-valymo-priemones-ir-priedai","9":"first","10":"instock","11":"taxable","12":"shipping-taxable","13":"product-type-simple"},"_links":{"self":[{"href":"https:\/\/e.kosmolat.eu\/lt\/wp-json\/wp\/v2\/product\/44917","targetHints":{"allow":["GET"]}}],"collection":[{"href":"https:\/\/e.kosmolat.eu\/lt\/wp-json\/wp\/v2\/product"}],"about":[{"href":"https:\/\/e.kosmolat.eu\/lt\/wp-json\/wp\/v2\/types\/product"}],"wp:featuredmedia":[{"embeddable":true,"href":"https:\/\/e.kosmolat.eu\/lt\/wp-json\/wp\/v2\/media\/84126"}],"wp:attachment":[{"href":"https:\/\/e.kosmolat.eu\/lt\/wp-json\/wp\/v2\/media?parent=44917"}],"wp:term":[{"taxonomy":"product_cat","embeddable":true,"href":"https:\/\/e.kosmolat.eu\/lt\/wp-json\/wp\/v2\/product_cat?post=44917"},{"taxonomy":"product_tag","embeddable":true,"href":"https:\/\/e.kosmolat.eu\/lt\/wp-json\/wp\/v2\/product_tag?post=44917"}],"curies":[{"name":"wp","href":"https:\/\/api.w.org\/{rel}","templated":true}]}}