{"id":44897,"date":"2024-02-13T05:03:51","date_gmt":"2024-02-13T05:03:51","guid":{"rendered":"https:\/\/e.kosmolat.eu\/product\/blyskavka-mini-birste-apaviem-un-apgerbam\/"},"modified":"2026-03-31T20:06:50","modified_gmt":"2026-03-31T20:06:50","slug":"i_blyskavka-mini-birste-apaviem-un-apgerbam","status":"publish","type":"product","link":"https:\/\/e.kosmolat.eu\/lt\/produktas\/i_blyskavka-mini-birste-apaviem-un-apgerbam\/","title":{"rendered":"BLYSKAVKA PREMIUM \u0160epetys avalynei Mini"},"content":{"rendered":"<p><strong>Sud\u0117tis:<\/strong> mediena, nat\u016bral\u016bs \u0161eriai.<\/p>\n","protected":false},"excerpt":{"rendered":"<p>Sud\u0117tis: mediena, nat\u016bral\u016bs \u0161eriai.<\/p>\n","protected":false},"featured_media":84410,"template":"","meta":[],"product_cat":[1731],"product_tag":[],"class_list":{"0":"post-44897","1":"product","2":"type-product","3":"status-publish","4":"has-post-thumbnail","6":"product_brand-blyskavka_ua-lt","7":"product_cat-batu-valymo-priemones-ir-priedai","9":"first","10":"instock","11":"taxable","12":"shipping-taxable","13":"product-type-simple"},"_links":{"self":[{"href":"https:\/\/e.kosmolat.eu\/lt\/wp-json\/wp\/v2\/product\/44897","targetHints":{"allow":["GET"]}}],"collection":[{"href":"https:\/\/e.kosmolat.eu\/lt\/wp-json\/wp\/v2\/product"}],"about":[{"href":"https:\/\/e.kosmolat.eu\/lt\/wp-json\/wp\/v2\/types\/product"}],"wp:featuredmedia":[{"embeddable":true,"href":"https:\/\/e.kosmolat.eu\/lt\/wp-json\/wp\/v2\/media\/84410"}],"wp:attachment":[{"href":"https:\/\/e.kosmolat.eu\/lt\/wp-json\/wp\/v2\/media?parent=44897"}],"wp:term":[{"taxonomy":"product_cat","embeddable":true,"href":"https:\/\/e.kosmolat.eu\/lt\/wp-json\/wp\/v2\/product_cat?post=44897"},{"taxonomy":"product_tag","embeddable":true,"href":"https:\/\/e.kosmolat.eu\/lt\/wp-json\/wp\/v2\/product_tag?post=44897"}],"curies":[{"name":"wp","href":"https:\/\/api.w.org\/{rel}","templated":true}]}}