{"id":44893,"date":"2024-02-13T05:03:37","date_gmt":"2024-02-13T05:03:37","guid":{"rendered":"https:\/\/e.kosmolat.eu\/product\/blyskavka-svammite-zamsadas-apaviem-maza\/"},"modified":"2026-03-31T20:07:43","modified_gmt":"2026-03-31T20:07:43","slug":"i_blyskavka-svammite-zamsadas-apaviem-maza","status":"publish","type":"product","link":"https:\/\/e.kosmolat.eu\/lt\/produktas\/i_blyskavka-svammite-zamsadas-apaviem-maza\/","title":{"rendered":"BLYSKAVKA Kempin\u0117l\u0117 avalynei i\u0161 zom\u0161os, ma\u017ea"},"content":{"rendered":"<\/p>\n","protected":false},"excerpt":{"rendered":"","protected":false},"featured_media":84414,"template":"","meta":[],"product_cat":[1731],"product_tag":[],"class_list":{"0":"post-44893","1":"product","2":"type-product","3":"status-publish","4":"has-post-thumbnail","6":"product_brand-blyskavka_ua-lt","7":"product_cat-batu-valymo-priemones-ir-priedai","9":"first","10":"outofstock","11":"taxable","12":"shipping-taxable","13":"product-type-simple"},"_links":{"self":[{"href":"https:\/\/e.kosmolat.eu\/lt\/wp-json\/wp\/v2\/product\/44893","targetHints":{"allow":["GET"]}}],"collection":[{"href":"https:\/\/e.kosmolat.eu\/lt\/wp-json\/wp\/v2\/product"}],"about":[{"href":"https:\/\/e.kosmolat.eu\/lt\/wp-json\/wp\/v2\/types\/product"}],"wp:featuredmedia":[{"embeddable":true,"href":"https:\/\/e.kosmolat.eu\/lt\/wp-json\/wp\/v2\/media\/84414"}],"wp:attachment":[{"href":"https:\/\/e.kosmolat.eu\/lt\/wp-json\/wp\/v2\/media?parent=44893"}],"wp:term":[{"taxonomy":"product_cat","embeddable":true,"href":"https:\/\/e.kosmolat.eu\/lt\/wp-json\/wp\/v2\/product_cat?post=44893"},{"taxonomy":"product_tag","embeddable":true,"href":"https:\/\/e.kosmolat.eu\/lt\/wp-json\/wp\/v2\/product_tag?post=44893"}],"curies":[{"name":"wp","href":"https:\/\/api.w.org\/{rel}","templated":true}]}}