{"id":44873,"date":"2024-02-13T05:02:55","date_gmt":"2024-02-13T05:02:55","guid":{"rendered":"https:\/\/e.kosmolat.eu\/product\/blyskavka-svammite-apaviem-bezkrasaina-videja-izmera\/"},"modified":"2026-04-23T14:14:23","modified_gmt":"2026-04-23T14:14:23","slug":"blyskavka-svammite-apaviem-bezkrasaina-videja-izmera","status":"publish","type":"product","link":"https:\/\/e.kosmolat.eu\/lt\/produktas\/blyskavka-svammite-apaviem-bezkrasaina-videja-izmera\/","title":{"rendered":"BLYSKAVKA Kempin\u0117l\u0117 odinei avalynei, bespalv\u0117"},"content":{"rendered":"<p>Silikono pagrindu<\/p>\n","protected":false},"excerpt":{"rendered":"<p>Silikono pagrindu<\/p>\n","protected":false},"featured_media":84106,"template":"","meta":[],"product_cat":[1731],"product_tag":[],"class_list":{"0":"post-44873","1":"product","2":"type-product","3":"status-publish","4":"has-post-thumbnail","6":"product_brand-blyskavka_ua-lt","7":"product_cat-batu-valymo-priemones-ir-priedai","9":"first","10":"instock","11":"taxable","12":"shipping-taxable","13":"product-type-simple"},"_links":{"self":[{"href":"https:\/\/e.kosmolat.eu\/lt\/wp-json\/wp\/v2\/product\/44873","targetHints":{"allow":["GET"]}}],"collection":[{"href":"https:\/\/e.kosmolat.eu\/lt\/wp-json\/wp\/v2\/product"}],"about":[{"href":"https:\/\/e.kosmolat.eu\/lt\/wp-json\/wp\/v2\/types\/product"}],"wp:featuredmedia":[{"embeddable":true,"href":"https:\/\/e.kosmolat.eu\/lt\/wp-json\/wp\/v2\/media\/84106"}],"wp:attachment":[{"href":"https:\/\/e.kosmolat.eu\/lt\/wp-json\/wp\/v2\/media?parent=44873"}],"wp:term":[{"taxonomy":"product_cat","embeddable":true,"href":"https:\/\/e.kosmolat.eu\/lt\/wp-json\/wp\/v2\/product_cat?post=44873"},{"taxonomy":"product_tag","embeddable":true,"href":"https:\/\/e.kosmolat.eu\/lt\/wp-json\/wp\/v2\/product_tag?post=44873"}],"curies":[{"name":"wp","href":"https:\/\/api.w.org\/{rel}","templated":true}]}}