{"id":44846,"date":"2024-02-10T05:02:17","date_gmt":"2024-02-10T05:02:17","guid":{"rendered":"https:\/\/e.kosmolat.eu\/product\/bd-auduma-sejas-maska-ar-medus-un-propolisa-ekstraktu-25-ml\/"},"modified":"2026-04-17T11:25:44","modified_gmt":"2026-04-17T11:25:44","slug":"bd-auduma-sejas-maska-ar-medus-un-propolisa-ekstraktu-25-ml","status":"publish","type":"product","link":"https:\/\/e.kosmolat.eu\/lt\/produktas\/bd-auduma-sejas-maska-ar-medus-un-propolisa-ekstraktu-25-ml\/","title":{"rendered":"BEAUTYDERM Lak\u0161tin\u0117 kauk\u0117 su medumi ir propolio ekstraktu, 25 ml"},"content":{"rendered":"<p>Mink&scaron;tina, maitina ir dr\u0117kina od\u0105, tod\u0117l ji tampa lygi, stangri ir elastinga.<\/p>\n<p><strong>Naudojimo b\u016bdas:<\/strong><br \/>\n1. I&scaron;imkite kauk\u0119 i&scaron; pakuot\u0117s ir &scaron;velniai paskirstydami pir&scaron;t\u0173 galiukais u\u017ed4kite ant anks\u010diau nuvalyto veido.<br \/>\n2. Palaikykite kauk\u0119 ant odos 15-20 minu\u010di\u0173.<br \/>\n3. Likusi\u0105 emulsijos dal\u012f masa\u017einiais judesiais \u012ftrinkite \u012f od\u0105. Neplaukite. Jei reikia, vatos diskeliu pa&scaron;alinkite likusi\u0105 emulsij\u0105.<\/p>\n<p><strong>D\u0117mesio: <\/strong>Lak&scaron;tin\u0117s kauk\u0117s nenaudokite pakartotinai ! Skirta vienam naudojimui. Prie&scaron; naudodami kauk\u0119 i&scaron;bandykite ant nedidelio odos ploto. Jei pasirei&scaron;kia alergin\u0117 reakcija, nustokite naudoti. Tik i&scaron;oriniam naudojimui. Kauk\u0119 rekomenduojama naudoti i&scaron;kart atidarius pakuot\u0119.<\/p>\n<p><strong>Kontraindikacijos:<\/strong> individualus netoleravimas kauk\u0117s komponentams.<\/p>\n<p>Laikyti nuo +5&deg;C iki +25&deg;C temperat\u016broje ir 55-70% santykin\u0117je dr\u0117gm\u0117je, apsaugotoje nuo tiesiogini\u0173 saul\u0117s spinduli\u0173, ne ma\u017eesniu kaip vieno metro atstumu nuo auk&scaron;tos temperat\u016bros &scaron;altini\u0173.<\/p>\n<p><strong>Tinkamumo laikas:<\/strong> 36 m\u0117nesiai nuo pagaminimo datos, nurodytos ant pakuot\u0117s.<br \/>\n&nbsp;<\/p>\n","protected":false},"excerpt":{"rendered":"<p>Mink&scaron;tina, maitina ir dr\u0117kina od\u0105, tod\u0117l ji tampa lygi, stangri ir elastinga. Naudojimo b\u016bdas: 1. I&scaron;imkite kauk\u0119 i&scaron; pakuot\u0117s ir &scaron;velniai paskirstydami pir&scaron;t\u0173 galiukais u\u017ed4kite ant anks\u010diau nuvalyto veido. 2. Palaikykite kauk\u0119 ant odos 15-20 minu\u010di\u0173. 3. Likusi\u0105 emulsijos dal\u012f masa\u017einiais judesiais \u012ftrinkite \u012f od\u0105. Neplaukite. Jei reikia, vatos diskeliu pa&scaron;alinkite likusi\u0105 emulsij\u0105. D\u0117mesio: Lak&scaron;tin\u0117s [&#8230;]\n","protected":false},"featured_media":86958,"template":"","meta":[],"product_cat":[1369],"product_tag":[],"class_list":{"0":"post-44846","1":"product","2":"type-product","3":"status-publish","4":"has-post-thumbnail","6":"product_brand-naturpro_ua-lt","7":"product_cat-veido-kaukes","9":"first","10":"instock","11":"taxable","12":"shipping-taxable","13":"product-type-simple"},"_links":{"self":[{"href":"https:\/\/e.kosmolat.eu\/lt\/wp-json\/wp\/v2\/product\/44846","targetHints":{"allow":["GET"]}}],"collection":[{"href":"https:\/\/e.kosmolat.eu\/lt\/wp-json\/wp\/v2\/product"}],"about":[{"href":"https:\/\/e.kosmolat.eu\/lt\/wp-json\/wp\/v2\/types\/product"}],"wp:featuredmedia":[{"embeddable":true,"href":"https:\/\/e.kosmolat.eu\/lt\/wp-json\/wp\/v2\/media\/86958"}],"wp:attachment":[{"href":"https:\/\/e.kosmolat.eu\/lt\/wp-json\/wp\/v2\/media?parent=44846"}],"wp:term":[{"taxonomy":"product_cat","embeddable":true,"href":"https:\/\/e.kosmolat.eu\/lt\/wp-json\/wp\/v2\/product_cat?post=44846"},{"taxonomy":"product_tag","embeddable":true,"href":"https:\/\/e.kosmolat.eu\/lt\/wp-json\/wp\/v2\/product_tag?post=44846"}],"curies":[{"name":"wp","href":"https:\/\/api.w.org\/{rel}","templated":true}]}}