{"id":44816,"date":"2024-02-09T05:06:54","date_gmt":"2024-02-09T05:06:54","guid":{"rendered":"https:\/\/e.kosmolat.eu\/product\/zimulu-asinamais-4109\/"},"modified":"2025-08-08T05:35:20","modified_gmt":"2025-08-08T05:35:20","slug":"zimulu-asinamais-4109","status":"publish","type":"product","link":"https:\/\/e.kosmolat.eu\/lt\/produktas\/zimulu-asinamais-4109\/","title":{"rendered":"DONEGAL Pie\u0161tuk\u0173 dro\u017etukas, 4109"},"content":{"rendered":"<p>Pie\u0161tuk\u0173 dro\u017etukas.<\/p>\n","protected":false},"excerpt":{"rendered":"<p>Pie\u0161tuk\u0173 dro\u017etukas.<\/p>\n","protected":false},"featured_media":7990,"template":"","meta":[],"product_cat":[1554],"product_tag":[],"class_list":{"0":"post-44816","1":"product","2":"type-product","3":"status-publish","4":"has-post-thumbnail","6":"product_brand-donegal-sp-zo-o-_pl-lt","7":"product_cat-irankiai-ir-smulkmenos","9":"first","10":"outofstock","11":"taxable","12":"shipping-taxable","13":"product-type-simple"},"_links":{"self":[{"href":"https:\/\/e.kosmolat.eu\/lt\/wp-json\/wp\/v2\/product\/44816","targetHints":{"allow":["GET"]}}],"collection":[{"href":"https:\/\/e.kosmolat.eu\/lt\/wp-json\/wp\/v2\/product"}],"about":[{"href":"https:\/\/e.kosmolat.eu\/lt\/wp-json\/wp\/v2\/types\/product"}],"wp:featuredmedia":[{"embeddable":true,"href":"https:\/\/e.kosmolat.eu\/lt\/wp-json\/wp\/v2\/media\/7990"}],"wp:attachment":[{"href":"https:\/\/e.kosmolat.eu\/lt\/wp-json\/wp\/v2\/media?parent=44816"}],"wp:term":[{"taxonomy":"product_cat","embeddable":true,"href":"https:\/\/e.kosmolat.eu\/lt\/wp-json\/wp\/v2\/product_cat?post=44816"},{"taxonomy":"product_tag","embeddable":true,"href":"https:\/\/e.kosmolat.eu\/lt\/wp-json\/wp\/v2\/product_tag?post=44816"}],"curies":[{"name":"wp","href":"https:\/\/api.w.org\/{rel}","templated":true}]}}