{"id":44808,"date":"2024-02-09T05:06:41","date_gmt":"2024-02-09T05:06:41","guid":{"rendered":"https:\/\/e.kosmolat.eu\/product\/skropstu-ieveidosana-1038\/"},"modified":"2026-04-09T16:40:48","modified_gmt":"2026-04-09T16:40:48","slug":"skropstu-ieveidosana-1038","status":"publish","type":"product","link":"https:\/\/e.kosmolat.eu\/lt\/produktas\/skropstu-ieveidosana-1038\/","title":{"rendered":"DONEGAL \u017dnypl\u0117s blakstienoms u\u017eriesti, 1038"},"content":{"rendered":"","protected":false},"excerpt":{"rendered":"","protected":false},"featured_media":80330,"template":"","meta":[],"product_cat":[1554],"product_tag":[],"class_list":{"0":"post-44808","1":"product","2":"type-product","3":"status-publish","4":"has-post-thumbnail","6":"product_brand-donegal-sp-zo-o-_pl-lt","7":"product_cat-irankiai-ir-smulkmenos","9":"first","10":"instock","11":"taxable","12":"shipping-taxable","13":"product-type-simple"},"_links":{"self":[{"href":"https:\/\/e.kosmolat.eu\/lt\/wp-json\/wp\/v2\/product\/44808","targetHints":{"allow":["GET"]}}],"collection":[{"href":"https:\/\/e.kosmolat.eu\/lt\/wp-json\/wp\/v2\/product"}],"about":[{"href":"https:\/\/e.kosmolat.eu\/lt\/wp-json\/wp\/v2\/types\/product"}],"wp:featuredmedia":[{"embeddable":true,"href":"https:\/\/e.kosmolat.eu\/lt\/wp-json\/wp\/v2\/media\/80330"}],"wp:attachment":[{"href":"https:\/\/e.kosmolat.eu\/lt\/wp-json\/wp\/v2\/media?parent=44808"}],"wp:term":[{"taxonomy":"product_cat","embeddable":true,"href":"https:\/\/e.kosmolat.eu\/lt\/wp-json\/wp\/v2\/product_cat?post=44808"},{"taxonomy":"product_tag","embeddable":true,"href":"https:\/\/e.kosmolat.eu\/lt\/wp-json\/wp\/v2\/product_tag?post=44808"}],"curies":[{"name":"wp","href":"https:\/\/api.w.org\/{rel}","templated":true}]}}