{"id":44712,"date":"2024-02-09T05:03:06","date_gmt":"2024-02-09T05:03:06","guid":{"rendered":"https:\/\/e.kosmolat.eu\/product\/donegal-nagu-vile-safira-neon-play-taisna-daz-krasas-2043\/"},"modified":"2025-09-20T00:37:00","modified_gmt":"2025-09-20T00:37:00","slug":"nagu-vile-safira-neon-play-taisna-daz-krasas-2043","status":"publish","type":"product","link":"https:\/\/e.kosmolat.eu\/lt\/produktas\/nagu-vile-safira-neon-play-taisna-daz-krasas-2043\/","title":{"rendered":"DONEGAL Neon Play safyro nag\u0173 dild\u0117, tiesi 240\/240 gr\u016bd\u0117tumo, \u012fvairi\u0173 spalv\u0173"},"content":{"rendered":"","protected":false},"excerpt":{"rendered":"","protected":false},"featured_media":88162,"template":"","meta":[],"product_cat":[1823],"product_tag":[],"class_list":{"0":"post-44712","1":"product","2":"type-product","3":"status-publish","4":"has-post-thumbnail","6":"product_brand-donegal-sp-zo-o-_pl-lt","7":"product_cat-manikiuro-priemonesi","9":"first","10":"outofstock","11":"taxable","12":"shipping-taxable","13":"product-type-simple"},"_links":{"self":[{"href":"https:\/\/e.kosmolat.eu\/lt\/wp-json\/wp\/v2\/product\/44712","targetHints":{"allow":["GET"]}}],"collection":[{"href":"https:\/\/e.kosmolat.eu\/lt\/wp-json\/wp\/v2\/product"}],"about":[{"href":"https:\/\/e.kosmolat.eu\/lt\/wp-json\/wp\/v2\/types\/product"}],"wp:featuredmedia":[{"embeddable":true,"href":"https:\/\/e.kosmolat.eu\/lt\/wp-json\/wp\/v2\/media\/88162"}],"wp:attachment":[{"href":"https:\/\/e.kosmolat.eu\/lt\/wp-json\/wp\/v2\/media?parent=44712"}],"wp:term":[{"taxonomy":"product_cat","embeddable":true,"href":"https:\/\/e.kosmolat.eu\/lt\/wp-json\/wp\/v2\/product_cat?post=44712"},{"taxonomy":"product_tag","embeddable":true,"href":"https:\/\/e.kosmolat.eu\/lt\/wp-json\/wp\/v2\/product_tag?post=44712"}],"curies":[{"name":"wp","href":"https:\/\/api.w.org\/{rel}","templated":true}]}}