{"id":44660,"date":"2024-02-03T05:04:41","date_gmt":"2024-02-03T05:04:41","guid":{"rendered":"https:\/\/e.kosmolat.eu\/product\/i_dr-s-anti-hair-loss-sampuns-250-ml\/"},"modified":"2026-04-20T13:54:57","modified_gmt":"2026-04-20T13:54:57","slug":"dr-s-anti-hair-loss-sampuns-250-ml","status":"publish","type":"product","link":"https:\/\/e.kosmolat.eu\/lt\/produktas\/dr-s-anti-hair-loss-sampuns-250-ml\/","title":{"rendered":"DR.SANTE Anti Hair Loss Plauk\u0173 \u0161amp\u016bnas, 250 ml"},"content":{"rendered":"<p>Nuo plauk\u0173 slinkimo. Trichogen complex. Skatina plauk\u0173 augim\u0105. Silpniems ir linkusiems \u012f slinkim\u0105 plaukams. Sud\u0117tyje yra aminor\u016bg&scaron;\u010di\u0173, vitamin\u0173, mineral\u0173 ir protein\u0173, intensyviai veikia nuo &scaron;akn\u0173 iki pat galiuk\u0173. Atstato plauk\u0173 strukt\u016br\u0105, skatina sveik\u0173 ir stipri\u0173 plauk\u0173 augim\u0105. Per\u0173 Maca ekstraktas stiprina plauk\u0173 svog\u016bn\u0117lius, skatina kolageno sintez\u0119. Prailgina plauk\u0173 augimo faz\u0119 ir ma\u017eina slinkim\u0105. Lubin\u0173 s\u0117kl\u0173 proteinai palankiai veikia plauk\u0173 b\u016bkl\u0119, suteikia jiems blizges\u012f ir stiprum\u0105. Apsaugo plaukus esant mechaniniam ir cheminiam poveikiui, d\u017eiovinant plauk\u0173 d\u017eiovintuv\u0173, formuojant, da\u017eant. &Scaron;amp\u016bnas &scaron;velniai valo plaukus ir galvos od\u0105.<\/p>\n<p><strong>Naudojimo b\u016bdas:&nbsp;<\/strong>reikiam\u0105 &scaron;amp\u016bno kiek\u012f u\u017etepkite ant dr\u0117gn\u0173 plauk\u0173, sukelkite putas, tada nuplaukite vandeniu. Jei reikia, proced\u016br\u0105 pakartokite.<\/p>\n","protected":false},"excerpt":{"rendered":"<p>Nuo plauk\u0173 slinkimo. Trichogen complex. Skatina plauk\u0173 augim\u0105. Silpniems ir linkusiems \u012f slinkim\u0105 plaukams. Sud\u0117tyje yra aminor\u016bg&scaron;\u010di\u0173, vitamin\u0173, mineral\u0173 ir protein\u0173, intensyviai veikia nuo &scaron;akn\u0173 iki pat galiuk\u0173. Atstato plauk\u0173 strukt\u016br\u0105, skatina sveik\u0173 ir stipri\u0173 plauk\u0173 augim\u0105. Per\u0173 Maca ekstraktas stiprina plauk\u0173 svog\u016bn\u0117lius, skatina kolageno sintez\u0119. Prailgina plauk\u0173 augimo faz\u0119 ir ma\u017eina slinkim\u0105. Lubin\u0173 s\u0117kl\u0173 [&#8230;]\n","protected":false},"featured_media":80898,"template":"","meta":[],"product_cat":[1251],"product_tag":[],"class_list":{"0":"post-44660","1":"product","2":"type-product","3":"status-publish","4":"has-post-thumbnail","6":"product_brand-elfa_ua-lt","7":"product_cat-sampunai","9":"first","10":"instock","11":"taxable","12":"shipping-taxable","13":"product-type-simple"},"_links":{"self":[{"href":"https:\/\/e.kosmolat.eu\/lt\/wp-json\/wp\/v2\/product\/44660","targetHints":{"allow":["GET"]}}],"collection":[{"href":"https:\/\/e.kosmolat.eu\/lt\/wp-json\/wp\/v2\/product"}],"about":[{"href":"https:\/\/e.kosmolat.eu\/lt\/wp-json\/wp\/v2\/types\/product"}],"wp:featuredmedia":[{"embeddable":true,"href":"https:\/\/e.kosmolat.eu\/lt\/wp-json\/wp\/v2\/media\/80898"}],"wp:attachment":[{"href":"https:\/\/e.kosmolat.eu\/lt\/wp-json\/wp\/v2\/media?parent=44660"}],"wp:term":[{"taxonomy":"product_cat","embeddable":true,"href":"https:\/\/e.kosmolat.eu\/lt\/wp-json\/wp\/v2\/product_cat?post=44660"},{"taxonomy":"product_tag","embeddable":true,"href":"https:\/\/e.kosmolat.eu\/lt\/wp-json\/wp\/v2\/product_tag?post=44660"}],"curies":[{"name":"wp","href":"https:\/\/api.w.org\/{rel}","templated":true}]}}