{"id":44648,"date":"2024-02-03T05:04:09","date_gmt":"2024-02-03T05:04:09","guid":{"rendered":"https:\/\/e.kosmolat.eu\/product\/dd-krems-rokam-un-nagiem-bisu-vasks-250-ml\/"},"modified":"2026-04-22T10:35:27","modified_gmt":"2026-04-22T10:35:27","slug":"dd-krems-rokam-un-nagiem-bisu-vasks-250-ml","status":"publish","type":"product","link":"https:\/\/e.kosmolat.eu\/lt\/produktas\/dd-krems-rokam-un-nagiem-bisu-vasks-250-ml\/","title":{"rendered":"THE DOCTOR HEALTH &#038; CARE  Rank\u0173 ir koj\u0173 kremas bi\u010di\u0173 va\u0161kas, 250 ml"},"content":{"rendered":"<p>Kremas padeda i\u0161laikyti sveik\u0105, \u0161velni\u0105 od\u0105.Saugo ir stiprina od\u0105 bei nagus.<\/p>\n<p>NAUDOJIMAS: tepkite ant \u0161varios, sausos odos.<\/p>\n<p>Laikymo s\u0105lygos: +5 iki +25\u00b0C.<\/p>\n","protected":false},"excerpt":{"rendered":"<p>Kremas padeda i\u0161laikyti sveik\u0105, \u0161velni\u0105 od\u0105.Saugo ir stiprina od\u0105 bei nagus. NAUDOJIMAS: tepkite ant \u0161varios, sausos odos. Laikymo s\u0105lygos: +5 iki +25\u00b0C.<\/p>\n","protected":false},"featured_media":79686,"template":"","meta":[],"product_cat":[2181],"product_tag":[],"class_list":{"0":"post-44648","1":"product","2":"type-product","3":"status-publish","4":"has-post-thumbnail","6":"product_brand-elfa_ua-lt","7":"product_cat-bez-kategorijas-lt","9":"first","10":"instock","11":"taxable","12":"shipping-taxable","13":"product-type-simple"},"_links":{"self":[{"href":"https:\/\/e.kosmolat.eu\/lt\/wp-json\/wp\/v2\/product\/44648","targetHints":{"allow":["GET"]}}],"collection":[{"href":"https:\/\/e.kosmolat.eu\/lt\/wp-json\/wp\/v2\/product"}],"about":[{"href":"https:\/\/e.kosmolat.eu\/lt\/wp-json\/wp\/v2\/types\/product"}],"wp:featuredmedia":[{"embeddable":true,"href":"https:\/\/e.kosmolat.eu\/lt\/wp-json\/wp\/v2\/media\/79686"}],"wp:attachment":[{"href":"https:\/\/e.kosmolat.eu\/lt\/wp-json\/wp\/v2\/media?parent=44648"}],"wp:term":[{"taxonomy":"product_cat","embeddable":true,"href":"https:\/\/e.kosmolat.eu\/lt\/wp-json\/wp\/v2\/product_cat?post=44648"},{"taxonomy":"product_tag","embeddable":true,"href":"https:\/\/e.kosmolat.eu\/lt\/wp-json\/wp\/v2\/product_tag?post=44648"}],"curies":[{"name":"wp","href":"https:\/\/api.w.org\/{rel}","templated":true}]}}