{"id":44640,"date":"2024-02-03T05:03:54","date_gmt":"2024-02-03T05:03:54","guid":{"rendered":"https:\/\/e.kosmolat.eu\/product\/caramel-depilacijas-krems-bikini-zonai-un-padusem-100-ml\/"},"modified":"2026-04-20T11:46:30","modified_gmt":"2026-04-20T11:46:30","slug":"lady-caramel-depilacijas-krems-bikini-zonai-un-padusem-100-ml","status":"publish","type":"product","link":"https:\/\/e.kosmolat.eu\/lt\/produktas\/lady-caramel-depilacijas-krems-bikini-zonai-un-padusem-100-ml\/","title":{"rendered":"LADY CARAMEL Depiliacinis kremas bikini zonai ir pa\u017eastims, 100 ml"},"content":{"rendered":"<p>Kakavos sviestas, taukmed\u017eio sviestas.<\/p>\n<p>Dr\u0117kinantis kremas jautri\u0173 k\u016bno viet\u0173 depiliacijai. &Scaron;velni depiliacija. Greitai ir be skausmo pa&scaron;alina ataugusius plaukus. Dr\u0117kina. Po depiliacijos oda tampa mink&scaron;ta ir lygi. Priemon\u0117 yra nuolatin\u0117je mikrobiologin\u0117je ir labolatorin\u0117je kontrol\u0117je. Naudoti pagal intrukcij\u0105.<\/p>\n<p><strong>Naudojimo b\u016bdas:&nbsp;<\/strong>Su mentel\u0117s pagalba krem\u0105 tolygiai u\u017etepti ant norimo odos ploto.<\/p>\n<p>NE\u012eTRINTI! KREM\u0104 PALIKTI ANT ODOS 5-10 minu\u010di\u0173.<\/p>\n<p>NELEISTI I&Scaron;D\u017dI\u016aTI! Pa&scaron;alinti krem\u0105 mentel\u0117s pagalba, braukti i&scaron; apa\u010dios \u012f vir&scaron;\u0173. Po depiliacijos od\u0105 nuplauti v\u0117siu vandeniu be muilo ir nu&scaron;luostyti rank&scaron;luo&scaron;\u010diu.<\/p>\n<p><strong>Rekomenduojama:&nbsp;<\/strong>Prie&scaron; depiliacij\u0105 padaryti jautrios odos test\u0105: nedidel\u012f kremo kiek\u012f u\u017etepti ant vidin\u0117s rankos pus\u0117s, palikyti 10min., nuplauti v\u0117siu vandeniu. Jei per 24val. ant odos neatsirado sudirgimo-galima depiliuoti.<\/p>\n<ul>\n<li>Netepti priemon\u0117s ant pa\u017eeistos, sudirgusios arba stipriai \u012fdegusios odos.<\/li>\n<li>Nenaudoti gilios bikinio zonos depiliacijai.<\/li>\n<li>24val. po depiliacjos negalima naudotis dezodorantais ir kvepalais.<\/li>\n<li>I&scaron;kart po depiliacijos negalima degintis saul\u0117je arba soliariume.<\/li>\n<\/ul>\n<p>D\u0116MESIO! Stipraus poveikio priemon\u0117! Saugoti nuo vaik\u0173! Nenaudoti vaido plauk\u0173 depiliacijai. Vengti priemon\u0117s patekimo \u012f aki sarba gleivin\u0119. Patekimo atveju praplauti dideliu kiekiu vandens ir esant b\u016btinybei kreiptis \u012f gydytoj\u0105.<\/p>\n<p><strong>Laikymo s\u0105lygos:<\/strong> nuo +5 &deg; C iki +25 &deg; C.<\/p>\n","protected":false},"excerpt":{"rendered":"<p>Kakavos sviestas, taukmed\u017eio sviestas. Dr\u0117kinantis kremas jautri\u0173 k\u016bno viet\u0173 depiliacijai. &Scaron;velni depiliacija. Greitai ir be skausmo pa&scaron;alina ataugusius plaukus. Dr\u0117kina. Po depiliacijos oda tampa mink&scaron;ta ir lygi. Priemon\u0117 yra nuolatin\u0117je mikrobiologin\u0117je ir labolatorin\u0117je kontrol\u0117je. Naudoti pagal intrukcij\u0105. Naudojimo b\u016bdas:&nbsp;Su mentel\u0117s pagalba krem\u0105 tolygiai u\u017etepti ant norimo odos ploto. NE\u012eTRINTI! KREM\u0104 PALIKTI ANT ODOS 5-10 minu\u010di\u0173. [&#8230;]\n","protected":false},"featured_media":78990,"template":"","meta":[],"product_cat":[1624],"product_tag":[],"class_list":{"0":"post-44640","1":"product","2":"type-product","3":"status-publish","4":"has-post-thumbnail","6":"product_brand-elfa_ua-lt","7":"product_cat-depiliacijos-priemones","9":"first","10":"instock","11":"taxable","12":"shipping-taxable","13":"product-type-simple"},"_links":{"self":[{"href":"https:\/\/e.kosmolat.eu\/lt\/wp-json\/wp\/v2\/product\/44640","targetHints":{"allow":["GET"]}}],"collection":[{"href":"https:\/\/e.kosmolat.eu\/lt\/wp-json\/wp\/v2\/product"}],"about":[{"href":"https:\/\/e.kosmolat.eu\/lt\/wp-json\/wp\/v2\/types\/product"}],"wp:featuredmedia":[{"embeddable":true,"href":"https:\/\/e.kosmolat.eu\/lt\/wp-json\/wp\/v2\/media\/78990"}],"wp:attachment":[{"href":"https:\/\/e.kosmolat.eu\/lt\/wp-json\/wp\/v2\/media?parent=44640"}],"wp:term":[{"taxonomy":"product_cat","embeddable":true,"href":"https:\/\/e.kosmolat.eu\/lt\/wp-json\/wp\/v2\/product_cat?post=44640"},{"taxonomy":"product_tag","embeddable":true,"href":"https:\/\/e.kosmolat.eu\/lt\/wp-json\/wp\/v2\/product_tag?post=44640"}],"curies":[{"name":"wp","href":"https:\/\/api.w.org\/{rel}","templated":true}]}}