{"id":44628,"date":"2024-02-03T05:03:24","date_gmt":"2024-02-03T05:03:24","guid":{"rendered":"https:\/\/e.kosmolat.eu\/product\/za-kaju-krems-dziedejoss-75-ml\/"},"modified":"2026-04-22T14:04:43","modified_gmt":"2026-04-22T14:04:43","slug":"gp-kaju-krems-pret-pedu-plaisam-75-ml","status":"publish","type":"product","link":"https:\/\/e.kosmolat.eu\/lt\/produktas\/gp-kaju-krems-pret-pedu-plaisam-75-ml\/","title":{"rendered":"GP Koj\u0173 kremas Nuo \u012ftr\u016bkim\u0173"},"content":{"rendered":"<p>Nuo koj\u0173 \u012ftr\u016bkim\u0173\u00a0 kremas su 10% karbamidu ir graiki\u0161k\u0173 rie\u0161ut\u0173 aliejumi.<br \/>\nKremas yra veiksmingas, jei yra pa\u017eeista p\u0117d\u0173 oda (\u012ftr\u016bkimai, \u012fbr\u0117\u017eimai). 10% karbamidas dr\u0117kina ir mink\u0161tina od\u0105. Bi\u010di\u0173 va\u0161kas, graiki\u0161k\u0173 rie\u0161ut\u0173 aliejus, gyslo\u010dio ekstraktas, eterinis arbatmed\u017eio aliejus gydo ir regeneruoja od\u0105.<\/p>\n<p>NAUDOJIMO B\u016aDAS: u\u017etepkite kremo ant \u0161vari\u0173 ir saus\u0173 p\u0117d\u0173, naudoti nak\u010diai.<\/p>\n<p>Laikymo s\u0105lygos: nuo +5\u00b0\u0421 iki +25\u00b0\u0421.<br \/>\nPo atidarymo naudoti 12 m\u0117n.<\/p>\n","protected":false},"excerpt":{"rendered":"<p>Nuo koj\u0173 \u012ftr\u016bkim\u0173\u00a0 kremas su 10% karbamidu ir graiki\u0161k\u0173 rie\u0161ut\u0173 aliejumi. Kremas yra veiksmingas, jei yra pa\u017eeista p\u0117d\u0173 oda (\u012ftr\u016bkimai, \u012fbr\u0117\u017eimai). 10% karbamidas dr\u0117kina ir mink\u0161tina od\u0105. Bi\u010di\u0173 va\u0161kas, graiki\u0161k\u0173 rie\u0161ut\u0173 aliejus, gyslo\u010dio ekstraktas, eterinis arbatmed\u017eio aliejus gydo ir regeneruoja od\u0105. NAUDOJIMO B\u016aDAS: u\u017etepkite kremo ant \u0161vari\u0173 ir saus\u0173 p\u0117d\u0173, naudoti nak\u010diai. Laikymo s\u0105lygos: nuo [&#8230;]\n","protected":false},"featured_media":104404,"template":"","meta":[],"product_cat":[2181],"product_tag":[],"class_list":{"0":"post-44628","1":"product","2":"type-product","3":"status-publish","4":"has-post-thumbnail","6":"product_brand-elfa_ua-lt","7":"product_cat-bez-kategorijas-lt","9":"first","10":"instock","11":"taxable","12":"shipping-taxable","13":"product-type-simple"},"_links":{"self":[{"href":"https:\/\/e.kosmolat.eu\/lt\/wp-json\/wp\/v2\/product\/44628","targetHints":{"allow":["GET"]}}],"collection":[{"href":"https:\/\/e.kosmolat.eu\/lt\/wp-json\/wp\/v2\/product"}],"about":[{"href":"https:\/\/e.kosmolat.eu\/lt\/wp-json\/wp\/v2\/types\/product"}],"wp:featuredmedia":[{"embeddable":true,"href":"https:\/\/e.kosmolat.eu\/lt\/wp-json\/wp\/v2\/media\/104404"}],"wp:attachment":[{"href":"https:\/\/e.kosmolat.eu\/lt\/wp-json\/wp\/v2\/media?parent=44628"}],"wp:term":[{"taxonomy":"product_cat","embeddable":true,"href":"https:\/\/e.kosmolat.eu\/lt\/wp-json\/wp\/v2\/product_cat?post=44628"},{"taxonomy":"product_tag","embeddable":true,"href":"https:\/\/e.kosmolat.eu\/lt\/wp-json\/wp\/v2\/product_tag?post=44628"}],"curies":[{"name":"wp","href":"https:\/\/api.w.org\/{rel}","templated":true}]}}