{"id":44624,"date":"2024-02-03T05:03:12","date_gmt":"2024-02-03T05:03:12","guid":{"rendered":"https:\/\/e.kosmolat.eu\/product\/za-maigas-intimas-ziepes-arstnieciska-kumelite-jutigai-adai-370-ml\/"},"modified":"2026-04-22T14:02:40","modified_gmt":"2026-04-22T14:02:40","slug":"gp-maiga-zel-intimai-hig-kumelite-jut-adai-370-ml","status":"publish","type":"product","link":"https:\/\/e.kosmolat.eu\/lt\/produktas\/gp-maiga-zel-intimai-hig-kumelite-jut-adai-370-ml\/","title":{"rendered":"GREEN PHARMACY \u0160velnus intymus muilas jautriai odai Ramun\u0117l\u0117, 370 ml"},"content":{"rendered":"<p>Skirtas \u0161velniam intymi\u0173 viet\u0173 jautri\u0173 gleivini\u0173 valymui ir prie\u017ei\u016brai. Subalansuota muilo sud\u0117tis atsi\u017evelgia \u012f fiziologines intymi\u0173 viet\u0173 ypatybes, nepersausinant odos. Suteikia ilgalaik\u012f komforto, gaivos ir \u0161varos poj\u016bt\u012f. Rekomenduojamas kasdieniniam naudojimui.<br \/>\nRamun\u0117li\u0173 ekstraktas ramina jautri\u0105 od\u0105. Pantenolis ir alantoinas mink\u0161tina ir dr\u0117kina od\u0105. Dermatologi\u0161kai patikrintas.<\/p>\n<p>Naudojimas: tepti ant intymi\u0173 k\u016bno viet\u0173, nuplauti vandeniu.<\/p>\n<p>Atsargumo priemon\u0117s: padid\u0117j\u0119s individualus jautrumas atskiriems komponentams.<\/p>\n<p>Laikymo temperat\u016bra: laikyti nuo +5\u00b0C iki +25\u00b0C temperat\u016broje.<\/p>\n<p>Geriausias: 30 m\u0117nesi\u0173 nuo pagaminimo datos.<\/p>\n","protected":false},"excerpt":{"rendered":"<p>Skirtas \u0161velniam intymi\u0173 viet\u0173 jautri\u0173 gleivini\u0173 valymui ir prie\u017ei\u016brai. Subalansuota muilo sud\u0117tis atsi\u017evelgia \u012f fiziologines intymi\u0173 viet\u0173 ypatybes, nepersausinant odos. Suteikia ilgalaik\u012f komforto, gaivos ir \u0161varos poj\u016bt\u012f. Rekomenduojamas kasdieniniam naudojimui. Ramun\u0117li\u0173 ekstraktas ramina jautri\u0105 od\u0105. Pantenolis ir alantoinas mink\u0161tina ir dr\u0117kina od\u0105. Dermatologi\u0161kai patikrintas. Naudojimas: tepti ant intymi\u0173 k\u016bno viet\u0173, nuplauti vandeniu. Atsargumo priemon\u0117s: padid\u0117j\u0119s [&#8230;]\n","protected":false},"featured_media":78914,"template":"","meta":[],"product_cat":[2181],"product_tag":[],"class_list":{"0":"post-44624","1":"product","2":"type-product","3":"status-publish","4":"has-post-thumbnail","6":"product_brand-elfa_ua-lt","7":"product_cat-bez-kategorijas-lt","9":"first","10":"instock","11":"taxable","12":"shipping-taxable","13":"product-type-simple"},"_links":{"self":[{"href":"https:\/\/e.kosmolat.eu\/lt\/wp-json\/wp\/v2\/product\/44624","targetHints":{"allow":["GET"]}}],"collection":[{"href":"https:\/\/e.kosmolat.eu\/lt\/wp-json\/wp\/v2\/product"}],"about":[{"href":"https:\/\/e.kosmolat.eu\/lt\/wp-json\/wp\/v2\/types\/product"}],"wp:featuredmedia":[{"embeddable":true,"href":"https:\/\/e.kosmolat.eu\/lt\/wp-json\/wp\/v2\/media\/78914"}],"wp:attachment":[{"href":"https:\/\/e.kosmolat.eu\/lt\/wp-json\/wp\/v2\/media?parent=44624"}],"wp:term":[{"taxonomy":"product_cat","embeddable":true,"href":"https:\/\/e.kosmolat.eu\/lt\/wp-json\/wp\/v2\/product_cat?post=44624"},{"taxonomy":"product_tag","embeddable":true,"href":"https:\/\/e.kosmolat.eu\/lt\/wp-json\/wp\/v2\/product_tag?post=44624"}],"curies":[{"name":"wp","href":"https:\/\/api.w.org\/{rel}","templated":true}]}}