{"id":44592,"date":"2024-02-03T05:01:35","date_gmt":"2024-02-03T05:01:35","guid":{"rendered":"https:\/\/e.kosmolat.eu\/product\/lady-caramel-kr-sejas-depilacijai-ipasi-maigs-50-ml\/"},"modified":"2026-03-31T09:26:19","modified_gmt":"2026-03-31T09:26:19","slug":"lady-caramel-kr-sejas-depilacijai-ipasi-maigs-50-ml","status":"publish","type":"product","link":"https:\/\/e.kosmolat.eu\/lt\/produktas\/lady-caramel-kr-sejas-depilacijai-ipasi-maigs-50-ml\/","title":{"rendered":"LADY CARAMEL Itin \u0161velnus veido depiliacinis kremas, 50 ml"},"content":{"rendered":"<p>Kremas greitai ir &scaron;velniai pa&scaron;alina nepageidaujamus veido plaukus. Argano aliejus dr\u0117kina ir mink&scaron;tina od\u0105, ma\u017eina dirginim\u0105 ir paraudim\u0105 po depiliacijos. Migdol\u0173 aliejus ir vanil\u0117s ekstraktas suteikia kremo formulei ypatingo &scaron;velnumo, leid\u017eian\u010dio depiliuoti net ir jautriausi\u0105 od\u0105.<\/p>\n<p><strong>Atsargumo priemon\u0117s: <\/strong>vadovaukit\u0117s naudojimo instrukcijomis. Vengti patekimo \u012f akis ar ant &nbsp;l\u016bp\u0173. Patekus \u012f akis, nedelsiant gausiai praplauti vandeniu ir, jei reikia, kreiptis \u012f gydytoj\u0105. Laikyti vaikams nepasiekiamoje vietoje. Sud\u0117tyje yra tioglikolato. Sud\u0117tyje yra &scaron;arm\u0173.<\/p>\n<p>Laikyti nuo +5 &deg;C iki +25 &deg;C temperat\u016broje.<br \/>\n&nbsp;<\/p>\n","protected":false},"excerpt":{"rendered":"<p>Kremas greitai ir &scaron;velniai pa&scaron;alina nepageidaujamus veido plaukus. Argano aliejus dr\u0117kina ir mink&scaron;tina od\u0105, ma\u017eina dirginim\u0105 ir paraudim\u0105 po depiliacijos. Migdol\u0173 aliejus ir vanil\u0117s ekstraktas suteikia kremo formulei ypatingo &scaron;velnumo, leid\u017eian\u010dio depiliuoti net ir jautriausi\u0105 od\u0105. Atsargumo priemon\u0117s: vadovaukit\u0117s naudojimo instrukcijomis. Vengti patekimo \u012f akis ar ant &nbsp;l\u016bp\u0173. Patekus \u012f akis, nedelsiant gausiai praplauti vandeniu [&#8230;]\n","protected":false},"featured_media":100236,"template":"","meta":[],"product_cat":[2181],"product_tag":[],"class_list":{"0":"post-44592","1":"product","2":"type-product","3":"status-publish","4":"has-post-thumbnail","6":"product_brand-elfa_ua-lt","7":"product_cat-bez-kategorijas-lt","9":"first","10":"instock","11":"taxable","12":"shipping-taxable","13":"product-type-simple"},"_links":{"self":[{"href":"https:\/\/e.kosmolat.eu\/lt\/wp-json\/wp\/v2\/product\/44592","targetHints":{"allow":["GET"]}}],"collection":[{"href":"https:\/\/e.kosmolat.eu\/lt\/wp-json\/wp\/v2\/product"}],"about":[{"href":"https:\/\/e.kosmolat.eu\/lt\/wp-json\/wp\/v2\/types\/product"}],"wp:featuredmedia":[{"embeddable":true,"href":"https:\/\/e.kosmolat.eu\/lt\/wp-json\/wp\/v2\/media\/100236"}],"wp:attachment":[{"href":"https:\/\/e.kosmolat.eu\/lt\/wp-json\/wp\/v2\/media?parent=44592"}],"wp:term":[{"taxonomy":"product_cat","embeddable":true,"href":"https:\/\/e.kosmolat.eu\/lt\/wp-json\/wp\/v2\/product_cat?post=44592"},{"taxonomy":"product_tag","embeddable":true,"href":"https:\/\/e.kosmolat.eu\/lt\/wp-json\/wp\/v2\/product_tag?post=44592"}],"curies":[{"name":"wp","href":"https:\/\/api.w.org\/{rel}","templated":true}]}}