{"id":44552,"date":"2024-02-03T05:00:25","date_gmt":"2024-02-03T05:00:25","guid":{"rendered":"https:\/\/e.kosmolat.eu\/product\/dr-hc-matu-maska-kerat-argin-biot-946-ml\/"},"modified":"2025-07-08T14:41:11","modified_gmt":"2025-07-08T14:41:11","slug":"i_the-doctor-hc-matu-maska-kerat-argin-biot-946-ml","status":"publish","type":"product","link":"https:\/\/e.kosmolat.eu\/lt\/produktas\/i_the-doctor-hc-matu-maska-kerat-argin-biot-946-ml\/","title":{"rendered":"I_THE DOCTOR HEALTH &#038; CARE Plauk\u0173 kauk\u0117 Maximum Energy, Keratinas + Argininas + Biotinas, 946 ml"},"content":{"rendered":"<p>Speciali formul\u0117 su keratino, arginino ir biotino kompleksu.<\/p>\n<p><strong>Naudojimas:<\/strong> Tepkite ant \u0161vari\u0173, dr\u0117gn\u0173 plauk\u0173. Palaikykite 5 minutes, tada kruop\u0161\u010diai nuplaukite vandeniu.<\/p>\n<p><strong>Atsargumo priemon\u0117s:<\/strong> Patekus \u012f akis, kruop\u0161\u010diai nuplaukite dideliu kiekiu vandens. Galimas individualus jautrumas atskiriems produkto komponentams.<\/p>\n<p><strong>Geriausdias:<\/strong> 30 m\u0117n. nuo pagaminimo datos<\/p>\n<p>Laikyti nuo +5 &deg;C iki +25 &deg;C temperat\u016broje.<br \/>\n&nbsp;<\/p>\n","protected":false},"excerpt":{"rendered":"<p>Speciali formul\u0117 su keratino, arginino ir biotino kompleksu. Naudojimas: Tepkite ant \u0161vari\u0173, dr\u0117gn\u0173 plauk\u0173. Palaikykite 5 minutes, tada kruop\u0161\u010diai nuplaukite vandeniu. Atsargumo priemon\u0117s: Patekus \u012f akis, kruop\u0161\u010diai nuplaukite dideliu kiekiu vandens. Galimas individualus jautrumas atskiriems produkto komponentams. Geriausdias: 30 m\u0117n. nuo pagaminimo datos Laikyti nuo +5 &deg;C iki +25 &deg;C temperat\u016broje. &nbsp;<\/p>\n","protected":false},"featured_media":44554,"template":"","meta":[],"product_cat":[1256],"product_tag":[],"class_list":{"0":"post-44552","1":"product","2":"type-product","3":"status-publish","4":"has-post-thumbnail","6":"product_brand-elfa_ua-lt","7":"product_cat-plauku-kaukes","9":"first","10":"outofstock","11":"taxable","12":"shipping-taxable","13":"product-type-simple"},"_links":{"self":[{"href":"https:\/\/e.kosmolat.eu\/lt\/wp-json\/wp\/v2\/product\/44552","targetHints":{"allow":["GET"]}}],"collection":[{"href":"https:\/\/e.kosmolat.eu\/lt\/wp-json\/wp\/v2\/product"}],"about":[{"href":"https:\/\/e.kosmolat.eu\/lt\/wp-json\/wp\/v2\/types\/product"}],"wp:featuredmedia":[{"embeddable":true,"href":"https:\/\/e.kosmolat.eu\/lt\/wp-json\/wp\/v2\/media\/44554"}],"wp:attachment":[{"href":"https:\/\/e.kosmolat.eu\/lt\/wp-json\/wp\/v2\/media?parent=44552"}],"wp:term":[{"taxonomy":"product_cat","embeddable":true,"href":"https:\/\/e.kosmolat.eu\/lt\/wp-json\/wp\/v2\/product_cat?post=44552"},{"taxonomy":"product_tag","embeddable":true,"href":"https:\/\/e.kosmolat.eu\/lt\/wp-json\/wp\/v2\/product_tag?post=44552"}],"curies":[{"name":"wp","href":"https:\/\/api.w.org\/{rel}","templated":true}]}}