{"id":44522,"date":"2024-02-02T05:15:31","date_gmt":"2024-02-02T05:15:31","guid":{"rendered":"https:\/\/e.kosmolat.eu\/product\/bd-serums-sejai-anti-age-ar-nanopeptidiem-30-ml\/"},"modified":"2026-04-23T06:02:50","modified_gmt":"2026-04-23T06:02:50","slug":"bd-serums-sejai-anti-age-ar-nanopeptidiem-30-ml","status":"publish","type":"product","link":"https:\/\/e.kosmolat.eu\/lt\/produktas\/bd-serums-sejai-anti-age-ar-nanopeptidiem-30-ml\/","title":{"rendered":"BEAUTYDERM Serumas veidui &#8220;Anti-age&#8221; su nano peptidais, 30 ml"},"content":{"rendered":"<p>Serumas su nanopeptidais l\u0117tina odos sen\u0117jimo procesus.<br \/>\nNanopeptidai &ndash; aktyvintos aminor\u016bg\u0161tys, b\u016btinos epidermio metabolizmui skatinti ir odos stangrumui bei elastingumui didinti.<br \/>\nSyn-Ake yra auk\u0161t\u0173j\u0173 technologij\u0173 dirbtinis gyvat\u0117s peptidas, kuris suma\u017eina raumen\u0173 \u012ftamp\u0105, padeda suma\u017einti dyd\u012f ir u\u017ekirsti keli\u0105 nauj\u0173 rauk\u0161li\u0173 susidarymui.<br \/>\nHialurono r\u016bg\u0161tis &ndash; giliai atkuria ir dr\u0117kina epiderm\u012f, skatina odos atsinaujinimo ir atjauninimo procesus, atstato dr\u0117gm\u0117s tr\u016bkum\u0105.<br \/>\nProvitaminas B5 &ndash; skatina mikro\u012ftr\u016bkim\u0173 gijim\u0105 ir odos atsinaujinim\u0105.<br \/>\nNaudojant nuolat, produktas:<br \/>\n&#8211; pagerins odos b\u016bkl\u0119, kuri prad\u0117jo aktyviai reik\u0161ti su am\u017eiumi susijusius poky\u010dius;<br \/>\n&#8211; aktyvina l\u0105steli\u0173 regeneracijos proces\u0105;<br \/>\n&#8211; neleid\u017eia progresuoti sen\u0117jimo procesui.<br \/>\n<strong>Naudojimas:<\/strong> kelis la\u0161us serumo masa\u017einiais judesiais tepkite du kartus per dien\u0105 ant nuvalytos ir sudr\u0117kintos veido, kaklo ir dekolt\u0117 odos. Galima naudoti ant odos paaki\u0173 srityse ir kaip makia\u017eo pagrind\u0105. Palikite, kol visi\u0161kai \u012fsigers. Jei reikia, patepkite kremu. Siekiant geriausi\u0173 rezultat\u0173, rekomenduojama naudoti bent &nbsp;m\u0117nes\u012f. Tik i\u0161oriniam naudojimui.<br \/>\nD\u0117mesio: prie\u0161 naudojant produkt\u0105 b\u016btina i\u0161bandyti ant nedidelio odos ploto. Jei pasirei\u0161kia alergin\u0117 reakcija, nustokite naudoti. Naudokite kaip nurodyta. Tik i\u0161oriniam naudojimui.<br \/>\n<strong>Kontraindikacijos<\/strong>: individualus netoleravimas produkto sudedamosioms dalims. Laikyti nuo +5&deg;C iki +25&deg;C ir 55-75% santykin\u0117je dr\u0117gm\u0117je, apsaugotoje nuo tiesiogini\u0173 saul\u0117s spinduli\u0173 vietoje, ma\u017eiausiai vieno metro atstumu nuo \u0161ilumos \u0161altini\u0173.<br \/>\n&nbsp;<\/p>\n","protected":false},"excerpt":{"rendered":"<p>Serumas su nanopeptidais l\u0117tina odos sen\u0117jimo procesus. Nanopeptidai &ndash; aktyvintos aminor\u016bg\u0161tys, b\u016btinos epidermio metabolizmui skatinti ir odos stangrumui bei elastingumui didinti. Syn-Ake yra auk\u0161t\u0173j\u0173 technologij\u0173 dirbtinis gyvat\u0117s peptidas, kuris suma\u017eina raumen\u0173 \u012ftamp\u0105, padeda suma\u017einti dyd\u012f ir u\u017ekirsti keli\u0105 nauj\u0173 rauk\u0161li\u0173 susidarymui. Hialurono r\u016bg\u0161tis &ndash; giliai atkuria ir dr\u0117kina epiderm\u012f, skatina odos atsinaujinimo ir atjauninimo procesus, [&#8230;]\n","protected":false},"featured_media":86978,"template":"","meta":[],"product_cat":[1327],"product_tag":[],"class_list":{"0":"post-44522","1":"product","2":"type-product","3":"status-publish","4":"has-post-thumbnail","6":"product_brand-naturpro_ua-lt","7":"product_cat-serumai","9":"first","10":"outofstock","11":"taxable","12":"shipping-taxable","13":"product-type-simple"},"_links":{"self":[{"href":"https:\/\/e.kosmolat.eu\/lt\/wp-json\/wp\/v2\/product\/44522","targetHints":{"allow":["GET"]}}],"collection":[{"href":"https:\/\/e.kosmolat.eu\/lt\/wp-json\/wp\/v2\/product"}],"about":[{"href":"https:\/\/e.kosmolat.eu\/lt\/wp-json\/wp\/v2\/types\/product"}],"wp:featuredmedia":[{"embeddable":true,"href":"https:\/\/e.kosmolat.eu\/lt\/wp-json\/wp\/v2\/media\/86978"}],"wp:attachment":[{"href":"https:\/\/e.kosmolat.eu\/lt\/wp-json\/wp\/v2\/media?parent=44522"}],"wp:term":[{"taxonomy":"product_cat","embeddable":true,"href":"https:\/\/e.kosmolat.eu\/lt\/wp-json\/wp\/v2\/product_cat?post=44522"},{"taxonomy":"product_tag","embeddable":true,"href":"https:\/\/e.kosmolat.eu\/lt\/wp-json\/wp\/v2\/product_tag?post=44522"}],"curies":[{"name":"wp","href":"https:\/\/api.w.org\/{rel}","templated":true}]}}