{"id":44518,"date":"2024-02-02T05:15:14","date_gmt":"2024-02-02T05:15:14","guid":{"rendered":"https:\/\/e.kosmolat.eu\/product\/bd-balinosa-auduma-maska-animal-panda-whitening-25-ml\/"},"modified":"2026-04-20T08:21:38","modified_gmt":"2026-04-20T08:21:38","slug":"bd-balinosa-auduma-maska-animal-panda-whitening-25-ml","status":"publish","type":"product","link":"https:\/\/e.kosmolat.eu\/lt\/produktas\/bd-balinosa-auduma-maska-animal-panda-whitening-25-ml\/","title":{"rendered":"BEAUTYDERM Kauk\u0117 balinanti Animal Panda Brightening, 25 ml"},"content":{"rendered":"<p>Balinanti kauk\u0117 efektyviai padeda suma\u017einti strazdanas ir bet koki\u0105 kit\u0105 ry\u0161ki\u0105 pigmentacij\u0105, i\u0161lygina odos mikroreljef\u0105, atkuria jos stangrum\u0105 ir elastingum\u0105, ko pasekoje J\u016bs\u0173 oda tampa lygi ir \u0161velni, gaivi ir \u0161vytinti.<\/p>\n<p><strong>Naudojimo b\u016bdas:<\/strong><br \/>\n1. I\u0161imkite kauk\u0119 i\u0161 pakuot\u0117s ir \u0161velniai paskirstydami pir\u0161t\u0173 galiukais u\u017ed4kite ant anks\u010diau nuvalyto veido.<br \/>\n2. Palaikykite kauk\u0119 ant odos 15-20 minu\u010di\u0173.<br \/>\n3. Likusi\u0105 emulsijos dal\u012f masa\u017einiais judesiais \u012ftrinkite \u012f od\u0105. Neplaukite. Jei reikia, vatos diskeliu pa\u0161alinkite likusi\u0105 emulsij\u0105.<\/p>\n<p><strong>D\u0117mesio:<\/strong> Lak\u0161tin\u0117s kauk\u0117s nenaudokite pakartotinai! Skirta vienam naudojimui. Prie\u0161 naudodami kauk\u0119 i\u0161bandykite ant nedidelio odos ploto. Jei pasirei\u0161kia alergin\u0117 reakcija, nustokite naudoti. Tik i\u0161oriniam naudojimui. Kauk\u0119 rekomenduojama naudoti i\u0161kart atidarius pakuot\u0119.<\/p>\n<p><strong>Kontraindikacijos:<\/strong> individualus netoleravimas kauk\u0117s komponentams.<\/p>\n<p>Laikyti nuo +5&deg;C iki +25&deg;C temperat\u016broje ir 55-70% santykin\u0117je dr\u0117gm\u0117je, apsaugotoje nuo tiesiogini\u0173 saul\u0117s spinduli\u0173, ne ma\u017eesniu kaip vieno metro atstumu nuo auk\u0161tos temperat\u016bros \u0161altini\u0173.<\/p>\n<p><strong>Tinkamumo laikas:<\/strong> 36 m\u0117nesiai nuo pagaminimo datos, nurodytos ant pakuot\u0117s.<br \/>\n&nbsp;<\/p>\n","protected":false},"excerpt":{"rendered":"<p>Balinanti kauk\u0117 efektyviai padeda suma\u017einti strazdanas ir bet koki\u0105 kit\u0105 ry\u0161ki\u0105 pigmentacij\u0105, i\u0161lygina odos mikroreljef\u0105, atkuria jos stangrum\u0105 ir elastingum\u0105, ko pasekoje J\u016bs\u0173 oda tampa lygi ir \u0161velni, gaivi ir \u0161vytinti. Naudojimo b\u016bdas: 1. I\u0161imkite kauk\u0119 i\u0161 pakuot\u0117s ir \u0161velniai paskirstydami pir\u0161t\u0173 galiukais u\u017ed4kite ant anks\u010diau nuvalyto veido. 2. Palaikykite kauk\u0119 ant odos 15-20 minu\u010di\u0173. [&#8230;]\n","protected":false},"featured_media":86966,"template":"","meta":[],"product_cat":[1369],"product_tag":[],"class_list":{"0":"post-44518","1":"product","2":"type-product","3":"status-publish","4":"has-post-thumbnail","6":"product_brand-naturpro_ua-lt","7":"product_cat-veido-kaukes","9":"first","10":"instock","11":"taxable","12":"shipping-taxable","13":"product-type-simple"},"_links":{"self":[{"href":"https:\/\/e.kosmolat.eu\/lt\/wp-json\/wp\/v2\/product\/44518","targetHints":{"allow":["GET"]}}],"collection":[{"href":"https:\/\/e.kosmolat.eu\/lt\/wp-json\/wp\/v2\/product"}],"about":[{"href":"https:\/\/e.kosmolat.eu\/lt\/wp-json\/wp\/v2\/types\/product"}],"wp:featuredmedia":[{"embeddable":true,"href":"https:\/\/e.kosmolat.eu\/lt\/wp-json\/wp\/v2\/media\/86966"}],"wp:attachment":[{"href":"https:\/\/e.kosmolat.eu\/lt\/wp-json\/wp\/v2\/media?parent=44518"}],"wp:term":[{"taxonomy":"product_cat","embeddable":true,"href":"https:\/\/e.kosmolat.eu\/lt\/wp-json\/wp\/v2\/product_cat?post=44518"},{"taxonomy":"product_tag","embeddable":true,"href":"https:\/\/e.kosmolat.eu\/lt\/wp-json\/wp\/v2\/product_tag?post=44518"}],"curies":[{"name":"wp","href":"https:\/\/api.w.org\/{rel}","templated":true}]}}