{"id":44514,"date":"2024-02-02T05:14:56","date_gmt":"2024-02-02T05:14:56","guid":{"rendered":"https:\/\/e.kosmolat.eu\/product\/bd-auduma-maska-sejai-detox-25-ml\/"},"modified":"2026-04-01T14:47:49","modified_gmt":"2026-04-01T14:47:49","slug":"bd-auduma-maska-sejai-detox-25-ml","status":"publish","type":"product","link":"https:\/\/e.kosmolat.eu\/lt\/produktas\/bd-auduma-maska-sejai-detox-25-ml\/","title":{"rendered":"BEAUTYDERM Lak\u0161tin\u0117 kauk\u0117 \u201cDETOX\u201d, 25 ml"},"content":{"rendered":"<p><strong>Lak\u0161tin\u0117 kauk\u0117 &ldquo;DETOX<\/strong>&rdquo;, kruop\u0161\u010diai valo ir maitina od\u0105. Aktyvuota anglis kaip kauk\u0117s serumo dalis yra pla\u010diai \u017einoma d\u0117l savo sugeriamojo poveikio, efektyviai valo od\u0105 ir normalizuoja riebalini\u0173 liauk\u0173 veikl\u0105. Padeda pagerinti problemin\u0117s odos b\u016bkl\u0119. <strong>HIALURONO R\u016aG&Scaron;TIS<\/strong> giliai atkuria ir dr\u0117kina epiderm\u012f, skatina odos atsinaujinimo ir atjauninimo procesus, kompensuoja dr\u0117gm\u0117s tr\u016bkum\u0105, ilgam pa\u0161alindama sausum\u0105. <strong>ARBATMED\u017dI\u0172<\/strong> ir <strong>ALAVIJ\u0172 EKSTRAKTAI<\/strong>, kurie kaip kauk\u0117s dalis yra praturtinti specialia formule, apr\u016bpina odos l\u0105steles vitaminais ir naudingais mikroelementais.<br \/>\n<strong>Ilgalaikiai rezultatai:<\/strong><br \/>\n&#8211; poros i\u0161valomos nuo ne\u0161varum\u0173,<br \/>\n&#8211; Suma\u017e\u0117jusi riebal\u0173 gamyba<br \/>\n&#8211; gra\u017ei ir lygi veido spalva,<br \/>\n&#8211; Oda yra dr\u0117kinama ir \u0161vytinti sveikata.<br \/>\n<strong>Naudojimas:<\/strong> I\u0161imkite kauk\u0119 i\u0161 pakuot\u0117s ir u\u017ed\u0117kite ant i\u0161 anksto nuvalyto veido, \u0161velniai paskirstydami j\u0105 pir\u0161t\u0173 galiukais. Nuimkite kauk\u0119 po 15-20 minu\u010di\u0173. Likusi\u0105 emulsijos dal\u012f \u012ftrinkite \u012f od\u0105 masa\u017eo judesiais. Neplaukite. Jei reikia, vatos diskeliu pa\u0161alinkite likusi\u0105 emulsij\u0105.<br \/>\nD\u0117mesio: prie\u0161 naudodami kauk\u0119 turite i\u0161bandyti ant nedidelio odos ploto. Jei pasirei\u0161kia alergin\u0117 reakcija, nustokite naudoti.<br \/>\n<strong>Kontraindikacijos:<\/strong> individualus netoleravimas kauk\u0117s komponentams. Laikyti nuo +5&deg;C iki +25&deg;C temperat\u016broje, kai santykin\u0117 oro dr\u0117gm\u0117 55-75%, apsaugota nuo tiesiogini\u0173 saul\u0117s spinduli\u0173, ma\u017eiausiai vieno metro atstumu nuo auk\u0161tos temperat\u016bros \u0161altini\u0173..<\/p>\n","protected":false},"excerpt":{"rendered":"<p>Lak\u0161tin\u0117 kauk\u0117 &ldquo;DETOX&rdquo;, kruop\u0161\u010diai valo ir maitina od\u0105. Aktyvuota anglis kaip kauk\u0117s serumo dalis yra pla\u010diai \u017einoma d\u0117l savo sugeriamojo poveikio, efektyviai valo od\u0105 ir normalizuoja riebalini\u0173 liauk\u0173 veikl\u0105. Padeda pagerinti problemin\u0117s odos b\u016bkl\u0119. HIALURONO R\u016aG&Scaron;TIS giliai atkuria ir dr\u0117kina epiderm\u012f, skatina odos atsinaujinimo ir atjauninimo procesus, kompensuoja dr\u0117gm\u0117s tr\u016bkum\u0105, ilgam pa\u0161alindama sausum\u0105. ARBATMED\u017dI\u0172 ir [&#8230;]\n","protected":false},"featured_media":86922,"template":"","meta":[],"product_cat":[2181],"product_tag":[],"class_list":{"0":"post-44514","1":"product","2":"type-product","3":"status-publish","4":"has-post-thumbnail","6":"product_brand-naturpro_ua-lt","7":"product_cat-bez-kategorijas-lt","9":"first","10":"instock","11":"taxable","12":"shipping-taxable","13":"product-type-simple"},"_links":{"self":[{"href":"https:\/\/e.kosmolat.eu\/lt\/wp-json\/wp\/v2\/product\/44514","targetHints":{"allow":["GET"]}}],"collection":[{"href":"https:\/\/e.kosmolat.eu\/lt\/wp-json\/wp\/v2\/product"}],"about":[{"href":"https:\/\/e.kosmolat.eu\/lt\/wp-json\/wp\/v2\/types\/product"}],"wp:featuredmedia":[{"embeddable":true,"href":"https:\/\/e.kosmolat.eu\/lt\/wp-json\/wp\/v2\/media\/86922"}],"wp:attachment":[{"href":"https:\/\/e.kosmolat.eu\/lt\/wp-json\/wp\/v2\/media?parent=44514"}],"wp:term":[{"taxonomy":"product_cat","embeddable":true,"href":"https:\/\/e.kosmolat.eu\/lt\/wp-json\/wp\/v2\/product_cat?post=44514"},{"taxonomy":"product_tag","embeddable":true,"href":"https:\/\/e.kosmolat.eu\/lt\/wp-json\/wp\/v2\/product_tag?post=44514"}],"curies":[{"name":"wp","href":"https:\/\/api.w.org\/{rel}","templated":true}]}}