{"id":44498,"date":"2024-02-02T05:14:15","date_gmt":"2024-02-02T05:14:15","guid":{"rendered":"https:\/\/e.kosmolat.eu\/product\/deba-q10-pirmo-grumbu-noversanas-sejas-krems-ar-koenzimu-50-ml\/"},"modified":"2026-04-17T12:16:33","modified_gmt":"2026-04-17T12:16:33","slug":"deba-q10-pirmo-grumbu-noversanas-sejas-krems-ar-koenzimu-50-ml","status":"publish","type":"product","link":"https:\/\/e.kosmolat.eu\/lt\/produktas\/deba-q10-pirmo-grumbu-noversanas-sejas-krems-ar-koenzimu-50-ml\/","title":{"rendered":"DeBa veido kremas nuo pirm\u0173j\u0173 rauk\u0161li\u0173 su kofermentu Q10., 50 ml"},"content":{"rendered":"<p>RUBELLA DeBa veido kremas nuo pirm\u0173j\u0173 rauk\u0161li\u0173 su kofermentu Q10.&nbsp;<\/p>\n<p>4D hialurono r\u016bg\u0161tis ir kokos\u0173 aliejus<br \/>\nDermatologi\u0161kai patikrintas<br \/>\nnat\u016bralios kilm\u0117s 94 proc.<br \/>\ndieninis naudojimas<br \/>\nNormaliai ir sausai odai<br \/>\nTinka veganams<br \/>\nMaitinamasis dieninis veido kremas DeBa Q10. Naujovi\u0161ka formul\u0117 su galingu kofermento Q10 kompleksu. 4D hialurono r\u016bg\u0161tis ir kokos\u0173 aliejus. Kremas maitina od\u0105 ir padidina jos elastingum\u0105, tod\u0117l oda tampa \u0161velni, \u0161ilkin\u0117, lygi ir dr\u0117kinama.<br \/>\nVeikliosios med\u017eiagos ir j\u0173 poveikis:<br \/>\nKofermentas Q10 yra galingas antioksidantas; l\u0117tina sen\u0117jimo proces\u0105, skatina nat\u016bral\u0173 odos atsinaujinim\u0105 ir ilgiau i\u0161laiko j\u0105 gaivi\u0105.<br \/>\n4D hialurono r\u016bg\u0161tis &ndash; dr\u0117kina ir palaiko optimal\u0173 dr\u0117gm\u0117s lyg\u012f.<br \/>\nKokos\u0173 aliejus &ndash; maitina ir dr\u0117kina od\u0105.<br \/>\nNaudojimas: ryte tepkite krem\u0105 ant \u0161varios veido ir kaklo odos. \u012etrinkite krem\u0105 ir \u0161velniai masa\u017euokite, kol jis visi\u0161kai \u012fsigers.<br \/>\n&nbsp;<\/p>\n","protected":false},"excerpt":{"rendered":"<p>RUBELLA DeBa veido kremas nuo pirm\u0173j\u0173 rauk\u0161li\u0173 su kofermentu Q10.&nbsp; 4D hialurono r\u016bg\u0161tis ir kokos\u0173 aliejus Dermatologi\u0161kai patikrintas nat\u016bralios kilm\u0117s 94 proc. dieninis naudojimas Normaliai ir sausai odai Tinka veganams Maitinamasis dieninis veido kremas DeBa Q10. Naujovi\u0161ka formul\u0117 su galingu kofermento Q10 kompleksu. 4D hialurono r\u016bg\u0161tis ir kokos\u0173 aliejus. Kremas maitina od\u0105 ir padidina jos [&#8230;]\n","protected":false},"featured_media":102134,"template":"","meta":[],"product_cat":[1322],"product_tag":[],"class_list":{"0":"post-44498","1":"product","2":"type-product","3":"status-publish","4":"has-post-thumbnail","6":"product_brand-rubella-bg-lt","7":"product_cat-veido-kremai","9":"first","10":"instock","11":"taxable","12":"shipping-taxable","13":"product-type-simple"},"_links":{"self":[{"href":"https:\/\/e.kosmolat.eu\/lt\/wp-json\/wp\/v2\/product\/44498","targetHints":{"allow":["GET"]}}],"collection":[{"href":"https:\/\/e.kosmolat.eu\/lt\/wp-json\/wp\/v2\/product"}],"about":[{"href":"https:\/\/e.kosmolat.eu\/lt\/wp-json\/wp\/v2\/types\/product"}],"wp:featuredmedia":[{"embeddable":true,"href":"https:\/\/e.kosmolat.eu\/lt\/wp-json\/wp\/v2\/media\/102134"}],"wp:attachment":[{"href":"https:\/\/e.kosmolat.eu\/lt\/wp-json\/wp\/v2\/media?parent=44498"}],"wp:term":[{"taxonomy":"product_cat","embeddable":true,"href":"https:\/\/e.kosmolat.eu\/lt\/wp-json\/wp\/v2\/product_cat?post=44498"},{"taxonomy":"product_tag","embeddable":true,"href":"https:\/\/e.kosmolat.eu\/lt\/wp-json\/wp\/v2\/product_tag?post=44498"}],"curies":[{"name":"wp","href":"https:\/\/api.w.org\/{rel}","templated":true}]}}