{"id":44490,"date":"2024-02-02T05:13:57","date_gmt":"2024-02-02T05:13:57","guid":{"rendered":"https:\/\/e.kosmolat.eu\/product\/deba-sejas-krems-ellas-eliksirs-50-ml\/"},"modified":"2026-04-24T06:27:58","modified_gmt":"2026-04-24T06:27:58","slug":"deba-sejas-krems-ellas-eliksirs-50-ml","status":"publish","type":"product","link":"https:\/\/e.kosmolat.eu\/lt\/produktas\/deba-sejas-krems-ellas-eliksirs-50-ml\/","title":{"rendered":"DeBa veido kremo aliejinis eliksyras, 50 ml"},"content":{"rendered":"<p>RUBELLA DeBa veido kremo aliejinis eliksyras<br \/>\n6 nat\u016bral\u016bs aliejai i\u0161skirtinei mitybai. Dr\u0117kina ir skaistina veid\u0105, kakl\u0105 ir dekolt\u0117 srit\u012f.<br \/>\nDermatologi\u0161kai patikrintas<br \/>\nnat\u016bralios kilm\u0117s 78 proc.<br \/>\nNaudojimas dien\u0105 ir nakt\u012f<br \/>\nVis\u0173 tip\u0173 odai<\/p>\n<p>Veido kremas skirtas intensyviam veido, kaklo ir dekolt\u0117 odos maitinimui. Sud\u0117tyje yra 6 brangi\u0173 aliej\u0173 ir mikroperl\u0173 kompleksas. Formul\u0117 maitina od\u0105 ir padeda i\u0161laikyti jos spindes\u012f bei elastingum\u0105 vis\u0105 dien\u0105 ir nakt\u012f. Perl\u0173 mikrodalel\u0117s i\u0161lygina ir suteikia spindesio veidui, kaklui ir dekolt\u0117 jau po pirmo panaudojimo.<br \/>\nVeikliosios med\u017eiagos ir j\u0173 poveikis:<br \/>\nRo\u017ei\u0173 bio aliejus &ndash; tonizuoja ir stangrina.<br \/>\nArgan\u0173 bio aliejus &ndash; antioksidacin\u0117s savyb\u0117s, l\u0117tinan\u010dios sen\u0117jimo procesus<br \/>\nRozmarin\u0173 aliejus &ndash; stiprina.<br \/>\nLevand\u0173 aliejus &ndash; ma\u017eina paraudim\u0105.<br \/>\nImmortelle aliejus &ndash; l\u0117tinantis sen\u0117jim\u0105<br \/>\nSviested\u017ei\u0173 sviestas &ndash; sustiprina nat\u016brali\u0105 apsaugin\u0119 odos funkcij\u0105 ir gerina dr\u0117kinim\u0105.<br \/>\nNaudojimas: nedidel\u012f kiek\u012f kremo lengvais masa\u017euojamaisiais judesiais u\u017etepkite ant kruop\u0161\u010diai nuvalytos odos, kol visi\u0161kai \u012fsigers. M\u0117gaukit\u0117s rezultatu &ndash; \u0161velnia ir \u0161ilkine oda.<br \/>\n&nbsp;<\/p>\n","protected":false},"excerpt":{"rendered":"<p>RUBELLA DeBa veido kremo aliejinis eliksyras 6 nat\u016bral\u016bs aliejai i\u0161skirtinei mitybai. Dr\u0117kina ir skaistina veid\u0105, kakl\u0105 ir dekolt\u0117 srit\u012f. Dermatologi\u0161kai patikrintas nat\u016bralios kilm\u0117s 78 proc. Naudojimas dien\u0105 ir nakt\u012f Vis\u0173 tip\u0173 odai Veido kremas skirtas intensyviam veido, kaklo ir dekolt\u0117 odos maitinimui. Sud\u0117tyje yra 6 brangi\u0173 aliej\u0173 ir mikroperl\u0173 kompleksas. Formul\u0117 maitina od\u0105 ir padeda [&#8230;]\n","protected":false},"featured_media":102327,"template":"","meta":[],"product_cat":[1322],"product_tag":[],"class_list":{"0":"post-44490","1":"product","2":"type-product","3":"status-publish","4":"has-post-thumbnail","6":"product_brand-rubella-bg-lt","7":"product_cat-veido-kremai","9":"first","10":"instock","11":"taxable","12":"shipping-taxable","13":"product-type-simple"},"_links":{"self":[{"href":"https:\/\/e.kosmolat.eu\/lt\/wp-json\/wp\/v2\/product\/44490","targetHints":{"allow":["GET"]}}],"collection":[{"href":"https:\/\/e.kosmolat.eu\/lt\/wp-json\/wp\/v2\/product"}],"about":[{"href":"https:\/\/e.kosmolat.eu\/lt\/wp-json\/wp\/v2\/types\/product"}],"wp:featuredmedia":[{"embeddable":true,"href":"https:\/\/e.kosmolat.eu\/lt\/wp-json\/wp\/v2\/media\/102327"}],"wp:attachment":[{"href":"https:\/\/e.kosmolat.eu\/lt\/wp-json\/wp\/v2\/media?parent=44490"}],"wp:term":[{"taxonomy":"product_cat","embeddable":true,"href":"https:\/\/e.kosmolat.eu\/lt\/wp-json\/wp\/v2\/product_cat?post=44490"},{"taxonomy":"product_tag","embeddable":true,"href":"https:\/\/e.kosmolat.eu\/lt\/wp-json\/wp\/v2\/product_tag?post=44490"}],"curies":[{"name":"wp","href":"https:\/\/api.w.org\/{rel}","templated":true}]}}