{"id":44482,"date":"2024-02-02T05:13:26","date_gmt":"2024-02-02T05:13:26","guid":{"rendered":"https:\/\/e.kosmolat.eu\/product\/deba-maturel-dienas-s-krems-ar-sepilift-si-sv-e-vit-spf15-50-ml\/"},"modified":"2026-04-08T09:37:18","modified_gmt":"2026-04-08T09:37:18","slug":"deba-maturel-dienas-s-krems-ar-sepilift-si-sv-e-vit-spf15-50-ml","status":"publish","type":"product","link":"https:\/\/e.kosmolat.eu\/lt\/produktas\/deba-maturel-dienas-s-krems-ar-sepilift-si-sv-e-vit-spf15-50-ml\/","title":{"rendered":"DeBa rauk\u0161li\u0173 korekcija su Sepilift DPHP su sviestmed\u017ei\u0173 sviestu ir vitaminu E SPF15, 50 ml"},"content":{"rendered":"<p>RUBELLA DeBa rauk\u0161li\u0173 korekcija su Sepilift DPHP su sviestmed\u017ei\u0173 sviestu ir vitaminu E SPF15<\/p>\n<p>Dermatologi\u0161kai patikrintas<br \/>\ndieninis naudojimas<br \/>\nBrand\u017eiai odai<\/p>\n<p>Dieninis kremas DeBa Maturel. Sud\u0117tyje yra Sepilift DPHP, sviestmed\u017ei\u0173 sviestas ir vitaminas E. Galinga stangrinanti formul\u0117 kovoja su matomais sen\u0117jimo po\u017eymiais ir sul\u0117tina odos biologin\u012f laikrod\u012f.<br \/>\nVeikliosios med\u017eiagos ir j\u0173 poveikis:<br \/>\nSepilift DPHP &ndash; stangrina od\u0105, gerina jos dr\u0117kinim\u0105 ir elastingum\u0105. Stimuliuoja kolageno sintez\u0119 ir lygina esamas rauk\u0161les, apsaugodama nuo nauj\u0173 susidarymo. Sepilift DPHP apsaugo nuo \u017ealingo laisv\u0173j\u0173 radikal\u0173 poveikio.<br \/>\nSviestmed\u017ei\u0173 sviestas &#8211; maitina epiderm\u012f, padidina jo elastingum\u0105 ir mink\u0161tum\u0105.<br \/>\nVitaminas E yra aktyvus antioksidantas, neutralizuojantis laisvuosius radikalus.<br \/>\nNaudojimas: Kasdieniniam naudojimui ant puikiai nuvalytos veido ir kaklo odos. U\u017etepkite nedidel\u012f kiek\u012f kremo. Lengvais masa\u017eo judesiais patrinkite pir\u0161t\u0173 galiukais.<br \/>\n&nbsp;<\/p>\n","protected":false},"excerpt":{"rendered":"<p>RUBELLA DeBa rauk\u0161li\u0173 korekcija su Sepilift DPHP su sviestmed\u017ei\u0173 sviestu ir vitaminu E SPF15 Dermatologi\u0161kai patikrintas dieninis naudojimas Brand\u017eiai odai Dieninis kremas DeBa Maturel. Sud\u0117tyje yra Sepilift DPHP, sviestmed\u017ei\u0173 sviestas ir vitaminas E. Galinga stangrinanti formul\u0117 kovoja su matomais sen\u0117jimo po\u017eymiais ir sul\u0117tina odos biologin\u012f laikrod\u012f. Veikliosios med\u017eiagos ir j\u0173 poveikis: Sepilift DPHP &ndash; stangrina [&#8230;]\n","protected":false},"featured_media":100832,"template":"","meta":[],"product_cat":[2181],"product_tag":[],"class_list":{"0":"post-44482","1":"product","2":"type-product","3":"status-publish","4":"has-post-thumbnail","6":"product_brand-rubella-bg-lt","7":"product_cat-bez-kategorijas-lt","9":"first","10":"outofstock","11":"taxable","12":"shipping-taxable","13":"product-type-simple"},"_links":{"self":[{"href":"https:\/\/e.kosmolat.eu\/lt\/wp-json\/wp\/v2\/product\/44482","targetHints":{"allow":["GET"]}}],"collection":[{"href":"https:\/\/e.kosmolat.eu\/lt\/wp-json\/wp\/v2\/product"}],"about":[{"href":"https:\/\/e.kosmolat.eu\/lt\/wp-json\/wp\/v2\/types\/product"}],"wp:featuredmedia":[{"embeddable":true,"href":"https:\/\/e.kosmolat.eu\/lt\/wp-json\/wp\/v2\/media\/100832"}],"wp:attachment":[{"href":"https:\/\/e.kosmolat.eu\/lt\/wp-json\/wp\/v2\/media?parent=44482"}],"wp:term":[{"taxonomy":"product_cat","embeddable":true,"href":"https:\/\/e.kosmolat.eu\/lt\/wp-json\/wp\/v2\/product_cat?post=44482"},{"taxonomy":"product_tag","embeddable":true,"href":"https:\/\/e.kosmolat.eu\/lt\/wp-json\/wp\/v2\/product_tag?post=44482"}],"curies":[{"name":"wp","href":"https:\/\/api.w.org\/{rel}","templated":true}]}}