{"id":44466,"date":"2024-02-02T05:12:21","date_gmt":"2024-02-02T05:12:21","guid":{"rendered":"https:\/\/e.kosmolat.eu\/product\/deba-ellas-eliksirs-serums-sejai-un-kaklam-30-ml\/"},"modified":"2026-04-22T09:53:22","modified_gmt":"2026-04-22T09:53:22","slug":"deba-ellas-eliksirs-serums-sejai-un-kaklam-30-ml","status":"publish","type":"product","link":"https:\/\/e.kosmolat.eu\/lt\/produktas\/deba-ellas-eliksirs-serums-sejai-un-kaklam-30-ml\/","title":{"rendered":"DeBa serumas veidui ir kaklui Oil Elixir, 30 ml"},"content":{"rendered":"<p>RUBELLA DeBa serumas veidui ir kaklui Oil Elixir&nbsp;<br \/>\n7 nat\u016bral\u016bs aliejai + vitaminas E i\u0161skirtinei mitybai. Dr\u0117kina ir skaistina veid\u0105, kakl\u0105 ir dekolt\u0117 srit\u012f<br \/>\n*Dermatologi\u0161kai patikrinta<br \/>\n*Nat\u016bralios kilm\u0117s 84%<br \/>\n*Naudojimas dien\u0105 ir nakt\u012f<br \/>\n*Vis\u0173 tip\u0173 odai<br \/>\nSausas aliejus regeneruoja od\u0105 su 7 nat\u016brali\u0173 aliej\u0173 kompleksu ir vitaminu E. Apsaugo nuo laisv\u0173j\u0173 radikal\u0173, regeneruoja od\u0105 ir l\u0117tina sen\u0117jimo procesus. Kovoja su smulki\u0173 linij\u0173 ir rauk\u0161li\u0173 atsiradimu.<br \/>\nVeikliosios med\u017eiagos ir j\u0173 poveikis:<br \/>\nBio Rose Oil &ndash; tonizuojantis ir stangrinantis poveikis<br \/>\nBio Argan Oil &ndash; pasi\u017eymi antioksidacin\u0117mis savyb\u0117mis ir l\u0117tina sen\u0117jimo procesus.<br \/>\nAbrikos\u0173 kauliuk\u0173 aliejus &ndash; turi stipri\u0173 maitinam\u0173j\u0173 ir regeneruojan\u010di\u0173 savybi\u0173,<br \/>\n&Scaron;lamu\u010di\u0173 &nbsp;aliejus &ndash; l\u0117tina sen\u0117jim\u0105<br \/>\nJudr\u0173 aliejus &ndash; didina odos elastingum\u0105 ir tankum\u0105<br \/>\nRozmarin\u0173 aliejus &ndash; stiprina.<br \/>\nLevand\u0173 aliejus &ndash; ma\u017eina paraudim\u0105.<br \/>\nVisiems odos tipams, kasdieniniam naudojimui<br \/>\nTinka veganams<br \/>\nNaudojimas: u\u017etepkite plon\u0105 1-4 la\u0161\u0173 sluoksn\u012f ant \u0161varios odos ir masa\u017euokite, kol visi\u0161kai aliejus susigers \u012f od\u0105. gauti geriausius rezultatus, tepkite veid\u0105 ir kakl\u0105 ryte ir vakare.<br \/>\n&nbsp;<\/p>\n","protected":false},"excerpt":{"rendered":"<p>RUBELLA DeBa serumas veidui ir kaklui Oil Elixir&nbsp; 7 nat\u016bral\u016bs aliejai + vitaminas E i\u0161skirtinei mitybai. Dr\u0117kina ir skaistina veid\u0105, kakl\u0105 ir dekolt\u0117 srit\u012f *Dermatologi\u0161kai patikrinta *Nat\u016bralios kilm\u0117s 84% *Naudojimas dien\u0105 ir nakt\u012f *Vis\u0173 tip\u0173 odai Sausas aliejus regeneruoja od\u0105 su 7 nat\u016brali\u0173 aliej\u0173 kompleksu ir vitaminu E. Apsaugo nuo laisv\u0173j\u0173 radikal\u0173, regeneruoja od\u0105 ir [&#8230;]\n","protected":false},"featured_media":101590,"template":"","meta":[],"product_cat":[2181],"product_tag":[],"class_list":{"0":"post-44466","1":"product","2":"type-product","3":"status-publish","4":"has-post-thumbnail","6":"product_brand-rubella-bg-lt","7":"product_cat-bez-kategorijas-lt","9":"first","10":"instock","11":"taxable","12":"shipping-taxable","13":"product-type-simple"},"_links":{"self":[{"href":"https:\/\/e.kosmolat.eu\/lt\/wp-json\/wp\/v2\/product\/44466","targetHints":{"allow":["GET"]}}],"collection":[{"href":"https:\/\/e.kosmolat.eu\/lt\/wp-json\/wp\/v2\/product"}],"about":[{"href":"https:\/\/e.kosmolat.eu\/lt\/wp-json\/wp\/v2\/types\/product"}],"wp:featuredmedia":[{"embeddable":true,"href":"https:\/\/e.kosmolat.eu\/lt\/wp-json\/wp\/v2\/media\/101590"}],"wp:attachment":[{"href":"https:\/\/e.kosmolat.eu\/lt\/wp-json\/wp\/v2\/media?parent=44466"}],"wp:term":[{"taxonomy":"product_cat","embeddable":true,"href":"https:\/\/e.kosmolat.eu\/lt\/wp-json\/wp\/v2\/product_cat?post=44466"},{"taxonomy":"product_tag","embeddable":true,"href":"https:\/\/e.kosmolat.eu\/lt\/wp-json\/wp\/v2\/product_tag?post=44466"}],"curies":[{"name":"wp","href":"https:\/\/api.w.org\/{rel}","templated":true}]}}