{"id":44442,"date":"2024-02-02T05:10:50","date_gmt":"2024-02-02T05:10:50","guid":{"rendered":"https:\/\/e.kosmolat.eu\/product\/fc-kremkrasa-sudraba-gaisi-bruns-9-11-50-50-15-ml\/"},"modified":"2025-09-02T12:46:56","modified_gmt":"2025-09-02T12:46:56","slug":"fc-kremkrasa-sudraba-gaisi-bruns-9-11-50-50-15-ml","status":"publish","type":"product","link":"https:\/\/e.kosmolat.eu\/lt\/produktas\/fc-kremkrasa-sudraba-gaisi-bruns-9-11-50-50-15-ml\/","title":{"rendered":"RUBELLA FASHION COLOR Kremas-da\u017eai plaukams Sidabrin\u0117 blondin\u0117 9.11, 50\/50\/15 ml"},"content":{"rendered":"","protected":false},"excerpt":{"rendered":"","protected":false},"featured_media":0,"template":"","meta":[],"product_cat":[1442],"product_tag":[],"class_list":{"0":"post-44442","1":"product","2":"type-product","3":"status-publish","5":"product_brand-rubella-bg-lt","6":"product_cat-plauku-dazai-plauku-dazai","8":"first","9":"outofstock","10":"taxable","11":"shipping-taxable","12":"product-type-simple"},"_links":{"self":[{"href":"https:\/\/e.kosmolat.eu\/lt\/wp-json\/wp\/v2\/product\/44442","targetHints":{"allow":["GET"]}}],"collection":[{"href":"https:\/\/e.kosmolat.eu\/lt\/wp-json\/wp\/v2\/product"}],"about":[{"href":"https:\/\/e.kosmolat.eu\/lt\/wp-json\/wp\/v2\/types\/product"}],"wp:attachment":[{"href":"https:\/\/e.kosmolat.eu\/lt\/wp-json\/wp\/v2\/media?parent=44442"}],"wp:term":[{"taxonomy":"product_cat","embeddable":true,"href":"https:\/\/e.kosmolat.eu\/lt\/wp-json\/wp\/v2\/product_cat?post=44442"},{"taxonomy":"product_tag","embeddable":true,"href":"https:\/\/e.kosmolat.eu\/lt\/wp-json\/wp\/v2\/product_tag?post=44442"}],"curies":[{"name":"wp","href":"https:\/\/api.w.org\/{rel}","templated":true}]}}