{"id":44414,"date":"2024-02-02T05:09:08","date_gmt":"2024-02-02T05:09:08","guid":{"rendered":"https:\/\/e.kosmolat.eu\/product\/deba-fresh-sensation-dezodorants-150-ml\/"},"modified":"2026-04-08T14:46:26","modified_gmt":"2026-04-08T14:46:26","slug":"deba-fresh-sensation-dezodorants-150-ml","status":"publish","type":"product","link":"https:\/\/e.kosmolat.eu\/lt\/produktas\/deba-fresh-sensation-dezodorants-150-ml\/","title":{"rendered":"DeBa Fresh Sensation dezodorantas, 150 ml"},"content":{"rendered":"<p>0% aliuminio drusk\u0173<br \/>\nK\u016bno dezodorantas DeBa u\u017etikrina efektyvi\u0105 prie\u017ei\u016br\u0105, gaivum\u0105 ir komfort\u0105. Jis turi subtil\u0173 gaiv\u0173 aromat\u0105. Sud\u0117tyje n\u0117ra aliuminio drusk\u0173. Nepalieka p\u0117dsak\u0173. Tinka veganams.<\/p>\n<p><strong>Naudojimo instrukcija:<\/strong> Sukratykite buteliuk\u0105 ir, laikydami j\u012f vertikaliai, purk\u0161kite 15 cm atstumu nuo k\u016bno ant \u0161varios odos.&nbsp;<\/p>\n<p><strong>D\u0117mesio: <\/strong>Sl\u0117ginis indas. Lengvai u\u017esidega. Saugoti nuo saul\u0117s spinduli\u0173, laikyti \u017eemesn\u0117je nei 50C temperat\u016broje. Laikyti atokiai nuo degi\u0173 med\u017eiag\u0173. Nepurk\u0161kite link liepsnos ir \u0161vie\u010dian\u010di\u0173 objekt\u0173. Neardykite ir nedeginkite net po naudojimo. Laikyti atokiai nuo aki\u0173. Laikyti atokiai nuo u\u017edegimo \u0161altini\u0173. Ner\u016bkyti. Laikyti vaikams nepasiekiamoje vietoje.<\/p>\n<p><strong>Nurodymai:<\/strong> gerai suplakite. Naudodami buteliuk\u0105 laikykite 15 cm atstumu nuo pa\u017easties. Nenaudoti per drabu\u017eius arba ant j\u0173.<br \/>\n&nbsp;<\/p>\n","protected":false},"excerpt":{"rendered":"<p>0% aliuminio drusk\u0173 K\u016bno dezodorantas DeBa u\u017etikrina efektyvi\u0105 prie\u017ei\u016br\u0105, gaivum\u0105 ir komfort\u0105. Jis turi subtil\u0173 gaiv\u0173 aromat\u0105. Sud\u0117tyje n\u0117ra aliuminio drusk\u0173. Nepalieka p\u0117dsak\u0173. Tinka veganams. Naudojimo instrukcija: Sukratykite buteliuk\u0105 ir, laikydami j\u012f vertikaliai, purk\u0161kite 15 cm atstumu nuo k\u016bno ant \u0161varios odos.&nbsp; D\u0117mesio: Sl\u0117ginis indas. Lengvai u\u017esidega. Saugoti nuo saul\u0117s spinduli\u0173, laikyti \u017eemesn\u0117je nei 50C [&#8230;]\n","protected":false},"featured_media":100332,"template":"","meta":[],"product_cat":[1630],"product_tag":[],"class_list":{"0":"post-44414","1":"product","2":"type-product","3":"status-publish","4":"has-post-thumbnail","6":"product_brand-rubella-bg-lt","7":"product_cat-dezodorantai","9":"first","10":"instock","11":"taxable","12":"shipping-taxable","13":"product-type-simple"},"_links":{"self":[{"href":"https:\/\/e.kosmolat.eu\/lt\/wp-json\/wp\/v2\/product\/44414","targetHints":{"allow":["GET"]}}],"collection":[{"href":"https:\/\/e.kosmolat.eu\/lt\/wp-json\/wp\/v2\/product"}],"about":[{"href":"https:\/\/e.kosmolat.eu\/lt\/wp-json\/wp\/v2\/types\/product"}],"wp:featuredmedia":[{"embeddable":true,"href":"https:\/\/e.kosmolat.eu\/lt\/wp-json\/wp\/v2\/media\/100332"}],"wp:attachment":[{"href":"https:\/\/e.kosmolat.eu\/lt\/wp-json\/wp\/v2\/media?parent=44414"}],"wp:term":[{"taxonomy":"product_cat","embeddable":true,"href":"https:\/\/e.kosmolat.eu\/lt\/wp-json\/wp\/v2\/product_cat?post=44414"},{"taxonomy":"product_tag","embeddable":true,"href":"https:\/\/e.kosmolat.eu\/lt\/wp-json\/wp\/v2\/product_tag?post=44414"}],"curies":[{"name":"wp","href":"https:\/\/api.w.org\/{rel}","templated":true}]}}