{"id":44406,"date":"2024-02-02T05:08:48","date_gmt":"2024-02-02T05:08:48","guid":{"rendered":"https:\/\/e.kosmolat.eu\/product\/top-ten-woods-kermena-dezodorants-sprejs-150-ml\/"},"modified":"2026-04-20T08:12:23","modified_gmt":"2026-04-20T08:12:23","slug":"top-ten-woods-kermena-dezodorants-sprejs-150-ml","status":"publish","type":"product","link":"https:\/\/e.kosmolat.eu\/lt\/produktas\/top-ten-woods-kermena-dezodorants-sprejs-150-ml\/","title":{"rendered":"TOP TEN WOODS Dezodoruojantis k\u016bno pur\u0161kiklis, 150 ml"},"content":{"rendered":"<p>K\u016bno &nbsp;dezodorantas Top Ten WOODS. Be aliuminio drusk\u0173. Nepalieka p\u0117dsak\u0173.<\/p>\n<p><strong>Naudojimas: <\/strong>prie\u0161 naudojim\u0105 gerai suplakti. Buteliuk\u0105 laikykite 15 cm atstumu nuo pa\u017east\u0173 ir purk\u0161kite. Nenaudoti ant sudirgusios odos.<\/p>\n<p><strong>Atsargumo priemon\u0117s:<\/strong><br \/>\nDegi! Sl\u0117ginis indas! Kaitinant gali sprogti. Laikyti vaikams nepasiekiamoje vietoje. Laikyti atokiai nuo \u0161ilumos \u0161altini\u0173, kar\u0161t\u0173 pavir\u0161i\u0173, kibirk\u0161\u010di\u0173, atviros liepsnos ir kit\u0173 degimo \u0161altini\u0173. Ner\u016bkyti. Nepurk\u0161ti ant atviros liepsnos ar kit\u0173 degimo \u0161altini\u0173. Nepradurkite ir nedeginkite net po naudojimo. Saugoti nuo saul\u0117s spinduli\u0173. Nelaikykite auk\u0161tesn\u0117je nei 50&deg;C temperat\u016broje.<br \/>\n&nbsp;<\/p>\n","protected":false},"excerpt":{"rendered":"<p>K\u016bno &nbsp;dezodorantas Top Ten WOODS. Be aliuminio drusk\u0173. Nepalieka p\u0117dsak\u0173. Naudojimas: prie\u0161 naudojim\u0105 gerai suplakti. Buteliuk\u0105 laikykite 15 cm atstumu nuo pa\u017east\u0173 ir purk\u0161kite. Nenaudoti ant sudirgusios odos. Atsargumo priemon\u0117s: Degi! Sl\u0117ginis indas! Kaitinant gali sprogti. Laikyti vaikams nepasiekiamoje vietoje. Laikyti atokiai nuo \u0161ilumos \u0161altini\u0173, kar\u0161t\u0173 pavir\u0161i\u0173, kibirk\u0161\u010di\u0173, atviros liepsnos ir kit\u0173 degimo \u0161altini\u0173. Ner\u016bkyti. [&#8230;]\n","protected":false},"featured_media":102963,"template":"","meta":[],"product_cat":[1694],"product_tag":[],"class_list":{"0":"post-44406","1":"product","2":"type-product","3":"status-publish","4":"has-post-thumbnail","6":"product_brand-rubella-bg-lt","7":"product_cat-dezodorantai-vyrams-2","9":"first","10":"instock","11":"taxable","12":"shipping-taxable","13":"product-type-simple"},"_links":{"self":[{"href":"https:\/\/e.kosmolat.eu\/lt\/wp-json\/wp\/v2\/product\/44406","targetHints":{"allow":["GET"]}}],"collection":[{"href":"https:\/\/e.kosmolat.eu\/lt\/wp-json\/wp\/v2\/product"}],"about":[{"href":"https:\/\/e.kosmolat.eu\/lt\/wp-json\/wp\/v2\/types\/product"}],"wp:featuredmedia":[{"embeddable":true,"href":"https:\/\/e.kosmolat.eu\/lt\/wp-json\/wp\/v2\/media\/102963"}],"wp:attachment":[{"href":"https:\/\/e.kosmolat.eu\/lt\/wp-json\/wp\/v2\/media?parent=44406"}],"wp:term":[{"taxonomy":"product_cat","embeddable":true,"href":"https:\/\/e.kosmolat.eu\/lt\/wp-json\/wp\/v2\/product_cat?post=44406"},{"taxonomy":"product_tag","embeddable":true,"href":"https:\/\/e.kosmolat.eu\/lt\/wp-json\/wp\/v2\/product_tag?post=44406"}],"curies":[{"name":"wp","href":"https:\/\/api.w.org\/{rel}","templated":true}]}}