{"id":44394,"date":"2024-02-02T05:08:14","date_gmt":"2024-02-02T05:08:14","guid":{"rendered":"https:\/\/e.kosmolat.eu\/product\/dental-anti-bacterial-sensitive-zobu-birste-1-gab\/"},"modified":"2026-03-26T13:35:53","modified_gmt":"2026-03-26T13:35:53","slug":"dental-anti-bacterial-sensitive-zobu-birste-1-gab","status":"publish","type":"product","link":"https:\/\/e.kosmolat.eu\/lt\/produktas\/dental-anti-bacterial-sensitive-zobu-birste-1-gab\/","title":{"rendered":"DENTAL Sensitive dant\u0173 \u0161epet\u0117lis 1 vnt."},"content":{"rendered":"<p>RUBELLA DENTAL Sensitive dant\u0173 \u0161epet\u0117lis 1 vnt.<br \/>\nVeiksmingas dant\u0173 \u0161epet\u0117lis jautriems dantims. &Scaron;iuolaikin\u0117s technologijos leid\u017eia \u012f dant\u0173 \u0161epet\u0117lio skaidulas prid\u0117ti sidabro, kuris pasi\u017eymi puikiomis antibakterin\u0117mis savyb\u0117mis. Specialiai sukurti mikro \u0161ereli\u0173 kuok\u0161teliai kruop\u0161\u010diai nuvalo apna\u0161as, suteikia ypating\u0105 prie\u017ei\u016br\u0105, \u0161velniai ir \u0161velniai masa\u017euoja jautrias dantenas. &Scaron;epe\u010dio rankena pagaminta i\u0161 specialiai sukurtos, 100% organi\u0161kai biologi\u0161kai skaid\u017eios med\u017eiagos.<br \/>\n&nbsp;<\/p>\n","protected":false},"excerpt":{"rendered":"<p>RUBELLA DENTAL Sensitive dant\u0173 \u0161epet\u0117lis 1 vnt. Veiksmingas dant\u0173 \u0161epet\u0117lis jautriems dantims. &Scaron;iuolaikin\u0117s technologijos leid\u017eia \u012f dant\u0173 \u0161epet\u0117lio skaidulas prid\u0117ti sidabro, kuris pasi\u017eymi puikiomis antibakterin\u0117mis savyb\u0117mis. Specialiai sukurti mikro \u0161ereli\u0173 kuok\u0161teliai kruop\u0161\u010diai nuvalo apna\u0161as, suteikia ypating\u0105 prie\u017ei\u016br\u0105, \u0161velniai ir \u0161velniai masa\u017euoja jautrias dantenas. &Scaron;epe\u010dio rankena pagaminta i\u0161 specialiai sukurtos, 100% organi\u0161kai biologi\u0161kai skaid\u017eios med\u017eiagos. &nbsp;<\/p>\n","protected":false},"featured_media":102615,"template":"","meta":[],"product_cat":[1354],"product_tag":[],"class_list":{"0":"post-44394","1":"product","2":"type-product","3":"status-publish","4":"has-post-thumbnail","6":"product_brand-rubella-bg-lt","7":"product_cat-dantu-sepeteliai","9":"first","10":"instock","11":"taxable","12":"shipping-taxable","13":"product-type-simple"},"_links":{"self":[{"href":"https:\/\/e.kosmolat.eu\/lt\/wp-json\/wp\/v2\/product\/44394","targetHints":{"allow":["GET"]}}],"collection":[{"href":"https:\/\/e.kosmolat.eu\/lt\/wp-json\/wp\/v2\/product"}],"about":[{"href":"https:\/\/e.kosmolat.eu\/lt\/wp-json\/wp\/v2\/types\/product"}],"wp:featuredmedia":[{"embeddable":true,"href":"https:\/\/e.kosmolat.eu\/lt\/wp-json\/wp\/v2\/media\/102615"}],"wp:attachment":[{"href":"https:\/\/e.kosmolat.eu\/lt\/wp-json\/wp\/v2\/media?parent=44394"}],"wp:term":[{"taxonomy":"product_cat","embeddable":true,"href":"https:\/\/e.kosmolat.eu\/lt\/wp-json\/wp\/v2\/product_cat?post=44394"},{"taxonomy":"product_tag","embeddable":true,"href":"https:\/\/e.kosmolat.eu\/lt\/wp-json\/wp\/v2\/product_tag?post=44394"}],"curies":[{"name":"wp","href":"https:\/\/api.w.org\/{rel}","templated":true}]}}