{"id":44390,"date":"2024-02-02T05:07:57","date_gmt":"2024-02-02T05:07:57","guid":{"rendered":"https:\/\/e.kosmolat.eu\/product\/dental-anti-bacterial-parodontit-zobu-birste-1-gab\/"},"modified":"2026-04-23T07:39:35","modified_gmt":"2026-04-23T07:39:35","slug":"dental-anti-bacterial-parodontit-zobu-birste-1-gab","status":"publish","type":"product","link":"https:\/\/e.kosmolat.eu\/lt\/produktas\/dental-anti-bacterial-parodontit-zobu-birste-1-gab\/","title":{"rendered":"DENTAL Anti-Bacterial Parodontit dant\u0173 \u0161epet\u0117lis 1 vnt."},"content":{"rendered":"<p>RUBELLA DENTAL Anti-Bacterial Parodontit dant\u0173 \u0161epet\u0117lis 1 vnt.<br \/>\nSpecialus dant\u0173 \u0161epet\u0117lis \u017emon\u0117ms, sergantiems gingivitu, periodontitu ir periodonto ligomis. Dant\u0173 \u0161epet\u0117lis sukurtas specialiai u\u017edegimini\u0173 ir jautri\u0173 danten\u0173 prie\u017ei\u016brai. &Scaron;iuolaikin\u0117s technologijos leid\u017eia \u012f dant\u0173 \u0161epet\u0117lio skaidulas prid\u0117ti Sidabro, kuris pasi\u017eymi puikiomis antibakterin\u0117mis savyb\u0117mis. Specialiai sukurti prie\u017ei\u016bros mikro \u0161eri\u0173 kuok\u0161teliai nuvalo apna\u0161as, suteikia ypating\u0105 prie\u017ei\u016br\u0105, \u0161velniai ir \u0161velniai masa\u017euoja jautrias dantenas. &Scaron;epet\u0117lio rankena pagaminta i\u0161 specialiai sukurtos, 100% organi\u0161kai biologi\u0161kai skaid\u017eios med\u017eiagos.<br \/>\n&nbsp;<\/p>\n","protected":false},"excerpt":{"rendered":"<p>RUBELLA DENTAL Anti-Bacterial Parodontit dant\u0173 \u0161epet\u0117lis 1 vnt. Specialus dant\u0173 \u0161epet\u0117lis \u017emon\u0117ms, sergantiems gingivitu, periodontitu ir periodonto ligomis. Dant\u0173 \u0161epet\u0117lis sukurtas specialiai u\u017edegimini\u0173 ir jautri\u0173 danten\u0173 prie\u017ei\u016brai. &Scaron;iuolaikin\u0117s technologijos leid\u017eia \u012f dant\u0173 \u0161epet\u0117lio skaidulas prid\u0117ti Sidabro, kuris pasi\u017eymi puikiomis antibakterin\u0117mis savyb\u0117mis. Specialiai sukurti prie\u017ei\u016bros mikro \u0161eri\u0173 kuok\u0161teliai nuvalo apna\u0161as, suteikia ypating\u0105 prie\u017ei\u016br\u0105, \u0161velniai ir \u0161velniai [&#8230;]\n","protected":false},"featured_media":101570,"template":"","meta":[],"product_cat":[2181],"product_tag":[],"class_list":{"0":"post-44390","1":"product","2":"type-product","3":"status-publish","4":"has-post-thumbnail","6":"product_brand-rubella-bg-lt","7":"product_cat-bez-kategorijas-lt","9":"first","10":"instock","11":"taxable","12":"shipping-taxable","13":"product-type-simple"},"_links":{"self":[{"href":"https:\/\/e.kosmolat.eu\/lt\/wp-json\/wp\/v2\/product\/44390","targetHints":{"allow":["GET"]}}],"collection":[{"href":"https:\/\/e.kosmolat.eu\/lt\/wp-json\/wp\/v2\/product"}],"about":[{"href":"https:\/\/e.kosmolat.eu\/lt\/wp-json\/wp\/v2\/types\/product"}],"wp:featuredmedia":[{"embeddable":true,"href":"https:\/\/e.kosmolat.eu\/lt\/wp-json\/wp\/v2\/media\/101570"}],"wp:attachment":[{"href":"https:\/\/e.kosmolat.eu\/lt\/wp-json\/wp\/v2\/media?parent=44390"}],"wp:term":[{"taxonomy":"product_cat","embeddable":true,"href":"https:\/\/e.kosmolat.eu\/lt\/wp-json\/wp\/v2\/product_cat?post=44390"},{"taxonomy":"product_tag","embeddable":true,"href":"https:\/\/e.kosmolat.eu\/lt\/wp-json\/wp\/v2\/product_tag?post=44390"}],"curies":[{"name":"wp","href":"https:\/\/api.w.org\/{rel}","templated":true}]}}