{"id":44382,"date":"2024-02-02T05:07:39","date_gmt":"2024-02-02T05:07:39","guid":{"rendered":"https:\/\/e.kosmolat.eu\/product\/dental-charcoal-zobu-birste-soft-1-gab\/"},"modified":"2026-04-20T10:20:22","modified_gmt":"2026-04-20T10:20:22","slug":"dental-charcoal-zobu-birste-soft-1-gab","status":"publish","type":"product","link":"https:\/\/e.kosmolat.eu\/lt\/produktas\/dental-charcoal-zobu-birste-soft-1-gab\/","title":{"rendered":"DENTAL  Dant\u0173 \u0161epet\u0117lis Anglis (Ypa\u010d mink\u0161tas) 1 vnt."},"content":{"rendered":"<p>RUBELLA DENTAL Anglies dant\u0173 \u0161epet\u0117lis (Ypa\u010d mink\u0161tas) 1 vnt.<br \/>\nDant\u0173 \u0161epet\u0117lis pagamintas naudojant technologij\u0105, leid\u017eian\u010di\u0105 maksimaliai pa\u0161alinti apna\u0161as ir i\u0161valyti danten\u0173 audinius. Mink\u0161tos skaidulos, kuri\u0173 sud\u0117tyje yra aktyvintos anglies, \u0161velniai masa\u017euoja dantenas ir apsaugo dant\u0173 emal\u012f nuo apna\u0161\u0173. Rankena pagaminta i\u0161 specialios biologi\u0161kai skaid\u017eios med\u017eiagos.<br \/>\n&nbsp;<\/p>\n","protected":false},"excerpt":{"rendered":"<p>RUBELLA DENTAL Anglies dant\u0173 \u0161epet\u0117lis (Ypa\u010d mink\u0161tas) 1 vnt. Dant\u0173 \u0161epet\u0117lis pagamintas naudojant technologij\u0105, leid\u017eian\u010di\u0105 maksimaliai pa\u0161alinti apna\u0161as ir i\u0161valyti danten\u0173 audinius. Mink\u0161tos skaidulos, kuri\u0173 sud\u0117tyje yra aktyvintos anglies, \u0161velniai masa\u017euoja dantenas ir apsaugo dant\u0173 emal\u012f nuo apna\u0161\u0173. Rankena pagaminta i\u0161 specialios biologi\u0161kai skaid\u017eios med\u017eiagos. &nbsp;<\/p>\n","protected":false},"featured_media":100268,"template":"","meta":[],"product_cat":[1354],"product_tag":[],"class_list":{"0":"post-44382","1":"product","2":"type-product","3":"status-publish","4":"has-post-thumbnail","6":"product_brand-rubella-bg-lt","7":"product_cat-dantu-sepeteliai","9":"first","10":"instock","11":"taxable","12":"shipping-taxable","13":"product-type-simple"},"_links":{"self":[{"href":"https:\/\/e.kosmolat.eu\/lt\/wp-json\/wp\/v2\/product\/44382","targetHints":{"allow":["GET"]}}],"collection":[{"href":"https:\/\/e.kosmolat.eu\/lt\/wp-json\/wp\/v2\/product"}],"about":[{"href":"https:\/\/e.kosmolat.eu\/lt\/wp-json\/wp\/v2\/types\/product"}],"wp:featuredmedia":[{"embeddable":true,"href":"https:\/\/e.kosmolat.eu\/lt\/wp-json\/wp\/v2\/media\/100268"}],"wp:attachment":[{"href":"https:\/\/e.kosmolat.eu\/lt\/wp-json\/wp\/v2\/media?parent=44382"}],"wp:term":[{"taxonomy":"product_cat","embeddable":true,"href":"https:\/\/e.kosmolat.eu\/lt\/wp-json\/wp\/v2\/product_cat?post=44382"},{"taxonomy":"product_tag","embeddable":true,"href":"https:\/\/e.kosmolat.eu\/lt\/wp-json\/wp\/v2\/product_tag?post=44382"}],"curies":[{"name":"wp","href":"https:\/\/api.w.org\/{rel}","templated":true}]}}