{"id":44354,"date":"2024-02-02T05:06:12","date_gmt":"2024-02-02T05:06:12","guid":{"rendered":"https:\/\/e.kosmolat.eu\/product\/dental-pro-kids-bernu-zobu-pasta-0-3-50-ml\/"},"modified":"2025-02-10T14:44:27","modified_gmt":"2025-02-10T14:44:27","slug":"dental-pro-kids-bernu-zobu-pasta-0-3-50-ml","status":"publish","type":"product","link":"https:\/\/e.kosmolat.eu\/lt\/produktas\/dental-pro-kids-bernu-zobu-pasta-0-3-50-ml\/","title":{"rendered":"DENTAL PRO Vaiki\u0161ka dant\u0173 pasta Kids 0-3, 50 ml"},"content":{"rendered":"<p>Specialiai sukurta gelin\u0117 formul\u0117, pasi\u017eymi ma\u017eu abrazyvumu ir didele valymo galia. Suteikia pirm\u0105j\u0105 k\u016bdikio dant\u0173 ir danten\u0173 apsaug\u0105. Sud\u0117tyje n\u0117ra fluoro, &scaron;velniai pri\u017ei\u016bri pieninius dantis ir gle\u017enas dantenas. Sud\u0117tyje yra raminan\u010dio ramun\u0117li\u0173 ekstrakto ir ksilitolio &ndash; nat\u016bralaus saldiklio, kuris apsaugo nuo ertmi\u0173 susidarymo. Turi malon\u0173 vanil\u0117s aromat\u0105.<\/p>\n<p><strong>Naudojimas:<\/strong> i&scaron;spauskite \u017eirnio dyd\u017eio dant\u0173 pastos kiek\u012f ant vaiko dant\u0173 &scaron;epet\u0117lio ar pir&scaron;to galiuko. &Scaron;velniai valykite dantis, dantenas, lie\u017euv\u012f. Naudoti pri\u017ei\u016brint t\u0117vams.<br \/>\n&nbsp;<\/p>\n","protected":false},"excerpt":{"rendered":"<p>Specialiai sukurta gelin\u0117 formul\u0117, pasi\u017eymi ma\u017eu abrazyvumu ir didele valymo galia. Suteikia pirm\u0105j\u0105 k\u016bdikio dant\u0173 ir danten\u0173 apsaug\u0105. Sud\u0117tyje n\u0117ra fluoro, &scaron;velniai pri\u017ei\u016bri pieninius dantis ir gle\u017enas dantenas. Sud\u0117tyje yra raminan\u010dio ramun\u0117li\u0173 ekstrakto ir ksilitolio &ndash; nat\u016bralaus saldiklio, kuris apsaugo nuo ertmi\u0173 susidarymo. Turi malon\u0173 vanil\u0117s aromat\u0105. Naudojimas: i&scaron;spauskite \u017eirnio dyd\u017eio dant\u0173 pastos kiek\u012f ant [&#8230;]\n","protected":false},"featured_media":44356,"template":"","meta":[],"product_cat":[1337],"product_tag":[],"class_list":{"0":"post-44354","1":"product","2":"type-product","3":"status-publish","4":"has-post-thumbnail","6":"product_brand-rubella-inopharm-dental-deba-mistergroomer-topten-quackquack-lt","7":"product_cat-burnos-higiena","9":"first","10":"outofstock","11":"taxable","12":"shipping-taxable","13":"product-type-simple"},"_links":{"self":[{"href":"https:\/\/e.kosmolat.eu\/lt\/wp-json\/wp\/v2\/product\/44354","targetHints":{"allow":["GET"]}}],"collection":[{"href":"https:\/\/e.kosmolat.eu\/lt\/wp-json\/wp\/v2\/product"}],"about":[{"href":"https:\/\/e.kosmolat.eu\/lt\/wp-json\/wp\/v2\/types\/product"}],"wp:featuredmedia":[{"embeddable":true,"href":"https:\/\/e.kosmolat.eu\/lt\/wp-json\/wp\/v2\/media\/44356"}],"wp:attachment":[{"href":"https:\/\/e.kosmolat.eu\/lt\/wp-json\/wp\/v2\/media?parent=44354"}],"wp:term":[{"taxonomy":"product_cat","embeddable":true,"href":"https:\/\/e.kosmolat.eu\/lt\/wp-json\/wp\/v2\/product_cat?post=44354"},{"taxonomy":"product_tag","embeddable":true,"href":"https:\/\/e.kosmolat.eu\/lt\/wp-json\/wp\/v2\/product_tag?post=44354"}],"curies":[{"name":"wp","href":"https:\/\/api.w.org\/{rel}","templated":true}]}}