{"id":44338,"date":"2024-02-02T05:05:35","date_gmt":"2024-02-02T05:05:35","guid":{"rendered":"https:\/\/e.kosmolat.eu\/product\/gardenia-smarzudens-sievietem-90-ml\/"},"modified":"2025-09-20T02:59:17","modified_gmt":"2025-09-20T02:59:17","slug":"gardenia-smarzudens-sievietem-90-ml","status":"publish","type":"product","link":"https:\/\/e.kosmolat.eu\/lt\/produktas\/gardenia-smarzudens-sievietem-90-ml\/","title":{"rendered":"FLAVIO NERI Gardenia Parfumuotas vanduo  moterims, 90 ml"},"content":{"rendered":"<p><strong>Kvap\u0173 &scaron;eima:<\/strong> g\u0117li\u0173, vaisi\u0173.<\/p>\n<p><strong>Vir&scaron;utin\u0117s natos:<\/strong> kriau&scaron;\u0117s, raudonos uogos.<br \/>\n<strong>&Scaron;irdies natos:<\/strong> gardenija, frangipani<br \/>\n<strong>Pagrindin\u0117s natos:<\/strong> pa\u010diuliai, cukranendri\u0173 cukrus.<\/p>\n<p>Etilo alkoholio t\u016brin\u0117 dalis 80 t\u016brio proc.<\/p>\n<p>Laikyti nuo +5 &deg;\u0421 iki +25 &deg;\u0421 temperat\u016broje sausoje vietoje, toliau nuo &scaron;ildymo prietais\u0173, saugoti nuo tiesiogini\u0173 saul\u0117s spinduli\u0173.<br \/>\n&nbsp;<\/p>\n","protected":false},"excerpt":{"rendered":"<p>Kvap\u0173 &scaron;eima: g\u0117li\u0173, vaisi\u0173. Vir&scaron;utin\u0117s natos: kriau&scaron;\u0117s, raudonos uogos. &Scaron;irdies natos: gardenija, frangipani Pagrindin\u0117s natos: pa\u010diuliai, cukranendri\u0173 cukrus. Etilo alkoholio t\u016brin\u0117 dalis 80 t\u016brio proc. Laikyti nuo +5 &deg;\u0421 iki +25 &deg;\u0421 temperat\u016broje sausoje vietoje, toliau nuo &scaron;ildymo prietais\u0173, saugoti nuo tiesiogini\u0173 saul\u0117s spinduli\u0173. &nbsp;<\/p>\n","protected":false},"featured_media":90486,"template":"","meta":[],"product_cat":[1447],"product_tag":[],"class_list":{"0":"post-44338","1":"product","2":"type-product","3":"status-publish","4":"has-post-thumbnail","6":"product_brand-parfum-by-lt","7":"product_cat-kvepalai-ir-tualetinis-vanduo-moterims","9":"first","10":"outofstock","11":"taxable","12":"shipping-taxable","13":"product-type-simple"},"_links":{"self":[{"href":"https:\/\/e.kosmolat.eu\/lt\/wp-json\/wp\/v2\/product\/44338","targetHints":{"allow":["GET"]}}],"collection":[{"href":"https:\/\/e.kosmolat.eu\/lt\/wp-json\/wp\/v2\/product"}],"about":[{"href":"https:\/\/e.kosmolat.eu\/lt\/wp-json\/wp\/v2\/types\/product"}],"wp:featuredmedia":[{"embeddable":true,"href":"https:\/\/e.kosmolat.eu\/lt\/wp-json\/wp\/v2\/media\/90486"}],"wp:attachment":[{"href":"https:\/\/e.kosmolat.eu\/lt\/wp-json\/wp\/v2\/media?parent=44338"}],"wp:term":[{"taxonomy":"product_cat","embeddable":true,"href":"https:\/\/e.kosmolat.eu\/lt\/wp-json\/wp\/v2\/product_cat?post=44338"},{"taxonomy":"product_tag","embeddable":true,"href":"https:\/\/e.kosmolat.eu\/lt\/wp-json\/wp\/v2\/product_tag?post=44338"}],"curies":[{"name":"wp","href":"https:\/\/api.w.org\/{rel}","templated":true}]}}