{"id":44330,"date":"2024-02-02T05:05:18","date_gmt":"2024-02-02T05:05:18","guid":{"rendered":"https:\/\/e.kosmolat.eu\/product\/moy-smarzudens-sievietem-90-ml\/"},"modified":"2026-04-01T07:50:54","modified_gmt":"2026-04-01T07:50:54","slug":"moy-smarzudens-sievietem-90-ml","status":"publish","type":"product","link":"https:\/\/e.kosmolat.eu\/lt\/produktas\/moy-smarzudens-sievietem-90-ml\/","title":{"rendered":"FLAVIO NERI Moy Parfumuotas vanduo  moterims, 90 ml"},"content":{"rendered":"<p><strong>Kvap\u0173 &scaron;eima:<\/strong> g\u0117li\u0173, medienos.<\/p>\n<p><strong>Vir&scaron;utin\u0117s natos: <\/strong>levandos, bergamot\u0117s.<br \/>\n<strong>&Scaron;irdies natos:<\/strong> jazminas sambakas, ro\u017e\u0117, vilkdalgis.<br \/>\n<strong>Pagrindin\u0117s natos:<\/strong> sandalmedis, Tai\u010dio vanil\u0117, pa\u010diuliai, benzoinas, saldymedis, kumarinas.<\/p>\n<p>Etilo alkoholio t\u016brin\u0117 dalis 80 t\u016brio proc<\/p>\n<p>Laikyti nuo +5 &deg;\u0421 iki +25 &deg;\u0421 temperat\u016broje sausoje vietoje, toliau nuo &scaron;ildymo prietais\u0173, saugoti nuo tiesiogini\u0173 saul\u0117s spinduli\u0173.<br \/>\n&nbsp;<\/p>\n","protected":false},"excerpt":{"rendered":"<p>Kvap\u0173 &scaron;eima: g\u0117li\u0173, medienos. Vir&scaron;utin\u0117s natos: levandos, bergamot\u0117s. &Scaron;irdies natos: jazminas sambakas, ro\u017e\u0117, vilkdalgis. Pagrindin\u0117s natos: sandalmedis, Tai\u010dio vanil\u0117, pa\u010diuliai, benzoinas, saldymedis, kumarinas. Etilo alkoholio t\u016brin\u0117 dalis 80 t\u016brio proc Laikyti nuo +5 &deg;\u0421 iki +25 &deg;\u0421 temperat\u016broje sausoje vietoje, toliau nuo &scaron;ildymo prietais\u0173, saugoti nuo tiesiogini\u0173 saul\u0117s spinduli\u0173. &nbsp;<\/p>\n","protected":false},"featured_media":90482,"template":"","meta":[],"product_cat":[1447],"product_tag":[],"class_list":{"0":"post-44330","1":"product","2":"type-product","3":"status-publish","4":"has-post-thumbnail","6":"product_brand-parfum-by-lt","7":"product_cat-kvepalai-ir-tualetinis-vanduo-moterims","9":"first","10":"outofstock","11":"taxable","12":"shipping-taxable","13":"product-type-simple"},"_links":{"self":[{"href":"https:\/\/e.kosmolat.eu\/lt\/wp-json\/wp\/v2\/product\/44330","targetHints":{"allow":["GET"]}}],"collection":[{"href":"https:\/\/e.kosmolat.eu\/lt\/wp-json\/wp\/v2\/product"}],"about":[{"href":"https:\/\/e.kosmolat.eu\/lt\/wp-json\/wp\/v2\/types\/product"}],"wp:featuredmedia":[{"embeddable":true,"href":"https:\/\/e.kosmolat.eu\/lt\/wp-json\/wp\/v2\/media\/90482"}],"wp:attachment":[{"href":"https:\/\/e.kosmolat.eu\/lt\/wp-json\/wp\/v2\/media?parent=44330"}],"wp:term":[{"taxonomy":"product_cat","embeddable":true,"href":"https:\/\/e.kosmolat.eu\/lt\/wp-json\/wp\/v2\/product_cat?post=44330"},{"taxonomy":"product_tag","embeddable":true,"href":"https:\/\/e.kosmolat.eu\/lt\/wp-json\/wp\/v2\/product_tag?post=44330"}],"curies":[{"name":"wp","href":"https:\/\/api.w.org\/{rel}","templated":true}]}}