{"id":44326,"date":"2024-02-02T05:05:03","date_gmt":"2024-02-02T05:05:03","guid":{"rendered":"https:\/\/e.kosmolat.eu\/product\/bd-kids-univers-bernu-krems-ar-klingerit-un-sunisa-ekstra-75-ml\/"},"modified":"2025-08-14T12:57:02","modified_gmt":"2025-08-14T12:57:02","slug":"i_bd-kids-univers-bernu-krems-ar-klingerit-un-sunisa-ekstra-75-ml","status":"publish","type":"product","link":"https:\/\/e.kosmolat.eu\/lt\/produktas\/i_bd-kids-univers-bernu-krems-ar-klingerit-un-sunisa-ekstra-75-ml\/","title":{"rendered":"I_BEAUTYDERM Universalus k\u016bdiki\u0173 kremas su medetk\u0173 ir laki\u0161i\u0173 ekstraktais, 75 ml"},"content":{"rendered":"<p>Skatina gil\u0173 k\u016bdikio odos maitinim\u0105. Idealiai tinka kasdieniam naudojimui.<\/p>\n<p>Aktyv\u016bs ingredientai:<\/p>\n<ul>\n<li>Medetk\u0173 ir varnal\u0117\u0161\u0173 ekstraktai padeda nuraminti od\u0105 ir i\u0161vengti paraudim\u0173.<\/li>\n<li>Makadamij\u0173 ir argano aliejai padeda maitinti od\u0105.<\/li>\n<li>Pantenolis padeda suma\u017einti odos u\u017edegim\u0105.<\/li>\n<\/ul>\n<p><strong>Naudojimas: <\/strong>Tepkite krem\u0105 ant \u0161varios ir sausos odos masa\u017eo judesiais, kol visi\u0161kai \u012fsigers.<\/p>\n<p><strong>Atsargiai:<\/strong> prie\u0161 naudodami produkt\u0105 turite i\u0161bandyti ant nedidelio odos ploto. Jei pasirei\u0161kia alergin\u0117 reakcija, nustokite vartoti. Tik i\u0161oriniam naudojimui.<\/p>\n<p><strong>Kontraindikacijos:<\/strong> individualus jautrumas vaisto sudedamosioms dalims. Laikyti nuo +5&deg;C iki +25&deg;C temperat\u016broje, o santykin\u0117 oro dr\u0117gm\u0117 55-70%, apsaugota nuo tiesiogini\u0173 saul\u0117s spinduli\u0173, ne ma\u017eesniu kaip 1 m atstumu nuo auk\u0161tos temperat\u016bros \u0161altini\u0173.<\/p>\n<p><strong>Geriausia: <\/strong>36 m\u0117n. nuo pagaminimo datos<br \/>\n&nbsp;<\/p>\n","protected":false},"excerpt":{"rendered":"<p>Skatina gil\u0173 k\u016bdikio odos maitinim\u0105. Idealiai tinka kasdieniam naudojimui. Aktyv\u016bs ingredientai: Medetk\u0173 ir varnal\u0117\u0161\u0173 ekstraktai padeda nuraminti od\u0105 ir i\u0161vengti paraudim\u0173. Makadamij\u0173 ir argano aliejai padeda maitinti od\u0105. Pantenolis padeda suma\u017einti odos u\u017edegim\u0105. Naudojimas: Tepkite krem\u0105 ant \u0161varios ir sausos odos masa\u017eo judesiais, kol visi\u0161kai \u012fsigers. Atsargiai: prie\u0161 naudodami produkt\u0105 turite i\u0161bandyti ant nedidelio odos [&#8230;]\n","protected":false},"featured_media":12277,"template":"","meta":[],"product_cat":[1363],"product_tag":[],"class_list":{"0":"post-44326","1":"product","2":"type-product","3":"status-publish","4":"has-post-thumbnail","6":"product_brand-naturpro_ua-lt","7":"product_cat-kuno-prieziuros-kosmetika","9":"first","10":"outofstock","11":"taxable","12":"shipping-taxable","13":"product-type-simple"},"_links":{"self":[{"href":"https:\/\/e.kosmolat.eu\/lt\/wp-json\/wp\/v2\/product\/44326","targetHints":{"allow":["GET"]}}],"collection":[{"href":"https:\/\/e.kosmolat.eu\/lt\/wp-json\/wp\/v2\/product"}],"about":[{"href":"https:\/\/e.kosmolat.eu\/lt\/wp-json\/wp\/v2\/types\/product"}],"wp:featuredmedia":[{"embeddable":true,"href":"https:\/\/e.kosmolat.eu\/lt\/wp-json\/wp\/v2\/media\/12277"}],"wp:attachment":[{"href":"https:\/\/e.kosmolat.eu\/lt\/wp-json\/wp\/v2\/media?parent=44326"}],"wp:term":[{"taxonomy":"product_cat","embeddable":true,"href":"https:\/\/e.kosmolat.eu\/lt\/wp-json\/wp\/v2\/product_cat?post=44326"},{"taxonomy":"product_tag","embeddable":true,"href":"https:\/\/e.kosmolat.eu\/lt\/wp-json\/wp\/v2\/product_tag?post=44326"}],"curies":[{"name":"wp","href":"https:\/\/api.w.org\/{rel}","templated":true}]}}